{"id":1260,"date":"2022-06-15T15:13:37","date_gmt":"2022-07-04T15:46:21","guid":{"rendered":"https:\/\/italdibipack.bozzaonline.it\/prodotto\/swing\/"},"modified":"2024-10-07T07:25:52","modified_gmt":"2024-10-07T07:25:52","slug":"swing","status":"publish","type":"product","link":"https:\/\/www.italdibipack.com\/es\/producto\/swing\/","title":{"rendered":"SWING"},"content":{"rendered":"<h3>LA PRIMERA RETRACTILADORA TOTALMENTE EN TECNOPOLIMERO<\/h3>\n<p>LA PRIMERA RETRACTILADORA TOTALMENTE EN TECNOPOLIMERO. SwingPAT\u00a0<strong>es un nuevo \u201c<\/strong><em>concept<\/em><strong>\u201d de selladora<\/strong>, un nuevo modo de interpretar la confeccionadora termoretractil creando un sorprendente cambio de imagen y del material estructural, d\u00e1ndole pues a la m\u00e1quina una imagen inimitable, pero mejorando tambi\u00e9n el nivel cualitativo y tecnol\u00f3gico de la entera m\u00e1quina y optimizando el entero proceso de fabricaci\u00f3n.<\/p>\n<p>LA PRIMERA RETRACTILADORA TOTALMENTE EN TECNOPOLIMERO. SwingPAT\u00a0<strong>es un nuevo \u201c<\/strong><em>concept<\/em><strong>\u201d de selladora<\/strong>, un nuevo modo de interpretar la confeccionadora termoretractil creando un sorprendente cambio de imagen y del material estructural, d\u00e1ndole pues a la m\u00e1quina una imagen inimitable, pero mejorando tambi\u00e9n el nivel cualitativo y tecnol\u00f3gico de la entera m\u00e1quina y optimizando el entero proceso de fabricaci\u00f3n.<\/p>\n<p>SwingPAT es la primera retractiladora aut\u00f3noma de campana en el mundo con una estructura totalmente en tecno-pol\u00edmero, en Baydur\u00ae, un material pl\u00e1stico high-tech producto par la empresa Bayer AG, equivalente al metal laminado por les caracter\u00edsticas termales y mec\u00e1nicas, pero que confiere a la\u00a0 m\u00e1quina algunos \u201cplus\u201d tecnol\u00f3gicos, en primer lugar un elevado grado de aislamiento el\u00e9ctrico, la dureza de la superficie, la inercia qu\u00edmica, la posibilidad de pintar la m\u00e1quina perfectamente, etc.<\/p>\n<p>Por esta raz\u00f3n en 2006 le \u201cSalon de l\u2019Emballage\u201d de Par\u00eds ha premiado\u00a0Swing\u00a0como la m\u00e1quina la muy innovadora por su tecnolog\u00eda y su seguridad de trabajo.<\/p>\n<p>La elecci\u00f3n de ese material pl\u00e1stico\u00a0high-tech\u00a0fue determinada por motivos t\u00e9cnicos-constructivos-funcionales, pero tambi\u00e9n\u00a0por ampliar el campo de aplicaci\u00f3n de las retractiladoras: basta mirar y tocar\u00a0 las m\u00e1quinas\u00a0Swing\u00a0por comprender que son ideales por las industrias de dulces, alimentos, f\u00e1rmacos, artes gr\u00e1ficas \u00a0y del vasto mundo del comercio y de distribuci\u00f3n. Estos son les sectores en los cuales Swing\u00a0ha logrado un grande \u00e9xito, tambi\u00e9n gracias a su\u00a0appeal\u00a0est\u00e9tico que es inusual por una retractiladora.<\/p>\n<ul>\n<li>\n<div align=\"justify\">Control completamente electr\u00f3nico del ciclo de trabajo<\/div>\n<\/li>\n<li>\n<div align=\"justify\">Panel de control digital incorporado a lado de la campana<\/div>\n<\/li>\n<li>\n<div align=\"justify\">8 posibles programas de funcionamiento memorizables<\/div>\n<\/li>\n<li>\n<div align=\"justify\">Posibilidad de accionar la retracci\u00f3n al final de soldadura<\/div>\n<\/li>\n<li>\n<div align=\"justify\">Regulaci\u00f3n autom\u00e1tica del tiempo de soldadura (la m\u00e1quina adecua autom\u00e1ticamente el tiempo de soldadura en relaci\u00f3n a la velocidad de empaque).<\/div>\n<\/li>\n<li>\n<div align=\"justify\">Sistema de mantenimiento de cerradura de las campanas por el tiempo de retracci\u00f3n (regulable)<\/div>\n<\/li>\n<li>\n<div align=\"justify\">Posible dejar la campana despu\u00e9s el paro de la ventilaci\u00f3n para eliminar la salida de aire caliente al final de ciclo.<\/div>\n<\/li>\n<li>\n<div align=\"justify\">Sistema de refrigeraci\u00f3n por la termostataci\u00f3n de las barras de soldadura incluido<\/div>\n<\/li>\n<li>\n<div align=\"justify\">Funci\u00f3n de estand-by despu\u00e9s de un tiempo de utilizaci\u00f3n registrable<\/div>\n<\/li>\n<li>\n<div align=\"justify\">Cuentapiezas incluido<\/div>\n<\/li>\n<li>\n<div align=\"justify\">Forma c\u00f3ncava de lado delantero de la m\u00e1quina para consentir mejores condici\u00f3nes de trabajo<\/div>\n<\/li>\n<li>\n<div align=\"justify\">Carro y recogedor de desperdicio bajo pedido<\/div>\n<\/li>\n<li>\n<div align=\"justify\">La m\u00e1quina trabaja con PVC (<strong>BLUE FILM<\/strong>), film poliolefinicos termosadadores a calor y eventualmente termoretr\u00e1ctiladores (<strong>GREEN FILM<\/strong>\u00a0\u2013\u00a0<strong>GOLDEN FILM<\/strong>).<\/div>\n<\/li>\n<\/ul>\n<p align=\"justify\">M\u00e1quina fabricada seg\u00fan normas CE<\/p>\n<p>&nbsp;<\/p>\n","protected":false},"excerpt":{"rendered":"<h3>LA PRIMERA RETRACTILADORA TOTALMENTE EN TECNOPOLIMERO<\/h3>\n<p>LA PRIMERA RETRACTILADORA TOTALMENTE EN TECNOPOLIMERO. SwingPAT\u00a0<strong>es un nuevo \u201c<\/strong><em>concept<\/em><strong>\u201d de selladora<\/strong>, un nuevo modo de interpretar la confeccionadora termoretractil creando un sorprendente cambio de imagen y del material estructural, d\u00e1ndole pues a la m\u00e1quina una imagen inimitable, pero mejorando tambi\u00e9n el nivel cualitativo y tecnol\u00f3gico de la entera m\u00e1quina y optimizando el entero proceso de fabricaci\u00f3n.<\/p>\n","protected":false},"featured_media":16464,"template":"","meta":{"_acf_changed":false,"_seopress_robots_primary_cat":"","_seopress_titles_title":"SWING: Envasadora en Tecnopol\u00edmero | ITALDIBIPACK","_seopress_titles_desc":"La primera envasadora termorretr\u00e1ctil realizada completamente en tecnopol\u00edmero. \u00danica por su aislamiento el\u00e9ctrico.","_seopress_robots_index":"","_eb_attr":"","_gspb_post_css":"","_kad_blocks_custom_css":"","_kad_blocks_head_custom_js":"","_kad_blocks_body_custom_js":"","_kad_blocks_footer_custom_js":"","_eb_data_table":"","_kad_post_transparent":"default","_kad_post_title":"","_kad_post_layout":"default","_kad_post_sidebar_id":"","_kad_post_content_style":"default","_kad_post_vertical_padding":"default","_kad_post_feature":"","_kad_post_feature_position":"","_kad_post_header":false,"_kad_post_footer":false,"_kad_post_classname":""},"product_brand":[],"product_cat":[263,130],"product_tag":[],"settore_applicazione":[],"campo_applicativo":[],"class_list":{"0":"post-1260","1":"product","2":"type-product","3":"status-publish","4":"has-post-thumbnail","6":"product_cat-embalaje-retractil","7":"product_cat-soldadoras-termoretractiles-manuales-de-campana","9":"first","10":"instock","11":"taxable","12":"shipping-taxable","13":"product-type-simple","14":"entry","15":"content-bg","16":"loop-entry"},"acf":[],"taxonomy_info":{"product_cat":[{"value":263,"label":"embalaje retr\u00e1ctil"},{"value":130,"label":"Soldadoras termoretr\u00e1ctiles manuales de campana"}]},"featured_image_src_large":["https:\/\/www.italdibipack.com\/wp-content\/uploads\/2024\/02\/SWING-macchine-confezionatrici-confezionatrici-manuali-termoretraibili-ITALDIBIPACK-griglia-1024x1024.jpg",1024,1024,true],"author_info":[],"comment_info":"","_links":{"self":[{"href":"https:\/\/www.italdibipack.com\/es\/wp-json\/wp\/v2\/product\/1260","targetHints":{"allow":["GET"]}}],"collection":[{"href":"https:\/\/www.italdibipack.com\/es\/wp-json\/wp\/v2\/product"}],"about":[{"href":"https:\/\/www.italdibipack.com\/es\/wp-json\/wp\/v2\/types\/product"}],"wp:featuredmedia":[{"embeddable":true,"href":"https:\/\/www.italdibipack.com\/es\/wp-json\/wp\/v2\/media\/16464"}],"wp:attachment":[{"href":"https:\/\/www.italdibipack.com\/es\/wp-json\/wp\/v2\/media?parent=1260"}],"wp:term":[{"taxonomy":"product_brand","embeddable":true,"href":"https:\/\/www.italdibipack.com\/es\/wp-json\/wp\/v2\/product_brand?post=1260"},{"taxonomy":"product_cat","embeddable":true,"href":"https:\/\/www.italdibipack.com\/es\/wp-json\/wp\/v2\/product_cat?post=1260"},{"taxonomy":"product_tag","embeddable":true,"href":"https:\/\/www.italdibipack.com\/es\/wp-json\/wp\/v2\/product_tag?post=1260"},{"taxonomy":"settore_applicazione","embeddable":true,"href":"https:\/\/www.italdibipack.com\/es\/wp-json\/wp\/v2\/settore_applicazione?post=1260"},{"taxonomy":"campo_applicativo","embeddable":true,"href":"https:\/\/www.italdibipack.com\/es\/wp-json\/wp\/v2\/campo_applicativo?post=1260"}],"curies":[{"name":"wp","href":"https:\/\/api.w.org\/{rel}","templated":true}]}}