{"id":1263,"date":"2022-06-15T15:13:37","date_gmt":"2022-07-04T15:46:21","guid":{"rendered":"https:\/\/italdibipack.bozzaonline.it\/prodotto\/dibipack-85130\/"},"modified":"2024-10-07T07:34:12","modified_gmt":"2024-10-07T07:34:12","slug":"dibipack-85130","status":"publish","type":"product","link":"https:\/\/www.italdibipack.com\/es\/producto\/dibipack-85130\/","title":{"rendered":"DIBIPACK 85130"},"content":{"rendered":"<h3>LA NUEVA \u201cGIGANTE\u201d DEL TERMORETRACTABLE<\/h3>\n<p><span style=\"color: #000000;\">La selladora termoretractil Dibipack 85130 es la novedad Italdibipack de las confeccionadoras EXTRA-GRANDE, las Dibipack BIG, los modelos m\u00e1s grandes. Proyectada para dar una respuesta ganadora a las nuevas exigencias de un confeccionamiento grande por tama\u00f1o y por capacidad de confeccionamiento, Dibipack 85130 a\u00f1ade tambi\u00e9n elevadas prestaciones. Ideal para confeccionar productos de superficies amplias como cuadros, paneles, etc.<\/span><\/p>\n<p>Excelente resultado obtenido par el team R&amp;D Italdibipack que ha juntado todas las necesidades de el mercado y ha transformado las en una soluci\u00f3n de \u00e9xito, esta \u201cgigante\u201d mandar\u00e1 en \u201cpensi\u00f3n\u201d los modelosDibipack 75125 y Dibipack 85150 gracias a sus nuevas dimensi\u00f3nes de soldadura (850 x 1300 mm ) que pueden cubrir un campo m\u00e0s amplio de dimensi\u00f3n de producto.<br \/>\nEsto nuevo modelo tiene las mismas caracteristicas tecnicas de las confeccionadoras de la linea Dibipackpero con alguna peculiaridad: por ejemplo un doble dispositivo de mantenimiento de cerradura de la campana para el tiempo de la retracci\u00f3n, y un doble ventilador para una mejor circulaci\u00f3n del aire durante la retracci\u00f3n del film.<br \/>\nLa m\u00e1quina trabaja con film termosoldante y termoretractil como PVC (BLUE FILM) o film poliolefinico (GREEN FILM \u2013 GOLDEN FILM)<br \/>\nM\u00e1quina fabricada seg\u00fan las normas CE<\/p>\n","protected":false},"excerpt":{"rendered":"<h3>LA NUEVA \u201cGIGANTE\u201d DEL TERMORETRACTABLE<\/h3>\n<p><span style=\"color: #000000;\">La selladora termoretractil Dibipack 85130 es la novedad Italdibipack de las confeccionadoras EXTRA-GRANDE, las Dibipack BIG, los modelos m\u00e1s grandes. Proyectada para dar una respuesta ganadora a las nuevas exigencias de un confeccionamiento grande por tama\u00f1o y por capacidad de confeccionamiento, Dibipack 85130 a\u00f1ade tambi\u00e9n elevadas prestaciones. Ideal para confeccionar productos de superficies amplias como cuadros, paneles, etc.<\/span><\/p>\n","protected":false},"featured_media":15394,"template":"","meta":{"_acf_changed":false,"_seopress_robots_primary_cat":"","_seopress_titles_title":"DIBIPACK 85130: Embalaje Extra Large | ITALDIBIPACK","_seopress_titles_desc":"La versi\u00f3n extra large de la gama Dibipack para el embalaje de productos industriales de grandes dimensiones.","_seopress_robots_index":"","_eb_attr":"","_gspb_post_css":"","_kad_blocks_custom_css":"","_kad_blocks_head_custom_js":"","_kad_blocks_body_custom_js":"","_kad_blocks_footer_custom_js":"","_eb_data_table":"","_kad_post_transparent":"default","_kad_post_title":"","_kad_post_layout":"default","_kad_post_sidebar_id":"","_kad_post_content_style":"default","_kad_post_vertical_padding":"default","_kad_post_feature":"","_kad_post_feature_position":"","_kad_post_header":false,"_kad_post_footer":false,"_kad_post_classname":""},"product_brand":[],"product_cat":[263,130],"product_tag":[],"settore_applicazione":[],"campo_applicativo":[],"class_list":{"0":"post-1263","1":"product","2":"type-product","3":"status-publish","4":"has-post-thumbnail","6":"product_cat-embalaje-retractil","7":"product_cat-soldadoras-termoretractiles-manuales-de-campana","9":"first","10":"instock","11":"taxable","12":"shipping-taxable","13":"product-type-simple","14":"entry","15":"content-bg","16":"loop-entry"},"acf":[],"taxonomy_info":{"product_cat":[{"value":263,"label":"embalaje retr\u00e1ctil"},{"value":130,"label":"Soldadoras termoretr\u00e1ctiles manuales de campana"}]},"featured_image_src_large":["https:\/\/www.italdibipack.com\/wp-content\/uploads\/2024\/02\/DIBIPACK-85130-macchine-confezionatrici-confezionatrici-manuali-termoretraibili-ITALDIBIPACK-griglia-1024x1024.jpg",1024,1024,true],"author_info":[],"comment_info":"","_links":{"self":[{"href":"https:\/\/www.italdibipack.com\/es\/wp-json\/wp\/v2\/product\/1263","targetHints":{"allow":["GET"]}}],"collection":[{"href":"https:\/\/www.italdibipack.com\/es\/wp-json\/wp\/v2\/product"}],"about":[{"href":"https:\/\/www.italdibipack.com\/es\/wp-json\/wp\/v2\/types\/product"}],"wp:featuredmedia":[{"embeddable":true,"href":"https:\/\/www.italdibipack.com\/es\/wp-json\/wp\/v2\/media\/15394"}],"wp:attachment":[{"href":"https:\/\/www.italdibipack.com\/es\/wp-json\/wp\/v2\/media?parent=1263"}],"wp:term":[{"taxonomy":"product_brand","embeddable":true,"href":"https:\/\/www.italdibipack.com\/es\/wp-json\/wp\/v2\/product_brand?post=1263"},{"taxonomy":"product_cat","embeddable":true,"href":"https:\/\/www.italdibipack.com\/es\/wp-json\/wp\/v2\/product_cat?post=1263"},{"taxonomy":"product_tag","embeddable":true,"href":"https:\/\/www.italdibipack.com\/es\/wp-json\/wp\/v2\/product_tag?post=1263"},{"taxonomy":"settore_applicazione","embeddable":true,"href":"https:\/\/www.italdibipack.com\/es\/wp-json\/wp\/v2\/settore_applicazione?post=1263"},{"taxonomy":"campo_applicativo","embeddable":true,"href":"https:\/\/www.italdibipack.com\/es\/wp-json\/wp\/v2\/campo_applicativo?post=1263"}],"curies":[{"name":"wp","href":"https:\/\/api.w.org\/{rel}","templated":true}]}}