{"id":1265,"date":"2022-06-15T15:13:37","date_gmt":"2022-07-04T15:46:21","guid":{"rendered":"https:\/\/italdibipack.bozzaonline.it\/prodotto\/espert-7555-ev\/"},"modified":"2024-07-15T17:08:28","modified_gmt":"2024-07-15T17:08:28","slug":"espert-7555-ev","status":"publish","type":"product","link":"https:\/\/www.italdibipack.com\/es\/producto\/espert-7555-ev\/","title":{"rendered":"ESPERT 7555 EV"},"content":{"rendered":"<h3>CONFECCIONAMIENTO TERMORETRACTILE SEMIAUTOMATICO: SOLDADORA A \u201cL\u201d Y TUNEL DE RETRACTION POR PRODUCTOS DE GRANDE TAMANO<\/h3>\n<p>Selladora en \u00abL\u00bb y t\u00fanel proyectados para un usuario que necesite de un funcionamiento autom\u00e1tico en el que el operario no tiene otras cosas que hacer que introducir\/poner el objeto a confeccionar en el film y moverlo a la zona de soldadura, todo el ciclo restante ( soldadura, salida del producto, transporte en el horno) se fracciona autom\u00e1ticamente. El sistema de retractilado semiautom\u00e1tico es ideales para medias-altas producci\u00f3nes que necessitan de empacar solos y m\u00faltiples productos. Es f\u00e1cil cambiar el tama\u00f1o seg\u00fan les dimenci\u00f3nes y la forma de el producto. Una alternativa \u00e0 las retractiladoras por aumentar la producci\u00f3n.<\/p>\n<p>&nbsp;<\/p>\n<p>Una alternativa \u00e0 las retractiladoras por aumentar la producci\u00f3n..<\/p>\n<ul>\n<li>Dise\u00f1o innovativo<\/li>\n<li>Alta calidad de fabricaci\u00f3n<\/li>\n<li>Grandes prestaciones productivas<\/li>\n<li>Ciclo de funcionamiento completamente autom\u00e1tico<\/li>\n<li>Funcionamiento pneum\u00e1tico: la cerradura del marco de soldadura se pone en marcha atrav\u00e9s de un cilindro pneum\u00e1tico; en este punto la cinta de soldadura empieza a ponerse en marcha y trasporta el producto confeccionado dentro del horno para la retracci\u00f3n.<\/li>\n<li>Bajada y reapertura de las barras de soldadura ( con pedal o automaticamente), tiempo de soldadura y tiempo de adelantamiento de la cinta en la zona de soldadura regulables<\/li>\n<li>Es posible regular la altura del marco en base al producto<\/li>\n<li>Es posible controlar el tiempo y la temperatura de soldadura<\/li>\n<li>Para garantizar la seguridad de las manos del operario hay un sistema de seguridad seg\u00fan normativa CE<\/li>\n<li>Dos cintas independientes, una en la zona de soldadura y la otra en el t\u00fanel de retracci\u00f3n.<\/li>\n<li>El t\u00fanel de retracci\u00f3n, inclu\u00eddo en la estructura de la m\u00e1quina, dispone de una cinta de barras que tiene una velocidad regulable por medio de un potenci\u00f3metro anal\u00f3gico puesto en el cuadro de mando. El mismo t\u00fanel dispone de parcializaci\u00f3n del aire para obtener la mejor retracci\u00f3n tambi\u00e9n en los casos m\u00e1s dif\u00edciles<\/li>\n<li>Optiones: Cinta de regreso de rodillos locos, recogedor de disperdicio<\/li>\n<li>La m\u00e1quina trabaja con PVC (BLUE FILM), film poliolefini termosaldante de calor y termoretr\u00e1ctil (GREEN FILM, GOLDEN FILM)<\/li>\n<\/ul>\n<p>&nbsp;<\/p>\n<p>M\u00e1quina fabricada seg\u00fan normativas CE<\/p>\n","protected":false},"excerpt":{"rendered":"<h3>CONFECCIONAMIENTO TERMORETRACTILE SEMIAUTOMATICO: SOLDADORA A \u201cL\u201d Y TUNEL DE RETRACTION POR PRODUCTOS DE GRANDE TAMANO<\/h3>\n<p>Selladora en \u00abL\u00bb y t\u00fanel proyectados para un usuario que necesite de un funcionamiento autom\u00e1tico en el que el operario no tiene otras cosas que hacer que introducir\/poner el objeto a confeccionar en el film y moverlo a la zona de soldadura, todo el ciclo restante ( soldadura, salida del producto, transporte en el horno) se fracciona autom\u00e1ticamente. El sistema de retractilado semiautom\u00e1tico es ideales para medias-altas producci\u00f3nes que necessitan de empacar solos y m\u00faltiples productos. Es f\u00e1cil cambiar el tama\u00f1o seg\u00fan les dimenci\u00f3nes y la forma de el producto. Una alternativa \u00e0 las retractiladoras por aumentar la producci\u00f3n.<\/p>\n<p>&nbsp;<\/p>\n","protected":false},"featured_media":15584,"template":"","meta":{"_acf_changed":false,"_seopress_robots_primary_cat":"","_seopress_titles_title":"ESPERT 7555 EV: Soldadora Profesional | ITALDIBIPACK","_seopress_titles_desc":"La Espert 7555 EV es la soldadora en L ideal para quienes exigen rapidez y precisi\u00f3n en diversos productos.","_seopress_robots_index":"","_eb_attr":"","_gspb_post_css":"","_kad_blocks_custom_css":"","_kad_blocks_head_custom_js":"","_kad_blocks_body_custom_js":"","_kad_blocks_footer_custom_js":"","_eb_data_table":"","_kad_post_transparent":"default","_kad_post_title":"","_kad_post_layout":"default","_kad_post_sidebar_id":"","_kad_post_content_style":"default","_kad_post_vertical_padding":"default","_kad_post_feature":"","_kad_post_feature_position":"","_kad_post_header":false,"_kad_post_footer":false,"_kad_post_classname":""},"product_brand":[],"product_cat":[263,131],"product_tag":[],"settore_applicazione":[],"campo_applicativo":[],"class_list":{"0":"post-1265","1":"product","2":"type-product","3":"status-publish","4":"has-post-thumbnail","6":"product_cat-embalaje-retractil","7":"product_cat-termoretractiladoras-angulares-con-tunel-de-retraccion-semiautomaticas","9":"first","10":"instock","11":"taxable","12":"shipping-taxable","13":"product-type-simple","14":"entry","15":"content-bg","16":"loop-entry"},"acf":[],"taxonomy_info":{"product_cat":[{"value":263,"label":"embalaje retr\u00e1ctil"},{"value":131,"label":"Termoretr\u00e1ctiladoras angulares con t\u00fanel de retracci\u00f3n semiautom\u00e1ticas"}]},"featured_image_src_large":["https:\/\/www.italdibipack.com\/wp-content\/uploads\/2024\/02\/ESPERT-7555-macchine-confezionatrici-confezionatrici-con-tunnel-di-retrazione-semi-automatiche-ITALDIBIPACK-griglia-1024x1024.jpg",1024,1024,true],"author_info":[],"comment_info":"","_links":{"self":[{"href":"https:\/\/www.italdibipack.com\/es\/wp-json\/wp\/v2\/product\/1265","targetHints":{"allow":["GET"]}}],"collection":[{"href":"https:\/\/www.italdibipack.com\/es\/wp-json\/wp\/v2\/product"}],"about":[{"href":"https:\/\/www.italdibipack.com\/es\/wp-json\/wp\/v2\/types\/product"}],"wp:featuredmedia":[{"embeddable":true,"href":"https:\/\/www.italdibipack.com\/es\/wp-json\/wp\/v2\/media\/15584"}],"wp:attachment":[{"href":"https:\/\/www.italdibipack.com\/es\/wp-json\/wp\/v2\/media?parent=1265"}],"wp:term":[{"taxonomy":"product_brand","embeddable":true,"href":"https:\/\/www.italdibipack.com\/es\/wp-json\/wp\/v2\/product_brand?post=1265"},{"taxonomy":"product_cat","embeddable":true,"href":"https:\/\/www.italdibipack.com\/es\/wp-json\/wp\/v2\/product_cat?post=1265"},{"taxonomy":"product_tag","embeddable":true,"href":"https:\/\/www.italdibipack.com\/es\/wp-json\/wp\/v2\/product_tag?post=1265"},{"taxonomy":"settore_applicazione","embeddable":true,"href":"https:\/\/www.italdibipack.com\/es\/wp-json\/wp\/v2\/settore_applicazione?post=1265"},{"taxonomy":"campo_applicativo","embeddable":true,"href":"https:\/\/www.italdibipack.com\/es\/wp-json\/wp\/v2\/campo_applicativo?post=1265"}],"curies":[{"name":"wp","href":"https:\/\/api.w.org\/{rel}","templated":true}]}}