{"id":1266,"date":"2022-06-15T15:13:37","date_gmt":"2022-07-04T15:46:21","guid":{"rendered":"https:\/\/italdibipack.bozzaonline.it\/prodotto\/espert-11580\/"},"modified":"2024-07-15T17:09:08","modified_gmt":"2024-07-15T17:09:08","slug":"espert-11580","status":"publish","type":"product","link":"https:\/\/www.italdibipack.com\/es\/producto\/espert-11580\/","title":{"rendered":"ESPERT 11580"},"content":{"rendered":"<h3>CONFECCIONADORAS TERMORETRACTILES SEMIAUTOMATICAS COMPACTAS<\/h3>\n<p>Estos son modelos proyectados para ser usados por parte de un utilizador que necesite de un funcionamiento autom\u00e1tico en que el operador no tiene m\u00e1s que poner el objeto a confeccionar en el pl\u00e1stico y moverlo en la zona de soldadura, pu\u00e9s todo el resto del ciclo (soldadura, salida del producto, transporte en el horno) est\u00e1 hecho autom\u00e1ticamente. La cerradura del marco de soldadura est\u00e1 hecha atrav\u00e9s de un cilindro pneum\u00e1tico, en este punto se fracciona el marco de soldadura que transporta el produco confeccionado dentro del horno para la retracci\u00f3n.<\/p>\n<p>Es posible controlar el itempo, la temperatura de soldadura y regular la altura del marco en base al producto para garantizar la seguridad de las manos del operario hay un sistema de seguridad por normativa CEE. El t\u00fanel de retracci\u00f3n, inclu\u00ecdo en la estructura de la m\u00e1quina, dispone de una cinta de barras que tiene una velocidad regulable por medio de un potenci\u00f3metro anal\u00f3gico puesto en el cuadro de mando. El mismo t\u00fanel dispone de aislamiento del aire para obtener la mejor retracci\u00f3n tambi\u00e9n en los casos m\u00e1s dificiles. Ideales para peque\u00f1as y medias producciones.<\/p>\n<ul>\n<li>Alta calidad de fabricaci\u00f3n<\/li>\n<li>Grandes prestaciones productivas<\/li>\n<li>Soldadura con empuje controlada autom\u00e1ticamente<\/li>\n<li>Ancho mesa de carga<\/li>\n<li>Soporte porta bobinas registrable puesto bajo de la mesa de trabajo<\/li>\n<li>T\u00ednel de retracci\u00f3n con altos rendimentos y bajo consumo.<\/li>\n<li>Ciclo de funcionamiento completamente autom\u00e1tico.<\/li>\n<li>Bajada y reapertura de las barras de soldadura, tiempo de soldadura y tiempo de adelantamiento de la cinta en la zona de soldadura regulables.<\/li>\n<li>Principales opciones disponibles bajo pedido: cinta de rodillos, recogedor de desperdicio,<\/li>\n<li>La m\u00e1quina trabaja con PVC (BLUE FILM), film poliolefina termosaldante a calor y termoretr\u00e1ctil (GREEN FILM, GOLDEN FILM).<\/li>\n<\/ul>\n<p>M\u00e1quina fabricada seg\u00fan normativas CEE<\/p>\n","protected":false},"excerpt":{"rendered":"<h3>CONFECCIONADORAS TERMORETRACTILES SEMIAUTOMATICAS COMPACTAS<\/h3>\n<p>Estos son modelos proyectados para ser usados por parte de un utilizador que necesite de un funcionamiento autom\u00e1tico en que el operador no tiene m\u00e1s que poner el objeto a confeccionar en el pl\u00e1stico y moverlo en la zona de soldadura, pu\u00e9s todo el resto del ciclo (soldadura, salida del producto, transporte en el horno) est\u00e1 hecho autom\u00e1ticamente. La cerradura del marco de soldadura est\u00e1 hecha atrav\u00e9s de un cilindro pneum\u00e1tico, en este punto se fracciona el marco de soldadura que transporta el produco confeccionado dentro del horno para la retracci\u00f3n.<\/p>\n","protected":false},"featured_media":15599,"template":"","meta":{"_acf_changed":false,"_seopress_robots_primary_cat":"","_seopress_titles_title":"ESPERT 11580: Soldadora Formato XL | ITALDIBIPACK","_seopress_titles_desc":"M\u00e1xima versatilidad para el embalaje de productos voluminosos con la serie Espert 11580. Alta eficiencia.","_seopress_robots_index":"","_eb_attr":"","_gspb_post_css":"","_kad_blocks_custom_css":"","_kad_blocks_head_custom_js":"","_kad_blocks_body_custom_js":"","_kad_blocks_footer_custom_js":"","_eb_data_table":"","_kad_post_transparent":"default","_kad_post_title":"","_kad_post_layout":"default","_kad_post_sidebar_id":"","_kad_post_content_style":"default","_kad_post_vertical_padding":"default","_kad_post_feature":"","_kad_post_feature_position":"","_kad_post_header":false,"_kad_post_footer":false,"_kad_post_classname":""},"product_brand":[],"product_cat":[263,131],"product_tag":[],"settore_applicazione":[],"campo_applicativo":[],"class_list":{"0":"post-1266","1":"product","2":"type-product","3":"status-publish","4":"has-post-thumbnail","6":"product_cat-embalaje-retractil","7":"product_cat-termoretractiladoras-angulares-con-tunel-de-retraccion-semiautomaticas","9":"first","10":"instock","11":"taxable","12":"shipping-taxable","13":"product-type-simple","14":"entry","15":"content-bg","16":"loop-entry"},"acf":[],"taxonomy_info":{"product_cat":[{"value":263,"label":"embalaje retr\u00e1ctil"},{"value":131,"label":"Termoretr\u00e1ctiladoras angulares con t\u00fanel de retracci\u00f3n semiautom\u00e1ticas"}]},"featured_image_src_large":["https:\/\/www.italdibipack.com\/wp-content\/uploads\/2024\/02\/ESPERT-11580-macchine-confezionatrici-confezionatrici-con-tunnel-di-retrazione-semi-automatiche-ITALDIBIPACK-griglia-1024x1024.jpg",1024,1024,true],"author_info":[],"comment_info":"","_links":{"self":[{"href":"https:\/\/www.italdibipack.com\/es\/wp-json\/wp\/v2\/product\/1266","targetHints":{"allow":["GET"]}}],"collection":[{"href":"https:\/\/www.italdibipack.com\/es\/wp-json\/wp\/v2\/product"}],"about":[{"href":"https:\/\/www.italdibipack.com\/es\/wp-json\/wp\/v2\/types\/product"}],"wp:featuredmedia":[{"embeddable":true,"href":"https:\/\/www.italdibipack.com\/es\/wp-json\/wp\/v2\/media\/15599"}],"wp:attachment":[{"href":"https:\/\/www.italdibipack.com\/es\/wp-json\/wp\/v2\/media?parent=1266"}],"wp:term":[{"taxonomy":"product_brand","embeddable":true,"href":"https:\/\/www.italdibipack.com\/es\/wp-json\/wp\/v2\/product_brand?post=1266"},{"taxonomy":"product_cat","embeddable":true,"href":"https:\/\/www.italdibipack.com\/es\/wp-json\/wp\/v2\/product_cat?post=1266"},{"taxonomy":"product_tag","embeddable":true,"href":"https:\/\/www.italdibipack.com\/es\/wp-json\/wp\/v2\/product_tag?post=1266"},{"taxonomy":"settore_applicazione","embeddable":true,"href":"https:\/\/www.italdibipack.com\/es\/wp-json\/wp\/v2\/settore_applicazione?post=1266"},{"taxonomy":"campo_applicativo","embeddable":true,"href":"https:\/\/www.italdibipack.com\/es\/wp-json\/wp\/v2\/campo_applicativo?post=1266"}],"curies":[{"name":"wp","href":"https:\/\/api.w.org\/{rel}","templated":true}]}}