{"id":1267,"date":"2022-06-15T15:13:37","date_gmt":"2022-07-04T15:46:21","guid":{"rendered":"https:\/\/italdibipack.bozzaonline.it\/prodotto\/mecpack-five-star\/"},"modified":"2025-10-24T08:09:13","modified_gmt":"2025-10-24T08:09:13","slug":"mecpack-five-star","status":"publish","type":"product","link":"https:\/\/www.italdibipack.com\/es\/producto\/mecpack-five-star\/","title":{"rendered":"MECPACK FIVE STARS"},"content":{"rendered":"<h3>L\u00cdNEA DE EMBALAJE \u00a0RETR\u00c1CTIL TOTALMENTE AUTOM\u00c1TICA. NIVEL TECNOL\u00d3GICO MUY ALTO.<\/h3>\n<p>La nueva MECPACK FIVE STARS TOUCH es el resultado de 50 a\u00f1os de experiencia en la producci\u00f3n y aplicaci\u00f3n del Grupo Italdibipack en m\u00e1quinas autom\u00e1ticas de soldadura angular. Dise\u00f1o sobrio pero moderno, tecnolog\u00eda de vanguardia, atenci\u00f3n a los detalles m\u00e1s peque\u00f1os; extremadamente f\u00e1cil de usar y extraordinariamente funcional. Combinado con el t\u00fanel de retracci\u00f3n 5525 EV con varillas de fibra especiales, es una l\u00ednea de envasado autom\u00e1tica compacta y eficiente. <strong>Se pueden a\u00f1adir m\u00f3dulos de conexi\u00f3n para asistencia online y para el control de gesti\u00f3n industrial 4.0<\/strong><\/p>\n<p><span style=\"color: #003366;\"><strong>MECPACK FIVE STARS STD<\/strong><\/span><\/p>\n<ul>\n<li>Panel de control electr\u00f3nico con interfaz de operador TOUCH-SENSITIVE e INTUITIVE para permitir la mejor y m\u00e1s sencilla gesti\u00f3n de todas las funciones de la m\u00e1quina (concebida por R + D Italdibipack)<\/li>\n<li>Almacenamiento de varios programas de trabajo personalizados<\/li>\n<li>Control de temperatura independiente de las cuchillas de soldadura<\/li>\n<li>Tiempo de soldadura controlado por microprocesador<\/li>\n<li>Barras de sellado recubiertas de tefl\u00f3n<\/li>\n<li>Fotoc\u00e9lula doble para determinar la longitud del paquete (bolsa) en relaci\u00f3n con el tama\u00f1o del producto<\/li>\n<li>Bandas transportadoras de carga \/ descarga motorizadas equipadas con inversor, tambi\u00e9n la unidad de pel\u00edcula<\/li>\n<li>Envasado individual o m\u00faltiple<\/li>\n<li>Tambi\u00e9n es posible envasar productos que son dif\u00edciles de leer en la fotoc\u00e9lula<\/li>\n<li>Carga continua de piezas<\/li>\n<li>Cuenta piezas<\/li>\n<li>La m\u00e1quina funciona con todas las pel\u00edculas termoretr\u00e1ctiles y no retr\u00e1ctiles, notoriamente adecuadas para uso en L-selladores calientes con barras calientes<\/li>\n<li>Disponible en la versi\u00f3n BIG para los que necesitan confeccionar productos de grandes dimensiones<\/li>\n<\/ul>\n<p>&nbsp;<\/p>\n<p>&nbsp;<\/p>\n<p><span style=\"color: #003366;\"><strong>MECPACK FIVE STARS TOUCH<\/strong><\/span><\/p>\n<ul>\n<li>M\u00e1quina con control electr\u00f3nico basada en un PLC Mitsubishi 32 Bit<\/li>\n<li>Alta velocidad de transmisi\u00f3n de datos de software (\u00faltima generaci\u00f3n de Mitsubishi) que permite la precisi\u00f3n absoluta del conjunto de par\u00e1metros de trabajo (comienzo\/final\/soldadura\/velocidad)<\/li>\n<li>Control del t\u00fanel de retracci\u00f3n en todos sus par\u00e1metros de trabajo directamente desde la pantalla de la m\u00e1quina, incluido el enfriamiento autom\u00e1tico cuando se apaga<\/li>\n<li>Ajuste de la velocidad y control de las aceleraciones de los inverters directamente desde la pantalla<\/li>\n<li>Velocidad de trabajo de la cinta aumentada hasta un m\u00e1ximo de 30 mt\/1\u2019<\/li>\n<li>Sistema de control de temperatura de soldadura y del horno de retracci\u00f3n desde el m\u00e9todo ON\/OFF al m\u00e9todo PID, con una mayor precisi\u00f3n y mantenimiento de las temperaturas establecidas<\/li>\n<li>Control de pantalla, en modo manual, del avance del producto, soldadura, remolque del film y evacuaci\u00f3n del producto<\/li>\n<li>Alarmas de diagn\u00f3stico, mal funcionamiento e intervenciones de seguridad legibles en la pantalla (m\u00e1s de 40 controles diferentes)<\/li>\n<li>Capacidad para controlar el n\u00famero de piezas producidas en disminuci\u00f3n con la visualizaci\u00f3n de la producci\u00f3n parcial y total<\/li>\n<li>M\u00e1s de 100 programas que se pueden almacenar con todos sus par\u00e1metros de trabajo<\/li>\n<li>Control de fin del pl\u00e1stico (de la bobina) encendido\/apagado<\/li>\n<li>Control de ruptura desperdicio del film encendido\/apagado<\/li>\n<li>Control recoge desperdicio lleno<\/li>\n<li>Posibilidad de sincronizaci\u00f3n con cinta de carga externa<\/li>\n<li>Opci\u00f3n de carga continua; la cinta de carga no se detiene durante la soldadura<\/li>\n<li>Opci\u00f3n de descarga continua; la cinta de salida no se detiene durante la soldadura<\/li>\n<li>Capacidad de realizar paquetes con varios productos, es decir, contar los productos entrantes antes de soldar el pl\u00e1stico<\/li>\n<li>Capacidad de suspender la soldadura para permitir que los productos pasen continuamente<\/li>\n<li>Capacidad de ejecutar un sobre cronometrando, o sea que, en lugar de efectuar la lectura de la longitud con la fotoc\u00e9lula, se controla dando un tiempo desde la llegada del producto (\u00fatil por ejemplo en el caso de productos extra\u00f1amente legibles o no legibles completamente de la fotoc\u00e9lulas)<\/li>\n<\/ul>\n<p>&nbsp;<\/p>\n<p>M\u00e1quinas fabricadas seg\u00fan normativas CE<\/p>\n","protected":false},"excerpt":{"rendered":"<h3>L\u00cdNEA DE EMBALAJE \u00a0RETR\u00c1CTIL TOTALMENTE AUTOM\u00c1TICA. NIVEL TECNOL\u00d3GICO MUY ALTO.<\/h3>\n<p>La nueva MECPACK FIVE STARS TOUCH es el resultado de 50 a\u00f1os de experiencia en la producci\u00f3n y aplicaci\u00f3n del Grupo Italdibipack en m\u00e1quinas autom\u00e1ticas de soldadura angular. Dise\u00f1o sobrio pero moderno, tecnolog\u00eda de vanguardia, atenci\u00f3n a los detalles m\u00e1s peque\u00f1os; extremadamente f\u00e1cil de usar y extraordinariamente funcional. Combinado con el t\u00fanel de retracci\u00f3n 5525 EV con varillas de fibra especiales, es una l\u00ednea de envasado autom\u00e1tica compacta y eficiente. <strong>Se pueden a\u00f1adir m\u00f3dulos de conexi\u00f3n para asistencia online y para el control de gesti\u00f3n industrial 4.0<\/strong><\/p>\n","protected":false},"featured_media":16294,"template":"","meta":{"_acf_changed":false,"_seopress_robots_primary_cat":"none","_seopress_titles_title":"MECPACK FIVE STARS: L\u00ednea Autom\u00e1tica | ITALDIBIPACK","_seopress_titles_desc":"Soldadora en L completamente autom\u00e1tica para m\u00e1ximas prestaciones de producci\u00f3n. Fiabilidad e innovaci\u00f3n.","_seopress_robots_index":"","_eb_attr":"","_gspb_post_css":"","_kad_blocks_custom_css":"","_kad_blocks_head_custom_js":"","_kad_blocks_body_custom_js":"","_kad_blocks_footer_custom_js":"","_eb_data_table":"","_kad_post_transparent":"default","_kad_post_title":"","_kad_post_layout":"default","_kad_post_sidebar_id":"","_kad_post_content_style":"default","_kad_post_vertical_padding":"default","_kad_post_feature":"","_kad_post_feature_position":"","_kad_post_header":false,"_kad_post_footer":false,"_kad_post_classname":""},"product_brand":[],"product_cat":[263,132],"product_tag":[],"settore_applicazione":[],"campo_applicativo":[],"class_list":{"0":"post-1267","1":"product","2":"type-product","3":"status-publish","4":"has-post-thumbnail","6":"product_cat-embalaje-retractil","7":"product_cat-soldadoras-angulares-con-tunel-de-retraccion-automaticas","9":"first","10":"instock","11":"taxable","12":"shipping-taxable","13":"product-type-simple","14":"entry","15":"content-bg","16":"loop-entry"},"acf":[],"taxonomy_info":{"product_cat":[{"value":263,"label":"embalaje retr\u00e1ctil"},{"value":132,"label":"Soldadoras angulares con t\u00fanel de retracci\u00f3n autom\u00e1ticas"}]},"featured_image_src_large":["https:\/\/www.italdibipack.com\/wp-content\/uploads\/2024\/02\/MECPACK-FIVE-STARS-TOUCH-macchine-confezionatrici-confezionatrici-angolari-a-L-ITALDIBIPACK-griglia-1024x1024.jpg",1024,1024,true],"author_info":[],"comment_info":"","_links":{"self":[{"href":"https:\/\/www.italdibipack.com\/es\/wp-json\/wp\/v2\/product\/1267","targetHints":{"allow":["GET"]}}],"collection":[{"href":"https:\/\/www.italdibipack.com\/es\/wp-json\/wp\/v2\/product"}],"about":[{"href":"https:\/\/www.italdibipack.com\/es\/wp-json\/wp\/v2\/types\/product"}],"wp:featuredmedia":[{"embeddable":true,"href":"https:\/\/www.italdibipack.com\/es\/wp-json\/wp\/v2\/media\/16294"}],"wp:attachment":[{"href":"https:\/\/www.italdibipack.com\/es\/wp-json\/wp\/v2\/media?parent=1267"}],"wp:term":[{"taxonomy":"product_brand","embeddable":true,"href":"https:\/\/www.italdibipack.com\/es\/wp-json\/wp\/v2\/product_brand?post=1267"},{"taxonomy":"product_cat","embeddable":true,"href":"https:\/\/www.italdibipack.com\/es\/wp-json\/wp\/v2\/product_cat?post=1267"},{"taxonomy":"product_tag","embeddable":true,"href":"https:\/\/www.italdibipack.com\/es\/wp-json\/wp\/v2\/product_tag?post=1267"},{"taxonomy":"settore_applicazione","embeddable":true,"href":"https:\/\/www.italdibipack.com\/es\/wp-json\/wp\/v2\/settore_applicazione?post=1267"},{"taxonomy":"campo_applicativo","embeddable":true,"href":"https:\/\/www.italdibipack.com\/es\/wp-json\/wp\/v2\/campo_applicativo?post=1267"}],"curies":[{"name":"wp","href":"https:\/\/api.w.org\/{rel}","templated":true}]}}