{"id":1269,"date":"2022-06-15T15:13:37","date_gmt":"2022-07-04T15:46:21","guid":{"rendered":"https:\/\/italdibipack.bozzaonline.it\/prodotto\/mecpack-stx\/"},"modified":"2024-07-15T17:11:21","modified_gmt":"2024-07-15T17:11:21","slug":"mecpack-stx","status":"publish","type":"product","link":"https:\/\/www.italdibipack.com\/es\/producto\/mecpack-stx\/","title":{"rendered":"MECPACK STX"},"content":{"rendered":"<h3>EL CONFECCIONAMIENTO AUTOMATICO CON RELACION PRECIO\/CALIDAD IMBATIBLE<\/h3>\n<p>Soldadoras a \u201cL\u201d autom\u00e1ticas caracterizadas porelevadas caracteristicas de fabricaci\u00f3n y funcionales que, permiten tratar todas las tipolog\u00edas de productos de todas las formas de productos. Ideales por elevada necesidad de producci\u00f3n.<\/p>\n<p>El funcionamiento de estas m\u00e1quinas es completamente autom\u00e1tico y el operario tiene solo que apoyar el producto en la cinta de alimentaci\u00f3n porque un solo sistema de fotoc\u00e9lulas controla el entero proceso de confeccionamiento. Es muy f\u00e1cil cambiar el formato de el producto.\u00a0Es muy f\u00e1cil cambiar el formato de el producto.<\/p>\n<ul>\n<li>Soldadura temporizada<\/li>\n<li>\n<div align=\"justify\">Control electr\u00f3nico separado de la temperatura de la barra saldante.<\/div>\n<\/li>\n<li>\n<div align=\"justify\">Control del largo del producto mediante fotoc\u00e9lulas con lectura horizontal o vertical<\/div>\n<\/li>\n<li>\n<div align=\"justify\">Cinta de entrada y salida motorizada<\/div>\n<\/li>\n<li>\n<div align=\"justify\">Recogedor de desperdicio motorizado<\/div>\n<\/li>\n<li>\n<div align=\"justify\">Entrenamento film con cadenas<\/div>\n<\/li>\n<li>\n<div align=\"justify\">serie de cintas transportadoras para el confeccionamiento de productos peque\u00f1os.<\/div>\n<\/li>\n<li>\n<div align=\"justify\">Ruedas<\/div>\n<\/li>\n<li>\n<div align=\"justify\">Bajo pregunta suministramos tambien horno de aire caliente para retractilar<\/div>\n<\/li>\n<li>\n<div align=\"justify\">Film poliolefinicos monopliegados termosoldados a calor y termoretr\u00e1tiles (<strong>GREEN FILM<\/strong>\u2013\u00a0<strong>GOLDEN FILM<\/strong>)<\/div>\n<\/li>\n<\/ul>\n<p align=\"justify\">M\u00e1quina fabricada seg\u00fan normativa CE.<\/p>\n","protected":false},"excerpt":{"rendered":"<h3>EL CONFECCIONAMIENTO AUTOMATICO CON RELACION PRECIO\/CALIDAD IMBATIBLE<\/h3>\n<p>Soldadoras a \u201cL\u201d autom\u00e1ticas caracterizadas porelevadas caracteristicas de fabricaci\u00f3n y funcionales que, permiten tratar todas las tipolog\u00edas de productos de todas las formas de productos. Ideales por elevada necesidad de producci\u00f3n.<\/p>\n<p>El funcionamiento de estas m\u00e1quinas es completamente autom\u00e1tico y el operario tiene solo que apoyar el producto en la cinta de alimentaci\u00f3n porque un solo sistema de fotoc\u00e9lulas controla el entero proceso de confeccionamiento. Es muy f\u00e1cil cambiar el formato de el producto.\u00a0Es muy f\u00e1cil cambiar el formato de el producto.<\/p>\n","protected":false},"featured_media":16319,"template":"","meta":{"_acf_changed":false,"_seopress_robots_primary_cat":"","_seopress_titles_title":"MECPACK STX: Soldadora de Alta Velocidad | ITALDIBIPACK","_seopress_titles_desc":"Sistema autom\u00e1tico avanzado para el retractilado en continuo. Ideal para l\u00edneas de producci\u00f3n intensivas.","_seopress_robots_index":"","_eb_attr":"","_gspb_post_css":"","_kad_blocks_custom_css":"","_kad_blocks_head_custom_js":"","_kad_blocks_body_custom_js":"","_kad_blocks_footer_custom_js":"","_eb_data_table":"","_kad_post_transparent":"default","_kad_post_title":"","_kad_post_layout":"default","_kad_post_sidebar_id":"","_kad_post_content_style":"default","_kad_post_vertical_padding":"default","_kad_post_feature":"","_kad_post_feature_position":"","_kad_post_header":false,"_kad_post_footer":false,"_kad_post_classname":""},"product_brand":[],"product_cat":[263,132],"product_tag":[],"settore_applicazione":[],"campo_applicativo":[],"class_list":{"0":"post-1269","1":"product","2":"type-product","3":"status-publish","4":"has-post-thumbnail","6":"product_cat-embalaje-retractil","7":"product_cat-soldadoras-angulares-con-tunel-de-retraccion-automaticas","9":"first","10":"instock","11":"taxable","12":"shipping-taxable","13":"product-type-simple","14":"entry","15":"content-bg","16":"loop-entry"},"acf":[],"taxonomy_info":{"product_cat":[{"value":263,"label":"embalaje retr\u00e1ctil"},{"value":132,"label":"Soldadoras angulares con t\u00fanel de retracci\u00f3n autom\u00e1ticas"}]},"featured_image_src_large":["https:\/\/www.italdibipack.com\/wp-content\/uploads\/2024\/02\/MECPACK-STX-macchine-confezionatrici-confezionatrici-angolari-a-L-ITALDIBIPACK-griglia-1024x1024.jpg",1024,1024,true],"author_info":[],"comment_info":"","_links":{"self":[{"href":"https:\/\/www.italdibipack.com\/es\/wp-json\/wp\/v2\/product\/1269","targetHints":{"allow":["GET"]}}],"collection":[{"href":"https:\/\/www.italdibipack.com\/es\/wp-json\/wp\/v2\/product"}],"about":[{"href":"https:\/\/www.italdibipack.com\/es\/wp-json\/wp\/v2\/types\/product"}],"wp:featuredmedia":[{"embeddable":true,"href":"https:\/\/www.italdibipack.com\/es\/wp-json\/wp\/v2\/media\/16319"}],"wp:attachment":[{"href":"https:\/\/www.italdibipack.com\/es\/wp-json\/wp\/v2\/media?parent=1269"}],"wp:term":[{"taxonomy":"product_brand","embeddable":true,"href":"https:\/\/www.italdibipack.com\/es\/wp-json\/wp\/v2\/product_brand?post=1269"},{"taxonomy":"product_cat","embeddable":true,"href":"https:\/\/www.italdibipack.com\/es\/wp-json\/wp\/v2\/product_cat?post=1269"},{"taxonomy":"product_tag","embeddable":true,"href":"https:\/\/www.italdibipack.com\/es\/wp-json\/wp\/v2\/product_tag?post=1269"},{"taxonomy":"settore_applicazione","embeddable":true,"href":"https:\/\/www.italdibipack.com\/es\/wp-json\/wp\/v2\/settore_applicazione?post=1269"},{"taxonomy":"campo_applicativo","embeddable":true,"href":"https:\/\/www.italdibipack.com\/es\/wp-json\/wp\/v2\/campo_applicativo?post=1269"}],"curies":[{"name":"wp","href":"https:\/\/api.w.org\/{rel}","templated":true}]}}