{"id":1270,"date":"2022-06-15T15:13:37","date_gmt":"2022-07-04T15:46:21","guid":{"rendered":"https:\/\/italdibipack.bozzaonline.it\/prodotto\/unique\/"},"modified":"2024-07-15T17:14:43","modified_gmt":"2024-07-15T17:14:43","slug":"confezionatrici-unique","status":"publish","type":"product","link":"https:\/\/www.italdibipack.com\/es\/producto\/confezionatrici-unique\/","title":{"rendered":"UNIQUE BF EV"},"content":{"rendered":"<h3>EMBOLSADORA SEMPLIFICADA AUTOMATICA UNICA EN TODO EL MUNDO<\/h3>\n<p>UNIQUE es una flowpack atipica de grandes potencialidades. UNIQUE ofrece una respuesta concreta a todos los que quieren embolsar productos para mejorar la conservacion y la imagen de los mismos, invertendo proporcionalmente a sus necesidades junto a una gran simplicidad funcional.<\/p>\n<p>UNIQUE es una grande invenci\u00f3n: el conformador, los rodillos de arrastre, el grupo de corte y soldadura forman un conjunto de rotaci\u00f3n que permiti utilizar la m\u00e1quina y cargar el producto al mismo tiempo: en horizontal, en varias posiciones inclinada y tambien casi en vertical, garantizando infinitas posibilidades de utilizaci\u00f3n y aplicaciones.<\/p>\n<p>UNIQUE esta dotada de un sistema de gesti\u00f3n y control del ciclo de trabajo gracias a un PLC de \u00faltima generaci\u00f3n con un software proyectado y realizado por R&amp;D ITALDIBIPACK que permite al operario manejar un display touch-screen con iconos interactivos para regular los principales par\u00e1metros de trabajo: velocidad de la m\u00e1quina, temperatura de soldadura y largo de la bolsa, etc. Opcionales a pedido:<\/p>\n<ul>\n<li>Rampa de carga productos a medida<\/li>\n<li>Fotoc\u00e9lula a barrera que permite cargar tambi\u00e9n consecutivamente productos de larguezas diferentes, parametrandose en automatico.<\/li>\n<li>Fotoc\u00e9lula para leer la impresion del material<\/li>\n<li>Barra saldante transersal especial para la realizacion del \u201cforo europa\u201d<\/li>\n<li>porta rollo modificado para rollo max de 800 mm<\/li>\n<li>Sistema para injeccion gas<\/li>\n<li>Estan disponibles otros opcionales bajo pedido o bajo las exigencias del embalaje.<\/li>\n<\/ul>\n","protected":false},"excerpt":{"rendered":"<h3>EMBOLSADORA SEMPLIFICADA AUTOMATICA UNICA EN TODO EL MUNDO<\/h3>\n<p>UNIQUE es una flowpack atipica de grandes potencialidades. UNIQUE ofrece una respuesta concreta a todos los que quieren embolsar productos para mejorar la conservacion y la imagen de los mismos, invertendo proporcionalmente a sus necesidades junto a una gran simplicidad funcional.<\/p>\n<p>UNIQUE es una grande invenci\u00f3n: el conformador, los rodillos de arrastre, el grupo de corte y soldadura forman un conjunto de rotaci\u00f3n que permiti utilizar la m\u00e1quina y cargar el producto al mismo tiempo: en horizontal, en varias posiciones inclinada y tambien casi en vertical, garantizando infinitas posibilidades de utilizaci\u00f3n y aplicaciones.<\/p>\n","protected":false},"featured_media":16494,"template":"","meta":{"_acf_changed":false,"_seopress_robots_primary_cat":"","_seopress_titles_title":"UNIQUE BF EV: M\u00e1quina Flowpack | ITALDIBIPACK","_seopress_titles_desc":"Unique es la envasadora flowpack revolucionaria por su versatilidad. Adaptable a productos de diversas longitudes.","_seopress_robots_index":"","_eb_attr":"","_gspb_post_css":"","_kad_blocks_custom_css":"","_kad_blocks_head_custom_js":"","_kad_blocks_body_custom_js":"","_kad_blocks_footer_custom_js":"","_eb_data_table":"","_kad_post_transparent":"default","_kad_post_title":"","_kad_post_layout":"default","_kad_post_sidebar_id":"","_kad_post_content_style":"default","_kad_post_vertical_padding":"default","_kad_post_feature":"","_kad_post_feature_position":"","_kad_post_header":false,"_kad_post_footer":false,"_kad_post_classname":""},"product_brand":[],"product_cat":[134],"product_tag":[],"settore_applicazione":[],"campo_applicativo":[],"class_list":{"0":"post-1270","1":"product","2":"type-product","3":"status-publish","4":"has-post-thumbnail","6":"product_cat-confeccionamiento-flowpack","8":"first","9":"instock","10":"taxable","11":"shipping-taxable","12":"product-type-simple","13":"entry","14":"content-bg","15":"loop-entry"},"acf":[],"taxonomy_info":{"product_cat":[{"value":134,"label":"Confeccionamiento flowpack"}]},"featured_image_src_large":["https:\/\/www.italdibipack.com\/wp-content\/uploads\/2024\/02\/UNIQUE-BF-EV-confezionatrici-flowpack-ITALDIBIPACK-griglia-1024x1024.jpg",1024,1024,true],"author_info":[],"comment_info":"","_links":{"self":[{"href":"https:\/\/www.italdibipack.com\/es\/wp-json\/wp\/v2\/product\/1270","targetHints":{"allow":["GET"]}}],"collection":[{"href":"https:\/\/www.italdibipack.com\/es\/wp-json\/wp\/v2\/product"}],"about":[{"href":"https:\/\/www.italdibipack.com\/es\/wp-json\/wp\/v2\/types\/product"}],"wp:featuredmedia":[{"embeddable":true,"href":"https:\/\/www.italdibipack.com\/es\/wp-json\/wp\/v2\/media\/16494"}],"wp:attachment":[{"href":"https:\/\/www.italdibipack.com\/es\/wp-json\/wp\/v2\/media?parent=1270"}],"wp:term":[{"taxonomy":"product_brand","embeddable":true,"href":"https:\/\/www.italdibipack.com\/es\/wp-json\/wp\/v2\/product_brand?post=1270"},{"taxonomy":"product_cat","embeddable":true,"href":"https:\/\/www.italdibipack.com\/es\/wp-json\/wp\/v2\/product_cat?post=1270"},{"taxonomy":"product_tag","embeddable":true,"href":"https:\/\/www.italdibipack.com\/es\/wp-json\/wp\/v2\/product_tag?post=1270"},{"taxonomy":"settore_applicazione","embeddable":true,"href":"https:\/\/www.italdibipack.com\/es\/wp-json\/wp\/v2\/settore_applicazione?post=1270"},{"taxonomy":"campo_applicativo","embeddable":true,"href":"https:\/\/www.italdibipack.com\/es\/wp-json\/wp\/v2\/campo_applicativo?post=1270"}],"curies":[{"name":"wp","href":"https:\/\/api.w.org\/{rel}","templated":true}]}}