{"id":1273,"date":"2022-06-15T15:13:37","date_gmt":"2022-07-04T15:46:21","guid":{"rendered":"https:\/\/italdibipack.bozzaonline.it\/prodotto\/speed-bag-ev\/"},"modified":"2022-08-26T10:25:13","modified_gmt":"2022-08-26T10:25:13","slug":"speed-bag-ev","status":"publish","type":"product","link":"https:\/\/www.italdibipack.com\/es\/producto\/speed-bag-ev\/","title":{"rendered":"SPEED BAG EV"},"content":{"rendered":"<h3>LA SOLUCION GANADORA PARA EL EMPAQUETAJE VERTICAL<\/h3>\n<p>La empaquetadora vertical m\u00e1s sencilla, r\u00e1pida y econ\u00f3mica a resolver con \u00e9xito las diferentes necesidades del mailing moderno. Es una m\u00e1quina semiautom\u00e1tica muy simplificada como uso, porque est\u00e1 completamente controlada por una tarjeta el\u00e9ctrica: el operario solo tiene que poner el producto impreso en el cuello puesto en la parte superior de la m\u00e1quina, las restante funciones se accionan autom\u00e1ticamente. Una vez regulada la largueza del \u201ccuellicito\u201c en base al impreso a introducir, una fotoc\u00e9lula releva la cabeza y la cola del impreso accionando el desarrollo de las bobinas que permitir\u00e1n la creaci\u00f3n del sobre.<\/p>\n<p>Ideal para embolsar y hacer mailing de cat\u00e1logos, listados, manuales, peri\u00f3dicos y todo tipo de impresos.<\/p>\n<ul>\n<li>Pr\u00e1ctica y compacta<\/li>\n<li>Carga vertical<\/li>\n<li>Ciclo autom\u00e1tico<\/li>\n<li>Mandos \u201ctouch-sensitive\u201c sobre el display<\/li>\n<li>Barras de soldadura independientes; temperaturas y tiempos de soldadura controlados electr\u00f3nicamente<\/li>\n<li>Largueza del sobre regulable a trav\u00e9s de cuellecito met\u00e1llico y largura del sobre controlado por fotoc\u00e9lula: medidas del sobre hasta 350 x 270 mm<\/li>\n<li>Movimiento pneum\u00e1tico, compresor interno<\/li>\n<li>Desarrollo del film pl\u00e1stico motorizado<\/li>\n<li>Ancho mesa de apoyo para poner los productos<\/li>\n<li>Salida autom\u00e1tica de productos empaquetados<\/li>\n<li>Bajo pedido cinta motorizada para cargar productos a embolsar<\/li>\n<li>La m\u00e1quina trabaja con\u00a0polietileno transparente o impreso\u00a0(espesor 15 \/ 40)<\/li>\n<\/ul>\n<p>La m\u00e1quina fabricada seg\u00fan normas CE.<\/p>\n","protected":false},"excerpt":{"rendered":"<h3>LA SOLUCION GANADORA PARA EL EMPAQUETAJE VERTICAL<\/h3>\n<p>La empaquetadora vertical m\u00e1s sencilla, r\u00e1pida y econ\u00f3mica a resolver con \u00e9xito las diferentes necesidades del mailing moderno. Es una m\u00e1quina semiautom\u00e1tica muy simplificada como uso, porque est\u00e1 completamente controlada por una tarjeta el\u00e9ctrica: el operario solo tiene que poner el producto impreso en el cuello puesto en la parte superior de la m\u00e1quina, las restante funciones se accionan autom\u00e1ticamente. Una vez regulada la largueza del \u201ccuellicito\u201c en base al impreso a introducir, una fotoc\u00e9lula releva la cabeza y la cola del impreso accionando el desarrollo de las bobinas que permitir\u00e1n la creaci\u00f3n del sobre.<\/p>\n","protected":false},"featured_media":16562,"template":"","meta":{"_acf_changed":false,"_seopress_robots_primary_cat":"","_seopress_titles_title":"SPEED BAG EV: Embolsadora Vertical | ITALDIBIPACK","_seopress_titles_desc":"Embolsadora vertical sencilla y eficiente para el cierre de bolsas de polietileno. Ideal para cualquier sector.","_seopress_robots_index":"","_eb_attr":"","_gspb_post_css":"","_kad_blocks_custom_css":"","_kad_blocks_head_custom_js":"","_kad_blocks_body_custom_js":"","_kad_blocks_footer_custom_js":"","_eb_data_table":"","_kad_post_transparent":"","_kad_post_title":"","_kad_post_layout":"","_kad_post_sidebar_id":"","_kad_post_content_style":"","_kad_post_vertical_padding":"","_kad_post_feature":"","_kad_post_feature_position":"","_kad_post_header":false,"_kad_post_footer":false,"_kad_post_classname":""},"product_brand":[],"product_cat":[15,366],"product_tag":[],"settore_applicazione":[],"campo_applicativo":[],"class_list":{"0":"post-1273","1":"product","2":"type-product","3":"status-publish","4":"has-post-thumbnail","6":"product_cat-senza-categoria","7":"product_cat-sin-categoria","9":"first","10":"instock","11":"taxable","12":"shipping-taxable","13":"product-type-simple","14":"entry","15":"content-bg","16":"loop-entry"},"acf":[],"taxonomy_info":{"product_cat":[{"value":15,"label":"Senza categoria"},{"value":366,"label":"Sin categor\u00eda"}]},"featured_image_src_large":["https:\/\/www.italdibipack.com\/wp-content\/uploads\/2022\/06\/SPEED-BAG-EV-sistemi-di-imbustamento-ITALDIBIPACK-griglia-1024x1024.jpg",1024,1024,true],"author_info":[],"comment_info":"","_links":{"self":[{"href":"https:\/\/www.italdibipack.com\/es\/wp-json\/wp\/v2\/product\/1273","targetHints":{"allow":["GET"]}}],"collection":[{"href":"https:\/\/www.italdibipack.com\/es\/wp-json\/wp\/v2\/product"}],"about":[{"href":"https:\/\/www.italdibipack.com\/es\/wp-json\/wp\/v2\/types\/product"}],"wp:featuredmedia":[{"embeddable":true,"href":"https:\/\/www.italdibipack.com\/es\/wp-json\/wp\/v2\/media\/16562"}],"wp:attachment":[{"href":"https:\/\/www.italdibipack.com\/es\/wp-json\/wp\/v2\/media?parent=1273"}],"wp:term":[{"taxonomy":"product_brand","embeddable":true,"href":"https:\/\/www.italdibipack.com\/es\/wp-json\/wp\/v2\/product_brand?post=1273"},{"taxonomy":"product_cat","embeddable":true,"href":"https:\/\/www.italdibipack.com\/es\/wp-json\/wp\/v2\/product_cat?post=1273"},{"taxonomy":"product_tag","embeddable":true,"href":"https:\/\/www.italdibipack.com\/es\/wp-json\/wp\/v2\/product_tag?post=1273"},{"taxonomy":"settore_applicazione","embeddable":true,"href":"https:\/\/www.italdibipack.com\/es\/wp-json\/wp\/v2\/settore_applicazione?post=1273"},{"taxonomy":"campo_applicativo","embeddable":true,"href":"https:\/\/www.italdibipack.com\/es\/wp-json\/wp\/v2\/campo_applicativo?post=1273"}],"curies":[{"name":"wp","href":"https:\/\/api.w.org\/{rel}","templated":true}]}}