{"id":1275,"date":"2022-06-15T15:13:37","date_gmt":"2022-07-04T15:46:21","guid":{"rendered":"https:\/\/italdibipack.bozzaonline.it\/prodotto\/speed-bag-hs\/"},"modified":"2022-08-26T10:25:13","modified_gmt":"2022-08-26T10:25:13","slug":"speed-bag-hs","status":"publish","type":"product","link":"https:\/\/www.italdibipack.com\/es\/producto\/speed-bag-hs\/","title":{"rendered":"SPEED BAG HS"},"content":{"rendered":"<h3>EMPAQUETADORA HORIZONTAL AUTOMATICA CON ALTA VELOCIDAD<\/h3>\n<p>La propuesta de Italdibipack para realidades con necesidades de elevada productividad: un sistema de empaquetamiento absolutamente innovador con exclusivas instalaciones patentadas que garantizan alta velocidad y extraordinarias prestaciones adem\u00e1s de gran flexibilidad en los diferentes sectores aplicativos.<\/p>\n<p>Proyectado e ideado por el estaff R &amp; D de Italdibipack, este sistema se diferencia por los elevados estandard de fabricaci\u00f3n, los componentes de primera calidad y la simplicidad de uso.Ideal para embolsar peri\u00f3dicos, revistas, cat\u00e1logos, listados, manuales y todo tipo de impresos, pero tambi\u00e9n libros, billetes, CD, DVD, videocasettes, etc\u2026gracias a diversos tipos de carga y opcionales. La m\u00e1quina trabaja con<br \/>\nLa macchina lavora con\u00a0<strong>politene trasparente o stampato<\/strong>\u00a0(spessore 15\u00a0\u00f7 40)<\/p>\n<p>Macchina costruita a norme CE.<\/p>\n","protected":false},"excerpt":{"rendered":"<h3>EMPAQUETADORA HORIZONTAL AUTOMATICA CON ALTA VELOCIDAD<\/h3>\n<p>La propuesta de Italdibipack para realidades con necesidades de elevada productividad: un sistema de empaquetamiento absolutamente innovador con exclusivas instalaciones patentadas que garantizan alta velocidad y extraordinarias prestaciones adem\u00e1s de gran flexibilidad en los diferentes sectores aplicativos.<\/p>\n","protected":false},"featured_media":16590,"template":"","meta":{"_acf_changed":false,"_seopress_robots_primary_cat":"","_seopress_titles_title":"SPEED BAG HS: Embolsadora Alta Velocidad | ITALDIBIPACK","_seopress_titles_desc":"Sistema de embolsado de alta velocidad para optimizar la producci\u00f3n al final de la l\u00ednea de embalaje.","_seopress_robots_index":"","_eb_attr":"","_gspb_post_css":"","_kad_blocks_custom_css":"","_kad_blocks_head_custom_js":"","_kad_blocks_body_custom_js":"","_kad_blocks_footer_custom_js":"","_eb_data_table":"","_kad_post_transparent":"","_kad_post_title":"","_kad_post_layout":"","_kad_post_sidebar_id":"","_kad_post_content_style":"","_kad_post_vertical_padding":"","_kad_post_feature":"","_kad_post_feature_position":"","_kad_post_header":false,"_kad_post_footer":false,"_kad_post_classname":""},"product_brand":[],"product_cat":[15,366],"product_tag":[],"settore_applicazione":[],"campo_applicativo":[],"class_list":{"0":"post-1275","1":"product","2":"type-product","3":"status-publish","4":"has-post-thumbnail","6":"product_cat-senza-categoria","7":"product_cat-sin-categoria","9":"first","10":"instock","11":"taxable","12":"shipping-taxable","13":"product-type-simple","14":"entry","15":"content-bg","16":"loop-entry"},"acf":[],"taxonomy_info":{"product_cat":[{"value":15,"label":"Senza categoria"},{"value":366,"label":"Sin categor\u00eda"}]},"featured_image_src_large":["https:\/\/www.italdibipack.com\/wp-content\/uploads\/2022\/06\/SPEED-BAG-HS-sistemi-di-imbustamento-ITALDIBIPACK-griglia-1024x1024.jpg",1024,1024,true],"author_info":[],"comment_info":"","_links":{"self":[{"href":"https:\/\/www.italdibipack.com\/es\/wp-json\/wp\/v2\/product\/1275","targetHints":{"allow":["GET"]}}],"collection":[{"href":"https:\/\/www.italdibipack.com\/es\/wp-json\/wp\/v2\/product"}],"about":[{"href":"https:\/\/www.italdibipack.com\/es\/wp-json\/wp\/v2\/types\/product"}],"wp:featuredmedia":[{"embeddable":true,"href":"https:\/\/www.italdibipack.com\/es\/wp-json\/wp\/v2\/media\/16590"}],"wp:attachment":[{"href":"https:\/\/www.italdibipack.com\/es\/wp-json\/wp\/v2\/media?parent=1275"}],"wp:term":[{"taxonomy":"product_brand","embeddable":true,"href":"https:\/\/www.italdibipack.com\/es\/wp-json\/wp\/v2\/product_brand?post=1275"},{"taxonomy":"product_cat","embeddable":true,"href":"https:\/\/www.italdibipack.com\/es\/wp-json\/wp\/v2\/product_cat?post=1275"},{"taxonomy":"product_tag","embeddable":true,"href":"https:\/\/www.italdibipack.com\/es\/wp-json\/wp\/v2\/product_tag?post=1275"},{"taxonomy":"settore_applicazione","embeddable":true,"href":"https:\/\/www.italdibipack.com\/es\/wp-json\/wp\/v2\/settore_applicazione?post=1275"},{"taxonomy":"campo_applicativo","embeddable":true,"href":"https:\/\/www.italdibipack.com\/es\/wp-json\/wp\/v2\/campo_applicativo?post=1275"}],"curies":[{"name":"wp","href":"https:\/\/api.w.org\/{rel}","templated":true}]}}