{"id":1276,"date":"2022-06-15T15:13:37","date_gmt":"2022-07-04T15:46:21","guid":{"rendered":"https:\/\/italdibipack.bozzaonline.it\/prodotto\/skin-5035-ev\/"},"modified":"2024-07-15T17:16:40","modified_gmt":"2024-07-15T17:16:40","slug":"skin-5035-ev","status":"publish","type":"product","link":"https:\/\/www.italdibipack.com\/es\/producto\/skin-5035-ev\/","title":{"rendered":"SKIN 5035-EV"},"content":{"rendered":"<h3>LA MEJOR MANERA PARA PROTEGER Y VALORAR SUS PRODUCTOS<\/h3>\n<p>Confeccionar en skin-pack significa, en concreto: acoplar s\u00f3lidamente un objeto a una base de cart\u00f3n a trav\u00e9s de una pel\u00edcula de pl\u00e1stico. Esta \u00faltima, caliente y blanda gracias a un panel irradiado, a trav\u00e9s del vac\u00edo se pegar\u00e1 al cart\u00f3n, dibujando perfectamente los bordes al objeto.<\/p>\n<p>La confeccionadora Magic-skin 5035 es un sistema semiautom\u00e1tico (con bajada del cuadro m\u00e1s la inserci\u00f3n\/cierre del vac\u00edo autom\u00e1ticos) y necesita de un solo operario.<\/p>\n<ul>\n<li>Simplificada y robusta<\/li>\n<li>Baja manutenci\u00f3n (cambio peri\u00f3dico del aceite en la bomba del vac\u00edo)<\/li>\n<li>Puede ser usada como termoformadora<\/li>\n<li>Disponibilidad de carro de soporte y compresor a pedir<\/li>\n<\/ul>\n<p>La m\u00e1quina trabaja con\u00a0PVC termoformable, POLIETILENE para Skin, SURLYN, CARTONES adecuados al film. Con o sin cola.<\/p>\n<p>M\u00e1quina fabricada seg\u00fan las normas CE.<\/p>\n","protected":false},"excerpt":{"rendered":"<h3>LA MEJOR MANERA PARA PROTEGER Y VALORAR SUS PRODUCTOS<\/h3>\n<p>Confeccionar en skin-pack significa, en concreto: acoplar s\u00f3lidamente un objeto a una base de cart\u00f3n a trav\u00e9s de una pel\u00edcula de pl\u00e1stico. Esta \u00faltima, caliente y blanda gracias a un panel irradiado, a trav\u00e9s del vac\u00edo se pegar\u00e1 al cart\u00f3n, dibujando perfectamente los bordes al objeto.<\/p>\n","protected":false},"featured_media":16434,"template":"","meta":{"_acf_changed":false,"_seopress_robots_primary_cat":"","_seopress_titles_title":"SKIN 5035-EV: M\u00e1quina Skin | ITALDIBIPACK","_seopress_titles_desc":"M\u00e1quina de embalaje profesional para la fijaci\u00f3n de productos sobre cart\u00f3n con film skin. Protecci\u00f3n y visibilidad.","_seopress_robots_index":"","_eb_attr":"","_gspb_post_css":"","_kad_blocks_custom_css":"","_kad_blocks_head_custom_js":"","_kad_blocks_body_custom_js":"","_kad_blocks_footer_custom_js":"","_eb_data_table":"","_kad_post_transparent":"default","_kad_post_title":"","_kad_post_layout":"default","_kad_post_sidebar_id":"","_kad_post_content_style":"default","_kad_post_vertical_padding":"default","_kad_post_feature":"","_kad_post_feature_position":"","_kad_post_header":false,"_kad_post_footer":false,"_kad_post_classname":""},"product_brand":[],"product_cat":[137],"product_tag":[],"settore_applicazione":[],"campo_applicativo":[],"class_list":{"0":"post-1276","1":"product","2":"type-product","3":"status-publish","4":"has-post-thumbnail","6":"product_cat-confeccionadoras-skinpack","8":"first","9":"instock","10":"taxable","11":"shipping-taxable","12":"product-type-simple","13":"entry","14":"content-bg","15":"loop-entry"},"acf":[],"taxonomy_info":{"product_cat":[{"value":137,"label":"Confeccionadoras skinpack"}]},"featured_image_src_large":["https:\/\/www.italdibipack.com\/wp-content\/uploads\/2024\/02\/SKIN-5035-EV-confezionatrici-skinpack-ITALDIBIPACK-griglia-1024x1024.jpg",1024,1024,true],"author_info":[],"comment_info":"","_links":{"self":[{"href":"https:\/\/www.italdibipack.com\/es\/wp-json\/wp\/v2\/product\/1276","targetHints":{"allow":["GET"]}}],"collection":[{"href":"https:\/\/www.italdibipack.com\/es\/wp-json\/wp\/v2\/product"}],"about":[{"href":"https:\/\/www.italdibipack.com\/es\/wp-json\/wp\/v2\/types\/product"}],"wp:featuredmedia":[{"embeddable":true,"href":"https:\/\/www.italdibipack.com\/es\/wp-json\/wp\/v2\/media\/16434"}],"wp:attachment":[{"href":"https:\/\/www.italdibipack.com\/es\/wp-json\/wp\/v2\/media?parent=1276"}],"wp:term":[{"taxonomy":"product_brand","embeddable":true,"href":"https:\/\/www.italdibipack.com\/es\/wp-json\/wp\/v2\/product_brand?post=1276"},{"taxonomy":"product_cat","embeddable":true,"href":"https:\/\/www.italdibipack.com\/es\/wp-json\/wp\/v2\/product_cat?post=1276"},{"taxonomy":"product_tag","embeddable":true,"href":"https:\/\/www.italdibipack.com\/es\/wp-json\/wp\/v2\/product_tag?post=1276"},{"taxonomy":"settore_applicazione","embeddable":true,"href":"https:\/\/www.italdibipack.com\/es\/wp-json\/wp\/v2\/settore_applicazione?post=1276"},{"taxonomy":"campo_applicativo","embeddable":true,"href":"https:\/\/www.italdibipack.com\/es\/wp-json\/wp\/v2\/campo_applicativo?post=1276"}],"curies":[{"name":"wp","href":"https:\/\/api.w.org\/{rel}","templated":true}]}}