{"id":1277,"date":"2022-06-15T15:13:37","date_gmt":"2022-07-04T15:46:21","guid":{"rendered":"https:\/\/italdibipack.bozzaonline.it\/prodotto\/skin-5070-ev\/"},"modified":"2024-07-15T17:16:54","modified_gmt":"2024-07-15T17:16:54","slug":"skin-5070-ev","status":"publish","type":"product","link":"https:\/\/www.italdibipack.com\/es\/producto\/skin-5070-ev\/","title":{"rendered":"SKIN 5070-EV"},"content":{"rendered":"<h3>UNA \u00d3PTIMA INVERSI\u00d3N PARA VENDER M\u00c1S Y MEJOR<\/h3>\n<p>Confeccionar en skin-pack significa, en concreto: acoplar s\u00f3lidamente un objeto a una base de cart\u00f3n a trav\u00e9s de una pel\u00edcula de pl\u00e1stico. Esta \u00faltima, caliente y blanda por un panel irradiado, a trav\u00e9s del vac\u00edo ir\u00e1 encima del cart\u00f3n, peg\u00e1ndose al mismo y dibujando perfectamente los bordes del objeto.<\/p>\n<p align=\"justify\"><strong>La confeccionadora Magic-skin5070<\/strong>\u00a0es un sistema autom\u00e1tico para mayores prestaciones y producciones m\u00e1s altas.<\/p>\n<ul>\n<li>Posicionamiento manual de las piezas encima del cart\u00f3n y sucesivo transporte en el mismo centro, sobre el confeccionamiento rejillado.<\/li>\n<li>Calentamiento autom\u00e1tico de la pel\u00edcula bloqueada en un marco de perfecta medida a trav\u00e9s de un panel irradiado de luces infrarojas<\/li>\n<li>Bajada autom\u00e1tica del marco de la posici\u00f3n de calentamiento a la de confeccionamiento<\/li>\n<li>Inserci\u00f3n y cierre Autom\u00e1tico del vac\u00edo<\/li>\n<li>Corte autom\u00e1tico de la pel\u00edcola a cada ciclo<\/li>\n<li>Abertura manual del cuadro al final del ciclo de vac\u00eco y transporte del cart\u00f3n skin sobre la mesa hasta el marco para conseguir (gracias a la inclinaci\u00f3n) la salida de los cartones<\/li>\n<li>Tiempo de calentamiento y uso del vac\u00edo programables<\/li>\n<li>Posibilidad de hacer todas las funciones manualmente<\/li>\n<li>compresor a pedir<\/li>\n<\/ul>\n<p>La m\u00e1quina trabaja con\u00a0PVC termoformable, POLIETILENE para Skin, SURLYN, CARTONES adecuados a la tipolog\u00eda del film M\u00e1quina fabricada seg\u00fan las normas CE.<\/p>\n","protected":false},"excerpt":{"rendered":"<h3>UNA \u00d3PTIMA INVERSI\u00d3N PARA VENDER M\u00c1S Y MEJOR<\/h3>\n<p>Confeccionar en skin-pack significa, en concreto: acoplar s\u00f3lidamente un objeto a una base de cart\u00f3n a trav\u00e9s de una pel\u00edcula de pl\u00e1stico. Esta \u00faltima, caliente y blanda por un panel irradiado, a trav\u00e9s del vac\u00edo ir\u00e1 encima del cart\u00f3n, peg\u00e1ndose al mismo y dibujando perfectamente los bordes del objeto.<\/p>\n","protected":false},"featured_media":16449,"template":"","meta":{"_acf_changed":false,"_seopress_robots_primary_cat":"","_seopress_titles_title":"SKIN 5070-EV: Embalaje Visual | ITALDIBIPACK","_seopress_titles_desc":"La soluci\u00f3n Skinpack para los formatos m\u00e1s grandes. Adherencia perfecta del film para presentaci\u00f3n premium.","_seopress_robots_index":"","_eb_attr":"","_gspb_post_css":"","_kad_blocks_custom_css":"","_kad_blocks_head_custom_js":"","_kad_blocks_body_custom_js":"","_kad_blocks_footer_custom_js":"","_eb_data_table":"","_kad_post_transparent":"default","_kad_post_title":"","_kad_post_layout":"default","_kad_post_sidebar_id":"","_kad_post_content_style":"default","_kad_post_vertical_padding":"default","_kad_post_feature":"","_kad_post_feature_position":"","_kad_post_header":false,"_kad_post_footer":false,"_kad_post_classname":""},"product_brand":[],"product_cat":[137],"product_tag":[],"settore_applicazione":[],"campo_applicativo":[],"class_list":{"0":"post-1277","1":"product","2":"type-product","3":"status-publish","4":"has-post-thumbnail","6":"product_cat-confeccionadoras-skinpack","8":"first","9":"instock","10":"taxable","11":"shipping-taxable","12":"product-type-simple","13":"entry","14":"content-bg","15":"loop-entry"},"acf":[],"taxonomy_info":{"product_cat":[{"value":137,"label":"Confeccionadoras skinpack"}]},"featured_image_src_large":["https:\/\/www.italdibipack.com\/wp-content\/uploads\/2024\/02\/SKIN-5070-EV-confezionatrici-skinpack-ITALDIBIPACK-griglia-1024x1024.jpg",1024,1024,true],"author_info":[],"comment_info":"","_links":{"self":[{"href":"https:\/\/www.italdibipack.com\/es\/wp-json\/wp\/v2\/product\/1277","targetHints":{"allow":["GET"]}}],"collection":[{"href":"https:\/\/www.italdibipack.com\/es\/wp-json\/wp\/v2\/product"}],"about":[{"href":"https:\/\/www.italdibipack.com\/es\/wp-json\/wp\/v2\/types\/product"}],"wp:featuredmedia":[{"embeddable":true,"href":"https:\/\/www.italdibipack.com\/es\/wp-json\/wp\/v2\/media\/16449"}],"wp:attachment":[{"href":"https:\/\/www.italdibipack.com\/es\/wp-json\/wp\/v2\/media?parent=1277"}],"wp:term":[{"taxonomy":"product_brand","embeddable":true,"href":"https:\/\/www.italdibipack.com\/es\/wp-json\/wp\/v2\/product_brand?post=1277"},{"taxonomy":"product_cat","embeddable":true,"href":"https:\/\/www.italdibipack.com\/es\/wp-json\/wp\/v2\/product_cat?post=1277"},{"taxonomy":"product_tag","embeddable":true,"href":"https:\/\/www.italdibipack.com\/es\/wp-json\/wp\/v2\/product_tag?post=1277"},{"taxonomy":"settore_applicazione","embeddable":true,"href":"https:\/\/www.italdibipack.com\/es\/wp-json\/wp\/v2\/settore_applicazione?post=1277"},{"taxonomy":"campo_applicativo","embeddable":true,"href":"https:\/\/www.italdibipack.com\/es\/wp-json\/wp\/v2\/campo_applicativo?post=1277"}],"curies":[{"name":"wp","href":"https:\/\/api.w.org\/{rel}","templated":true}]}}