{"id":1280,"date":"2022-06-15T15:13:57","date_gmt":"2022-07-04T15:46:59","guid":{"rendered":"https:\/\/italdibipack.bozzaonline.it\/prodotto\/robot-leonardo\/"},"modified":"2024-07-15T17:20:09","modified_gmt":"2024-07-15T17:20:09","slug":"robot-leonardo","status":"publish","type":"product","link":"https:\/\/www.italdibipack.com\/es\/producto\/robot-leonardo\/","title":{"rendered":"ROBOT LEONARDO"},"content":{"rendered":"<h3>EL ENVOLVEDOR MAS GENIAL DEL MUNDO<\/h3>\n<p>UNICO en su g\u00e9nero, este robot envolvedor tiene soluciones t\u00e9cnicas altamente innovadoras y patentadas, como la columna telesc\u00f3pica y el sistema de giro el\u00e9ctrico. Resuelve con \u00e9xito las m\u00e1s variadas exigencias de envolver, Leonardo envuelve con film extensible cualquier palet en un \u00e1rea operativa de solo 75 cm, ahorrando hasta el 100% de espacio, porque es una m\u00e1quina semimovible pensada para envolver cargas diferentes en lugares diferentes.<\/p>\n<p>Un peque\u00f1o gran genio: PEQUE\u00d1O por el \u00e1rea operativa, el peso y el tama\u00f1o; GRANDE por calidad de fabricaci\u00f3n, funcionalidad y prestaciones productivas. INCREIBLE por la relaci\u00f3n calidad \u2013 precio.<\/p>\n<ul>\n<li>SISTEMA DE GIRO ELECTRICO PAT reduce considerablemente el \u00e1rea operativa respecto al robot tradicional<\/li>\n<li>COLUMNA TELESC\u00d3PICA PAT facilita el movimiento en el interior del \u00e1rea de trabajo y su transporte<\/li>\n<li>CONTROL SOBRE LA TARJETA L\u00d3GICA Y MICROPROCESADOR PAT: 6 programas diferentes de ciclo memorizables<\/li>\n<li>PREESTIRO MOTORIZADO DE SERIE 100% PAT: garantiza un ahorro sobre la cantidad del film utilizado<\/li>\n<li>BATERIAS \u201cMAINTENANCE FREE\u201d no necesitan mantenimiento son recargables en cualquier ambiente. Cargador de bater\u00edas incorporado y conexi\u00f3n normal de toma corriente 220V-1ph<\/li>\n<li>DIMENSI\u00d3N Y PESO REDUCIDOS: aproximadamente 50% menos respecto al robot tradicional<\/li>\n<li>F\u00c1CIL DE MOVER: ninguna parte de ensamblaje, siempre listo para su utilizaci\u00f3n<\/li>\n<li>Sistema de rotaci\u00f3n alrededor del palet con rueda de contacto<\/li>\n<li>Sistema de regulaci\u00f3n del film con potenciometro combinado con fotoc\u00e9lula que lee la carga<\/li>\n<li>Lectura de la altura autom\u00e1tica con fotoc\u00e9lula o configur\u00e1ndola manualmente<\/li>\n<li>Regulaciones del n\u00famero de envolturas a la base y a la altura establecida<\/li>\n<li>Ciclo de solo subida<\/li>\n<li>Sistema de movimiento a tim\u00f3n con mando manual a media altura<\/li>\n<li>Se\u00f1al luminosa y ac\u00fastica de funcionamiento<\/li>\n<li>El robot trabaja con PE exstensible para maquinaria (espesor entre 17\/35 my; ancho 520 mm)<\/li>\n<\/ul>\n<p>M\u00e1quina fabricada seg\u00fan normativas CE.<\/p>\n","protected":false},"excerpt":{"rendered":"<h3>EL ENVOLVEDOR MAS GENIAL DEL MUNDO<\/h3>\n<p>UNICO en su g\u00e9nero, este robot envolvedor tiene soluciones t\u00e9cnicas altamente innovadoras y patentadas, como la columna telesc\u00f3pica y el sistema de giro el\u00e9ctrico. Resuelve con \u00e9xito las m\u00e1s variadas exigencias de envolver, Leonardo envuelve con film extensible cualquier palet en un \u00e1rea operativa de solo 75 cm, ahorrando hasta el 100% de espacio, porque es una m\u00e1quina semimovible pensada para envolver cargas diferentes en lugares diferentes.<\/p>\n","protected":false},"featured_media":15689,"template":"","meta":{"_acf_changed":false,"_seopress_robots_primary_cat":"","_seopress_titles_title":"Robot Envolvedor LEONARDO | ITALDIBIPACK","_seopress_titles_desc":"Leonardo es el robot autopropulsado para el enfardado de palets con film extensible. Innovador, compacto y f\u00e1cil de usar.","_seopress_robots_index":"","_eb_attr":"","_gspb_post_css":"","_kad_blocks_custom_css":"","_kad_blocks_head_custom_js":"","_kad_blocks_body_custom_js":"","_kad_blocks_footer_custom_js":"","_eb_data_table":"","_kad_post_transparent":"default","_kad_post_title":"","_kad_post_layout":"default","_kad_post_sidebar_id":"","_kad_post_content_style":"default","_kad_post_vertical_padding":"default","_kad_post_feature":"","_kad_post_feature_position":"","_kad_post_header":false,"_kad_post_footer":false,"_kad_post_classname":""},"product_brand":[],"product_cat":[324,139],"product_tag":[],"settore_applicazione":[],"campo_applicativo":[],"class_list":{"0":"post-1280","1":"product","2":"type-product","3":"status-publish","4":"has-post-thumbnail","6":"product_cat-envolvimento-de-palets","7":"product_cat-robots-envolvedores-de-palets","9":"first","10":"instock","11":"taxable","12":"shipping-taxable","13":"product-type-simple","14":"entry","15":"content-bg","16":"loop-entry"},"acf":[],"taxonomy_info":{"product_cat":[{"value":324,"label":"Envolvimento de palets"},{"value":139,"label":"Robots envolvedores de palets"}]},"featured_image_src_large":["https:\/\/www.italdibipack.com\/wp-content\/uploads\/2024\/02\/LEONARDO-avvolgitori-avvolgitori-robotizzati-ITALDIBIPACK-griglia-1024x1024.jpg",1024,1024,true],"author_info":[],"comment_info":"","_links":{"self":[{"href":"https:\/\/www.italdibipack.com\/es\/wp-json\/wp\/v2\/product\/1280","targetHints":{"allow":["GET"]}}],"collection":[{"href":"https:\/\/www.italdibipack.com\/es\/wp-json\/wp\/v2\/product"}],"about":[{"href":"https:\/\/www.italdibipack.com\/es\/wp-json\/wp\/v2\/types\/product"}],"wp:featuredmedia":[{"embeddable":true,"href":"https:\/\/www.italdibipack.com\/es\/wp-json\/wp\/v2\/media\/15689"}],"wp:attachment":[{"href":"https:\/\/www.italdibipack.com\/es\/wp-json\/wp\/v2\/media?parent=1280"}],"wp:term":[{"taxonomy":"product_brand","embeddable":true,"href":"https:\/\/www.italdibipack.com\/es\/wp-json\/wp\/v2\/product_brand?post=1280"},{"taxonomy":"product_cat","embeddable":true,"href":"https:\/\/www.italdibipack.com\/es\/wp-json\/wp\/v2\/product_cat?post=1280"},{"taxonomy":"product_tag","embeddable":true,"href":"https:\/\/www.italdibipack.com\/es\/wp-json\/wp\/v2\/product_tag?post=1280"},{"taxonomy":"settore_applicazione","embeddable":true,"href":"https:\/\/www.italdibipack.com\/es\/wp-json\/wp\/v2\/settore_applicazione?post=1280"},{"taxonomy":"campo_applicativo","embeddable":true,"href":"https:\/\/www.italdibipack.com\/es\/wp-json\/wp\/v2\/campo_applicativo?post=1280"}],"curies":[{"name":"wp","href":"https:\/\/api.w.org\/{rel}","templated":true}]}}