{"id":1281,"date":"2022-06-15T15:13:57","date_gmt":"2022-07-04T15:46:59","guid":{"rendered":"https:\/\/italdibipack.bozzaonline.it\/prodotto\/robot-leo\/"},"modified":"2024-07-15T17:20:23","modified_gmt":"2024-07-15T17:20:23","slug":"robot-leo","status":"publish","type":"product","link":"https:\/\/www.italdibipack.com\/es\/producto\/robot-leo\/","title":{"rendered":"ROBOT LEO"},"content":{"rendered":"<h3>EL ROBOT ENVOLVEDOR M\u00c1S PEQUE\u00d1O Y M\u00c1S GRANDE AL MISMO TIEMPO<\/h3>\n<p>Cuando la m\u00e1quina va al palet y no el palet a la m\u00e1quina: \u00a1Si tienen esta necesidad no pueden no utilizarlo!<\/p>\n<h4>ES EL ROBOT M\u00c1S PEQUE\u00d1O POR:<\/h4>\n<ul>\n<li>\u00c1rea de trabajo<\/li>\n<li>Peso y dimensiones<\/li>\n<li>No necesita el trabajo de una persona<\/li>\n<\/ul>\n<p>C\u00f3modo y vers\u00e1til para los pallets de cualquier medida, sin ocupar espacio.<\/p>\n<p><strong>CARACTERISTICAS PRINCIPALES\u00a0<\/strong><\/p>\n<ul>\n<li>Sistema el\u00e9ctrico de movimiento PAT: reduce considerablemente el \u00e1rea de operaci\u00f3n en comparaci\u00f3n con la mayor\u00eda de los robots tradicionales<\/li>\n<li>Columna fija de 2000 mm<\/li>\n<li>Tarjeta mandos electr\u00f3nica\u00a0que permite una memorizaci\u00f3n de 6 diferentes programas de trabajo<\/li>\n<li>Freno mec\u00e1nico<\/li>\n<li>Bater\u00edas sin manutenci\u00f3n gracias a la recarga a trav\u00e9s de un enchufe de 220V<\/li>\n<li>Env\u00edo simple: sin piezas que a\u00f1adirle porque lista para el uso<\/li>\n<\/ul>\n<p>&nbsp;<\/p>\n<p>M\u00e1quina fabricada seg\u00fan normativas CE.<\/p>\n","protected":false},"excerpt":{"rendered":"<h3>EL ROBOT ENVOLVEDOR M\u00c1S PEQUE\u00d1O Y M\u00c1S GRANDE AL MISMO TIEMPO<\/h3>\n<p>Cuando la m\u00e1quina va al palet y no el palet a la m\u00e1quina: \u00a1Si tienen esta necesidad no pueden no utilizarlo!<\/p>\n<h4>ES EL ROBOT M\u00c1S PEQUE\u00d1O POR:<\/h4>\n<ul>\n<li>\u00c1rea de trabajo<\/li>\n<li>Peso y dimensiones<\/li>\n<li>No necesita el trabajo de una persona<\/li>\n<\/ul>\n<p>C\u00f3modo y vers\u00e1til para los pallets de cualquier medida, sin ocupar espacio.<\/p>\n","protected":false},"featured_media":15674,"template":"","meta":{"_acf_changed":false,"_seopress_robots_primary_cat":"","_seopress_titles_title":"Robot Envolvedor LEO | ITALDIBIPACK","_seopress_titles_desc":"El robot envolvedor LEO ofrece flexibilidad y praticidad para embalar cargas de cualquier forma y tama\u00f1o.","_seopress_robots_index":"","_eb_attr":"","_gspb_post_css":"","_kad_blocks_custom_css":"","_kad_blocks_head_custom_js":"","_kad_blocks_body_custom_js":"","_kad_blocks_footer_custom_js":"","_eb_data_table":"","_kad_post_transparent":"default","_kad_post_title":"","_kad_post_layout":"default","_kad_post_sidebar_id":"","_kad_post_content_style":"default","_kad_post_vertical_padding":"default","_kad_post_feature":"","_kad_post_feature_position":"","_kad_post_header":false,"_kad_post_footer":false,"_kad_post_classname":""},"product_brand":[],"product_cat":[324,139],"product_tag":[],"settore_applicazione":[],"campo_applicativo":[],"class_list":{"0":"post-1281","1":"product","2":"type-product","3":"status-publish","4":"has-post-thumbnail","6":"product_cat-envolvimento-de-palets","7":"product_cat-robots-envolvedores-de-palets","9":"first","10":"instock","11":"taxable","12":"shipping-taxable","13":"product-type-simple","14":"entry","15":"content-bg","16":"loop-entry"},"acf":[],"taxonomy_info":{"product_cat":[{"value":324,"label":"Envolvimento de palets"},{"value":139,"label":"Robots envolvedores de palets"}]},"featured_image_src_large":["https:\/\/www.italdibipack.com\/wp-content\/uploads\/2024\/02\/LEO-avvolgitori-avvolgitori-robotizzati-ITALDIBIPACK-griglia-1024x1024.jpg",1024,1024,true],"author_info":[],"comment_info":"","_links":{"self":[{"href":"https:\/\/www.italdibipack.com\/es\/wp-json\/wp\/v2\/product\/1281","targetHints":{"allow":["GET"]}}],"collection":[{"href":"https:\/\/www.italdibipack.com\/es\/wp-json\/wp\/v2\/product"}],"about":[{"href":"https:\/\/www.italdibipack.com\/es\/wp-json\/wp\/v2\/types\/product"}],"wp:featuredmedia":[{"embeddable":true,"href":"https:\/\/www.italdibipack.com\/es\/wp-json\/wp\/v2\/media\/15674"}],"wp:attachment":[{"href":"https:\/\/www.italdibipack.com\/es\/wp-json\/wp\/v2\/media?parent=1281"}],"wp:term":[{"taxonomy":"product_brand","embeddable":true,"href":"https:\/\/www.italdibipack.com\/es\/wp-json\/wp\/v2\/product_brand?post=1281"},{"taxonomy":"product_cat","embeddable":true,"href":"https:\/\/www.italdibipack.com\/es\/wp-json\/wp\/v2\/product_cat?post=1281"},{"taxonomy":"product_tag","embeddable":true,"href":"https:\/\/www.italdibipack.com\/es\/wp-json\/wp\/v2\/product_tag?post=1281"},{"taxonomy":"settore_applicazione","embeddable":true,"href":"https:\/\/www.italdibipack.com\/es\/wp-json\/wp\/v2\/settore_applicazione?post=1281"},{"taxonomy":"campo_applicativo","embeddable":true,"href":"https:\/\/www.italdibipack.com\/es\/wp-json\/wp\/v2\/campo_applicativo?post=1281"}],"curies":[{"name":"wp","href":"https:\/\/api.w.org\/{rel}","templated":true}]}}