{"id":1282,"date":"2022-06-15T15:13:57","date_gmt":"2022-07-04T15:46:59","guid":{"rendered":"https:\/\/italdibipack.bozzaonline.it\/prodotto\/leonardo-sp\/"},"modified":"2024-07-15T17:20:53","modified_gmt":"2024-07-15T17:20:53","slug":"leonardo-sp","status":"publish","type":"product","link":"https:\/\/www.italdibipack.com\/es\/producto\/leonardo-sp\/","title":{"rendered":"LEONARDO SP"},"content":{"rendered":"<h3><strong>EL ROBOT ENFARDADOR DE PALLETS M\u00c1S GENIAL, VELOZ Y LIGERO DEL MUNDO<\/strong><\/h3>\n<p>\u00c1REA DE TRABAJO MUY REDUCIDA Y VELOCIDAD INCOMPARABLE<\/p>\n<p><strong>Grande por:<\/strong><\/p>\n<p>CALIDAD<br \/>\nFUNCIONALIDAD<br \/>\nPRESTACIONES PRODUCTIVAS<br \/>\nF\u00c1CIL DE MANEJAR<\/p>\n<p>ESPECIFICACIONES T\u00c9CNICAS<\/p>\n<ul>\n<li>Rueda (con altura regulable) montada en un brazo con sistema de resorte que reconoce las dimensiones de ancho y largo de la carga<\/li>\n<li>La altura de enfardado (hasta un m\u00e1ximo de 2700 mm) est\u00e1 determinada autom\u00e1ticamente por la fotoc\u00e9lula montada en el carro porta-bobina o pre-determinada por el operador a trav\u00e9s de las funciones presentes en la tarjeta electr\u00f3nica<\/li>\n<li>Regulaci\u00f3n de la tensi\u00f3n del film a trav\u00e9s de un freno mec\u00e1nico<\/li>\n<li>Panel de mandos con TARJETA ELECTR\u00d3NICA CON MICROPROCESADOR PAT con posibilidad de memorizar hasta 6 ciclos de trabajo, cada uno con par\u00e1metros personalizado\u00a0y diferenciados (velocidad de rotaci\u00f3n, velocidad del carro porta-bobina; tiempo de enfardado en la base, en la cumbre de la carga o en la parte central; posibilidad de programar un ciclo de solo subida del carro porta bobina)<\/li>\n<li>Carro con arrastre por cadena<\/li>\n<li>Accionamiento de la m\u00e1quina a trav\u00e9s de bater\u00edas de gel, de tipo seco, selladas y sin mantenimiento<\/li>\n<li>Cargador integrado en la m\u00e1quina<\/li>\n<li>Tensi\u00f3n de alimentaci\u00f3n para el cargador de bater\u00eda: 240V, monofase, 6 Amp<\/li>\n<li>Parachoques frontal con dispositivo de seguridad y para el paro de la m\u00e1quina en caso de colisi\u00f3n con un cuerpo extra\u00f1o<\/li>\n<li>Se\u00f1al ac\u00fastica-visual de la m\u00e1quina en funcionamiento<\/li>\n<li>Altura m\u00e1xima: 2700 mm<\/li>\n<li>Dimensiones de la carga a enfardar: no inferior a 600mm x 600mm (H) x 500 mm<\/li>\n<li>Film extensible de tipo autom\u00e1tico, con di\u00e1metro externo m\u00e1ximo de 220 mm, banda de 500 mm y mandril interior de 76mm<\/li>\n<\/ul>\n","protected":false},"excerpt":{"rendered":"<h3><strong>EL ROBOT ENFARDADOR DE PALLETS M\u00c1S GENIAL, VELOZ Y LIGERO DEL MUNDO<\/strong><\/h3>\n<p>\u00c1REA DE TRABAJO MUY REDUCIDA Y VELOCIDAD INCOMPARABLE<\/p>\n<p><strong>Grande por:<\/strong><\/p>\n<p>CALIDAD<br \/>\nFUNCIONALIDAD<br \/>\nPRESTACIONES PRODUCTIVAS<br \/>\nF\u00c1CIL DE MANEJAR<\/p>\n","protected":false},"featured_media":15704,"template":"","meta":{"_acf_changed":false,"_seopress_robots_primary_cat":"","_seopress_titles_title":"Robot Envolvedor LEONARDO SP | ITALDIBIPACK","_seopress_titles_desc":"Versi\u00f3n especial del robot Leonardo para necesidades espec\u00edficas de enfardado. Tecnolog\u00eda y fiabilidad ITALDIBIPACK.","_seopress_robots_index":"","_eb_attr":"","_gspb_post_css":"","_kad_blocks_custom_css":"","_kad_blocks_head_custom_js":"","_kad_blocks_body_custom_js":"","_kad_blocks_footer_custom_js":"","_eb_data_table":"","_kad_post_transparent":"default","_kad_post_title":"","_kad_post_layout":"default","_kad_post_sidebar_id":"","_kad_post_content_style":"default","_kad_post_vertical_padding":"default","_kad_post_feature":"","_kad_post_feature_position":"","_kad_post_header":false,"_kad_post_footer":false,"_kad_post_classname":""},"product_brand":[],"product_cat":[324,139],"product_tag":[],"settore_applicazione":[],"campo_applicativo":[],"class_list":{"0":"post-1282","1":"product","2":"type-product","3":"status-publish","4":"has-post-thumbnail","6":"product_cat-envolvimento-de-palets","7":"product_cat-robots-envolvedores-de-palets","9":"first","10":"instock","11":"taxable","12":"shipping-taxable","13":"product-type-simple","14":"entry","15":"content-bg","16":"loop-entry"},"acf":[],"taxonomy_info":{"product_cat":[{"value":324,"label":"Envolvimento de palets"},{"value":139,"label":"Robots envolvedores de palets"}]},"featured_image_src_large":["https:\/\/www.italdibipack.com\/wp-content\/uploads\/2024\/02\/LEONARDO-SP-avvolgitori-avvolgitori-robotizzati-ITALDIBIPACK-griglia-1024x1024.jpg",1024,1024,true],"author_info":[],"comment_info":"","_links":{"self":[{"href":"https:\/\/www.italdibipack.com\/es\/wp-json\/wp\/v2\/product\/1282","targetHints":{"allow":["GET"]}}],"collection":[{"href":"https:\/\/www.italdibipack.com\/es\/wp-json\/wp\/v2\/product"}],"about":[{"href":"https:\/\/www.italdibipack.com\/es\/wp-json\/wp\/v2\/types\/product"}],"wp:featuredmedia":[{"embeddable":true,"href":"https:\/\/www.italdibipack.com\/es\/wp-json\/wp\/v2\/media\/15704"}],"wp:attachment":[{"href":"https:\/\/www.italdibipack.com\/es\/wp-json\/wp\/v2\/media?parent=1282"}],"wp:term":[{"taxonomy":"product_brand","embeddable":true,"href":"https:\/\/www.italdibipack.com\/es\/wp-json\/wp\/v2\/product_brand?post=1282"},{"taxonomy":"product_cat","embeddable":true,"href":"https:\/\/www.italdibipack.com\/es\/wp-json\/wp\/v2\/product_cat?post=1282"},{"taxonomy":"product_tag","embeddable":true,"href":"https:\/\/www.italdibipack.com\/es\/wp-json\/wp\/v2\/product_tag?post=1282"},{"taxonomy":"settore_applicazione","embeddable":true,"href":"https:\/\/www.italdibipack.com\/es\/wp-json\/wp\/v2\/settore_applicazione?post=1282"},{"taxonomy":"campo_applicativo","embeddable":true,"href":"https:\/\/www.italdibipack.com\/es\/wp-json\/wp\/v2\/campo_applicativo?post=1282"}],"curies":[{"name":"wp","href":"https:\/\/api.w.org\/{rel}","templated":true}]}}