{"id":1284,"date":"2022-06-15T15:13:57","date_gmt":"2022-07-04T15:46:59","guid":{"rendered":"https:\/\/italdibipack.bozzaonline.it\/prodotto\/ecospir-ts-ev\/"},"modified":"2025-03-12T09:33:03","modified_gmt":"2025-03-12T09:33:03","slug":"ecospir-ts-ev","status":"publish","type":"product","link":"https:\/\/www.italdibipack.com\/es\/producto\/ecospir-ts-ev\/","title":{"rendered":"ECOSPIR TS EV"},"content":{"rendered":"<h3><strong>ENFARDADORA DE PALLETS CON PLATAFORMA ABIERTA: CARGAR ES MUY SENCILLO !<\/strong><\/h3>\n<p>La l\u00ednea Ecospir presenta tambi\u00e9n una enfardadora con una plataforma abierta para cargar les paletas con transpaletas manuales y semiel\u00e9ctricos, por tanto no necesita empotrar la m\u00e1quina o utilizar una rampa.<\/p>\n<ul>\n<li>Panel de control con touch screen simple e intuitivo con im\u00e1genes<\/li>\n<li>Ciclo autom\u00e1tico o manual\u00a0(en este \u00faltimo caso subida y bajada se controlan a trav\u00e9s de pulsadores)<\/li>\n<li>8 diferentes ciclos de trabajo, con programaci\u00f3n n\u00famero de vueltas arriba\/abajo, retraso fotoc\u00e9lula, numero de ciclos en secuencia.<\/li>\n<li>Parada en fase (el plato vuelve siempre a la posici\u00f3n inicial)<\/li>\n<li>Velocidad rotaci\u00f3n plataforma controlada por un inverter<\/li>\n<li>Regulaci\u00f3n tensi\u00f3n film par una fricci\u00f3n mec\u00e1nica<\/li>\n<li>Control autom\u00e1tico portabobina a trav\u00e9s de fotoc\u00e9lula<\/li>\n<li>Subida y bajada por medio de cadena cerrada<\/li>\n<li>Para facilitar el movimiento de la m\u00e1quina hay dos ranuras para la entrada del toro<\/li>\n<li>Bot\u00f3n de parada de emergencia<\/li>\n<li>Ciclo de trabajo controlado para PLC<\/li>\n<\/ul>\n<p>M\u00e1quina fabricada seg\u00fan normativas CE<\/p>\n<p>&nbsp;<\/p>\n<p><strong>OPCI\u00d3NES BAJO PEDIDO:<\/strong><\/p>\n<ul>\n<li>Fotoc\u00e9lula para cargas reflectantes de color oscuro y otras condiciones especiales<\/li>\n<li>Carro de pre estiro al 200% ( relaci\u00f3n fija 1 mt = 3 mt ), con trasmisi\u00f3n directa por medio de engranajes y regulaci\u00f3n de la tensi\u00f3n del film desde el panel de control<\/li>\n<li>Columna prolongada para enfardar cargas con altura max de 2700 mm<\/li>\n<li>Capacidad m\u00e1xima aumentada para cargas de hasta 1500 kg.<\/li>\n<\/ul>\n","protected":false},"excerpt":{"rendered":"<h3><strong>ENFARDADORA DE PALLETS CON PLATAFORMA ABIERTA: CARGAR ES MUY SENCILLO !<\/strong><\/h3>\n<p>La l\u00ednea Ecospir presenta tambi\u00e9n una enfardadora con una plataforma abierta para cargar les paletas con transpaletas manuales y semiel\u00e9ctricos, por tanto no necesita empotrar la m\u00e1quina o utilizar una rampa.<\/p>\n","protected":false},"featured_media":15554,"template":"","meta":{"_acf_changed":false,"_seopress_robots_primary_cat":"none","_seopress_titles_title":"ECOSPIR TS EV: Envolvedora de Plataforma | ITALDIBIPACK","_seopress_titles_desc":"M\u00e1quina envolvedora de plataforma giratoria ECOSPIR TS EV. Eficiencia y robustez para estabilizar sus palets.","_seopress_robots_index":"","_eb_attr":"","_gspb_post_css":"","_kad_blocks_custom_css":"","_kad_blocks_head_custom_js":"","_kad_blocks_body_custom_js":"","_kad_blocks_footer_custom_js":"","_eb_data_table":"","_kad_post_transparent":"default","_kad_post_title":"","_kad_post_layout":"default","_kad_post_sidebar_id":"","_kad_post_content_style":"default","_kad_post_vertical_padding":"default","_kad_post_feature":"","_kad_post_feature_position":"","_kad_post_header":false,"_kad_post_footer":false,"_kad_post_classname":""},"product_brand":[],"product_cat":[324,140],"product_tag":[],"settore_applicazione":[],"campo_applicativo":[],"class_list":{"0":"post-1284","1":"product","2":"type-product","3":"status-publish","4":"has-post-thumbnail","6":"product_cat-envolvimento-de-palets","7":"product_cat-sistemas-a-plataforma-giratoria","9":"first","10":"instock","11":"taxable","12":"shipping-taxable","13":"product-type-simple","14":"entry","15":"content-bg","16":"loop-entry"},"acf":[],"taxonomy_info":{"product_cat":[{"value":324,"label":"Envolvimento de palets"},{"value":140,"label":"Sistemas a plataforma giratoria"}]},"featured_image_src_large":["https:\/\/www.italdibipack.com\/wp-content\/uploads\/2024\/02\/ECOSPIR-TS-EV-avvolgitori-avvolgitori-a-tavola-rotante-ITALDIBIPACK-griglia-1024x1024.jpg",1024,1024,true],"author_info":[],"comment_info":"","_links":{"self":[{"href":"https:\/\/www.italdibipack.com\/es\/wp-json\/wp\/v2\/product\/1284","targetHints":{"allow":["GET"]}}],"collection":[{"href":"https:\/\/www.italdibipack.com\/es\/wp-json\/wp\/v2\/product"}],"about":[{"href":"https:\/\/www.italdibipack.com\/es\/wp-json\/wp\/v2\/types\/product"}],"wp:featuredmedia":[{"embeddable":true,"href":"https:\/\/www.italdibipack.com\/es\/wp-json\/wp\/v2\/media\/15554"}],"wp:attachment":[{"href":"https:\/\/www.italdibipack.com\/es\/wp-json\/wp\/v2\/media?parent=1284"}],"wp:term":[{"taxonomy":"product_brand","embeddable":true,"href":"https:\/\/www.italdibipack.com\/es\/wp-json\/wp\/v2\/product_brand?post=1284"},{"taxonomy":"product_cat","embeddable":true,"href":"https:\/\/www.italdibipack.com\/es\/wp-json\/wp\/v2\/product_cat?post=1284"},{"taxonomy":"product_tag","embeddable":true,"href":"https:\/\/www.italdibipack.com\/es\/wp-json\/wp\/v2\/product_tag?post=1284"},{"taxonomy":"settore_applicazione","embeddable":true,"href":"https:\/\/www.italdibipack.com\/es\/wp-json\/wp\/v2\/settore_applicazione?post=1284"},{"taxonomy":"campo_applicativo","embeddable":true,"href":"https:\/\/www.italdibipack.com\/es\/wp-json\/wp\/v2\/campo_applicativo?post=1284"}],"curies":[{"name":"wp","href":"https:\/\/api.w.org\/{rel}","templated":true}]}}