{"id":1285,"date":"2022-06-15T15:13:57","date_gmt":"2022-07-04T15:46:59","guid":{"rendered":"https:\/\/italdibipack.bozzaonline.it\/prodotto\/ecospir-ev\/"},"modified":"2025-03-12T09:53:06","modified_gmt":"2025-03-12T09:53:06","slug":"ecospir-ev","status":"publish","type":"product","link":"https:\/\/www.italdibipack.com\/es\/producto\/ecospir-ev\/","title":{"rendered":"ECOSPIR EV"},"content":{"rendered":"<h3><strong>LA SOLUCI\u00d3N M\u00c1S SIMPLE Y ECON\u00d3MICA PARA LAS NECESIDADES DE BOBINADO<\/strong><\/h3>\n<p>&nbsp;<\/p>\n<p>ITALDIBIPACK presenta ECOSPIR EV, una novedad muy interesante en su gama de m\u00e1quinas para el embalaje de pallets con el objetivo de hacer su oferta a\u00fan m\u00e1s competitiva en t\u00e9rminos de calidad, rendimiento, flexibilidad y precio ..!<br \/>\nLos modelos ECOSPIR ELC \/ S-X y ECOSPIR IDX est\u00e1n ahora sustituidos por un \u00fanico modelo ECOSPIR EV, disponible en varias ejecuciones.<\/p>\n<ul>\n<li>Regulaci\u00f3n de la velocidad de rotaci\u00f3n de la plataforma controlada tramite inverter, con inicio progresivo y parada indicada<\/li>\n<li>Rotaci\u00f3n plataforma rotante con arrastre a cadena<\/li>\n<li>Motor plataforma protegido por c\u00e0rter<\/li>\n<li>Regulaci\u00f3n de la tensi\u00f3n del film tramite freno mec\u00e0nico<\/li>\n<li>Regulaci\u00f3n de la velocidad de traslado del carro porta bobina, controlada tramite invertr, con par\u00e0metros independientes para la fase de subida y de bajada<\/li>\n<li>Motor de alimentaci\u00f3n y accionamiento del carro porta bobina integrado en la columna<\/li>\n<li>Carro porta bobina con arrastre a cadena<\/li>\n<li>Ajustes separados para regular los giros de refuerzo de la base y de la altura final de la carga<\/li>\n<li>Posibilidad de regular una secuencia de ciclos de enfardado a efectuar consecutivamente<\/li>\n<li>Memoria de 8 ciclos de enfardado con par\u00e0metros singulares de trabajo personalizados por el operaio<\/li>\n<li>Funcionalida manual y\/o autom\u00e0tica para cada uno de los programas de trabajo singulares<\/li>\n<li>Panel de control \u00abtouch screen\u00bb con funcionalidad y operatividad extremamente simpplificada y intuitiva, para una r\u00e0pida impostaci\u00f3n y regulaci\u00f3n de todos los par\u00e0metros<\/li>\n<li>Columna abatible a base de la m#quina para un rapido montaje y ainstalaci\u00f3n de la maquina<\/li>\n<li>Base preparada con ranuras insertar una carretilla elevadora de la parte frontal<\/li>\n<\/ul>\n<p>&nbsp;<\/p>\n<p><strong>OPCI\u00d3NES BAJO PEDIDO:<\/strong><\/p>\n<ul>\n<li>Plataforma rotante con di\u00e0metro 1650 mm<\/li>\n<li>Columna prolongada para enfardar cargas con altura max de 2700 mm<\/li>\n<li>Carro de pre estiro al 200% ( relaci\u00f3n fija 1 mt = 3 mt ), con trasmisi\u00f3n directa por medio de engranajes y regulaci\u00f3n de la tensi\u00f3n del film desde el panel de control<\/li>\n<li>Sistema de b\u00e0scula, con sistema completo para imprimir etiquetas pra etiquetas mormales y\/o adhesivos<\/li>\n<\/ul>\n<p>&nbsp;<\/p>\n","protected":false},"excerpt":{"rendered":"<h3><strong>LA SOLUCI\u00d3N M\u00c1S SIMPLE Y ECON\u00d3MICA PARA LAS NECESIDADES DE BOBINADO<\/strong><\/h3>\n<p>&nbsp;<\/p>\n<p>ITALDIBIPACK presenta ECOSPIR EV, una novedad muy interesante en su gama de m\u00e1quinas para el embalaje de pallets con el objetivo de hacer su oferta a\u00fan m\u00e1s competitiva en t\u00e9rminos de calidad, rendimiento, flexibilidad y precio ..!<br \/>\nLos modelos ECOSPIR ELC \/ S-X y ECOSPIR IDX est\u00e1n ahora sustituidos por un \u00fanico modelo ECOSPIR EV, disponible en varias ejecuciones.<\/p>\n","protected":false},"featured_media":15494,"template":"","meta":{"_acf_changed":false,"_seopress_robots_primary_cat":"none","_seopress_titles_title":"ECOSPIR EV: Envolvedora de Plataforma | ITALDIBIPACK","_seopress_titles_desc":"La soluci\u00f3n m\u00e1s sencilla y econ\u00f3mica para el enfardado de palets. Plataforma giratoria fiable y f\u00e1cil de usar.","_seopress_robots_index":"","_eb_attr":"","_gspb_post_css":"","_kad_blocks_custom_css":"","_kad_blocks_head_custom_js":"","_kad_blocks_body_custom_js":"","_kad_blocks_footer_custom_js":"","_eb_data_table":"","_kad_post_transparent":"default","_kad_post_title":"","_kad_post_layout":"default","_kad_post_sidebar_id":"","_kad_post_content_style":"default","_kad_post_vertical_padding":"default","_kad_post_feature":"","_kad_post_feature_position":"","_kad_post_header":false,"_kad_post_footer":false,"_kad_post_classname":""},"product_brand":[],"product_cat":[324,140],"product_tag":[],"settore_applicazione":[],"campo_applicativo":[],"class_list":{"0":"post-1285","1":"product","2":"type-product","3":"status-publish","4":"has-post-thumbnail","6":"product_cat-envolvimento-de-palets","7":"product_cat-sistemas-a-plataforma-giratoria","9":"first","10":"instock","11":"taxable","12":"shipping-taxable","13":"purchasable","14":"product-type-simple","15":"entry","16":"content-bg","17":"loop-entry"},"acf":[],"taxonomy_info":{"product_cat":[{"value":324,"label":"Envolvimento de palets"},{"value":140,"label":"Sistemas a plataforma giratoria"}]},"featured_image_src_large":["https:\/\/www.italdibipack.com\/wp-content\/uploads\/2024\/02\/ECOSPIR-EV-avvolgitori-avvolgitori-a-tavola-rotante-ITALDIBIPACK-griglia-1024x1024.jpg",1024,1024,true],"author_info":[],"comment_info":"","_links":{"self":[{"href":"https:\/\/www.italdibipack.com\/es\/wp-json\/wp\/v2\/product\/1285","targetHints":{"allow":["GET"]}}],"collection":[{"href":"https:\/\/www.italdibipack.com\/es\/wp-json\/wp\/v2\/product"}],"about":[{"href":"https:\/\/www.italdibipack.com\/es\/wp-json\/wp\/v2\/types\/product"}],"wp:featuredmedia":[{"embeddable":true,"href":"https:\/\/www.italdibipack.com\/es\/wp-json\/wp\/v2\/media\/15494"}],"wp:attachment":[{"href":"https:\/\/www.italdibipack.com\/es\/wp-json\/wp\/v2\/media?parent=1285"}],"wp:term":[{"taxonomy":"product_brand","embeddable":true,"href":"https:\/\/www.italdibipack.com\/es\/wp-json\/wp\/v2\/product_brand?post=1285"},{"taxonomy":"product_cat","embeddable":true,"href":"https:\/\/www.italdibipack.com\/es\/wp-json\/wp\/v2\/product_cat?post=1285"},{"taxonomy":"product_tag","embeddable":true,"href":"https:\/\/www.italdibipack.com\/es\/wp-json\/wp\/v2\/product_tag?post=1285"},{"taxonomy":"settore_applicazione","embeddable":true,"href":"https:\/\/www.italdibipack.com\/es\/wp-json\/wp\/v2\/settore_applicazione?post=1285"},{"taxonomy":"campo_applicativo","embeddable":true,"href":"https:\/\/www.italdibipack.com\/es\/wp-json\/wp\/v2\/campo_applicativo?post=1285"}],"curies":[{"name":"wp","href":"https:\/\/api.w.org\/{rel}","templated":true}]}}