{"id":1288,"date":"2022-06-15T15:13:57","date_gmt":"2022-07-04T15:46:59","guid":{"rendered":"https:\/\/italdibipack.bozzaonline.it\/prodotto\/ecospir-matic\/"},"modified":"2024-07-15T17:23:25","modified_gmt":"2024-07-15T17:23:25","slug":"ecospir-matic","status":"publish","type":"product","link":"https:\/\/www.italdibipack.com\/es\/producto\/ecospir-matic\/","title":{"rendered":"ECOSPIR MATIC"},"content":{"rendered":"<h3><strong>PALETIZADORA CON CICLO DE TRABAJO COMPLETAMENTE AUTOM<\/strong>\u00c1TICO<\/h3>\n<p>Para ampliar a\u00fan m\u00e1s su gama de sistemas envolventes, Italdibipack Group ha presentado una NUEVa paletizadora con funcionamiento completamente el\u00e9ctrico (sin aire comprimido)\u00a0y est\u00e1 equipado con un sistema exclusivo para acoplar y cortar la pel\u00edcula PAT, de modo que el ciclo de envoltura es completamente autom\u00e1tico.<\/p>\n<ul>\n<li>Funcionamento electrico (no necessita aire comprimido); panel de comando digital con touch-screen integrado en la columna<\/li>\n<li>Exclusivo sistema de enganche y corte de film (el ciclo inicia y termina en la parte superior del palet)<\/li>\n<li>Selecciona tres diversos tipos de programs: automatico, semiautomatico, o solo parte superior<\/li>\n<li>Fotoc\u00e9lula para regular autom\u00e0ticamente la altura del palet<\/li>\n<li>Opcion de numero de vueltas superior e inferior del palet (desde 1 hasta 12 vueltas)<\/li>\n<li>Velocidad de moviento del carro porta-bobina regulable y transmisi\u00f3n tr\u00e1mite conta con dispositivo anti-caida<\/li>\n<li>Pulsador para el control manual de subida\/bajada del carro porta-bobina<\/li>\n<li>Aviso de rotura film de final bobina con reset en autom\u00e1tico<\/li>\n<li>Carro porta-bobina colocado en la parte lateral de la columna<\/li>\n<li>Pre estiro motorizadoal 200% (1 m = 3 m) con deteccion y regulacion autom\u00e1tica de velocidad de rotaci\u00f3n y de la cantidad de film utilizado para envolver el palet<\/li>\n<li>Dispositivo de seguridad en la bajada del carro porta-bobina en caso de bloqueo<\/li>\n<li>Control manual del plato giratorio<\/li>\n<li>Control de velocidad del plato giratorio (regulable entre 3 y 15 giros al minuto) con inicio y parada soft-parada en fase al final del ciclo<\/li>\n<li>Plato giratorio integrado a una plataforma cuadrada (rotaci\u00f3n tramite cadena con dispositivo de regulaci\u00f3n de la tensi\u00f3n) con 36 rodillos de soporte<\/li>\n<li>Indicador visual del estado de la m\u00e1quina (m\u00e1quina en funcionamento, maquina stand-by, anomalia)<\/li>\n<li>Pulsador de paro emergencia<\/li>\n<\/ul>\n","protected":false},"excerpt":{"rendered":"<h3><strong>PALETIZADORA CON CICLO DE TRABAJO COMPLETAMENTE AUTOM<\/strong>\u00c1TICO<\/h3>\n<p>Para ampliar a\u00fan m\u00e1s su gama de sistemas envolventes, Italdibipack Group ha presentado una NUEVa paletizadora con funcionamiento completamente el\u00e9ctrico (sin aire comprimido)\u00a0y est\u00e1 equipado con un sistema exclusivo para acoplar y cortar la pel\u00edcula PAT, de modo que el ciclo de envoltura es completamente autom\u00e1tico.<\/p>\n","protected":false},"featured_media":15539,"template":"","meta":{"_acf_changed":false,"_seopress_robots_primary_cat":"","_seopress_titles_title":"ECOSPIR MATIC: Envolvedora Autom\u00e1tica | ITALDIBIPACK","_seopress_titles_desc":"Envolvedora de palets completamente autom\u00e1tica para maximizar la eficiencia al final de la l\u00ednea.","_seopress_robots_index":"","_eb_attr":"","_gspb_post_css":"","_kad_blocks_custom_css":"","_kad_blocks_head_custom_js":"","_kad_blocks_body_custom_js":"","_kad_blocks_footer_custom_js":"","_eb_data_table":"","_kad_post_transparent":"default","_kad_post_title":"","_kad_post_layout":"default","_kad_post_sidebar_id":"","_kad_post_content_style":"default","_kad_post_vertical_padding":"default","_kad_post_feature":"","_kad_post_feature_position":"","_kad_post_header":false,"_kad_post_footer":false,"_kad_post_classname":""},"product_brand":[],"product_cat":[324,140],"product_tag":[],"settore_applicazione":[],"campo_applicativo":[],"class_list":{"0":"post-1288","1":"product","2":"type-product","3":"status-publish","4":"has-post-thumbnail","6":"product_cat-envolvimento-de-palets","7":"product_cat-sistemas-a-plataforma-giratoria","9":"first","10":"instock","11":"taxable","12":"shipping-taxable","13":"product-type-simple","14":"entry","15":"content-bg","16":"loop-entry"},"acf":[],"taxonomy_info":{"product_cat":[{"value":324,"label":"Envolvimento de palets"},{"value":140,"label":"Sistemas a plataforma giratoria"}]},"featured_image_src_large":["https:\/\/www.italdibipack.com\/wp-content\/uploads\/2024\/02\/ECOSPIR-MATIC-avvolgitori-avvolgitori-a-tavola-rotante-ITALDIBIPACK-griglia-1024x1024.jpg",1024,1024,true],"author_info":[],"comment_info":"","_links":{"self":[{"href":"https:\/\/www.italdibipack.com\/es\/wp-json\/wp\/v2\/product\/1288","targetHints":{"allow":["GET"]}}],"collection":[{"href":"https:\/\/www.italdibipack.com\/es\/wp-json\/wp\/v2\/product"}],"about":[{"href":"https:\/\/www.italdibipack.com\/es\/wp-json\/wp\/v2\/types\/product"}],"wp:featuredmedia":[{"embeddable":true,"href":"https:\/\/www.italdibipack.com\/es\/wp-json\/wp\/v2\/media\/15539"}],"wp:attachment":[{"href":"https:\/\/www.italdibipack.com\/es\/wp-json\/wp\/v2\/media?parent=1288"}],"wp:term":[{"taxonomy":"product_brand","embeddable":true,"href":"https:\/\/www.italdibipack.com\/es\/wp-json\/wp\/v2\/product_brand?post=1288"},{"taxonomy":"product_cat","embeddable":true,"href":"https:\/\/www.italdibipack.com\/es\/wp-json\/wp\/v2\/product_cat?post=1288"},{"taxonomy":"product_tag","embeddable":true,"href":"https:\/\/www.italdibipack.com\/es\/wp-json\/wp\/v2\/product_tag?post=1288"},{"taxonomy":"settore_applicazione","embeddable":true,"href":"https:\/\/www.italdibipack.com\/es\/wp-json\/wp\/v2\/settore_applicazione?post=1288"},{"taxonomy":"campo_applicativo","embeddable":true,"href":"https:\/\/www.italdibipack.com\/es\/wp-json\/wp\/v2\/campo_applicativo?post=1288"}],"curies":[{"name":"wp","href":"https:\/\/api.w.org\/{rel}","templated":true}]}}