{"id":1292,"date":"2022-06-15T15:13:57","date_gmt":"2022-07-04T15:46:59","guid":{"rendered":"https:\/\/italdibipack.bozzaonline.it\/prodotto\/nastropack-np-03-ev\/"},"modified":"2024-07-15T17:25:27","modified_gmt":"2024-07-15T17:25:27","slug":"nastropack-np-03-ev","status":"publish","type":"product","link":"https:\/\/www.italdibipack.com\/es\/producto\/nastropack-np-03-ev\/","title":{"rendered":"NASTROPACK NP 03 EV"},"content":{"rendered":"<h3>PRECINTADORAS PROFESIONALES \u2013 PRECINTADORAS PARA CAJAS CON MEDIDAS VARIABLES<\/h3>\n<p>NASTROPACK 03 EV es la soluci\u00f3n ideal para cerrar autom\u00e1ticamente las cajas con formas variables. La caja debe ser introducida con las solapas superiores ya cerradas y la m\u00e1quina adecua autom\u00e1ticamente la altura del grupo de cierre y el ancho de las cintas transportadoras. Adecuada para cerrar cajas de altura y anchura m\u00e1xima de 50 cm.<\/p>\n<p>Usan BOPP cintas adhesivas de anchura hasta 60 mm y di\u00e1metro m\u00e1ximo de 75 mm.<\/p>\n","protected":false},"excerpt":{"rendered":"<h3>PRECINTADORAS PROFESIONALES \u2013 PRECINTADORAS PARA CAJAS CON MEDIDAS VARIABLES<\/h3>\n<p>NASTROPACK 03 EV es la soluci\u00f3n ideal para cerrar autom\u00e1ticamente las cajas con formas variables. La caja debe ser introducida con las solapas superiores ya cerradas y la m\u00e1quina adecua autom\u00e1ticamente la altura del grupo de cierre y el ancho de las cintas transportadoras. Adecuada para cerrar cajas de altura y anchura m\u00e1xima de 50 cm.<\/p>\n<p>Usan BOPP cintas adhesivas de anchura hasta 60 mm y di\u00e1metro m\u00e1ximo de 75 mm.<\/p>\n","protected":false},"featured_media":16394,"template":"","meta":{"_acf_changed":false,"_seopress_robots_primary_cat":"","_seopress_titles_title":"NASTROPACK NP 03 EV: Cerradora Autom\u00e1tica | ITALDIBIPACK","_seopress_titles_desc":"Cerradora de cajas autom\u00e1tica para formatos variables. Ajuste autom\u00e1tico para un cierre r\u00e1pido y seguro.","_seopress_robots_index":"","_eb_attr":"","_gspb_post_css":"","_kad_blocks_custom_css":"","_kad_blocks_head_custom_js":"","_kad_blocks_body_custom_js":"","_kad_blocks_footer_custom_js":"","_eb_data_table":"","_kad_post_transparent":"default","_kad_post_title":"","_kad_post_layout":"default","_kad_post_sidebar_id":"","_kad_post_content_style":"default","_kad_post_vertical_padding":"default","_kad_post_feature":"","_kad_post_feature_position":"","_kad_post_header":false,"_kad_post_footer":false,"_kad_post_classname":""},"product_brand":[],"product_cat":[142],"product_tag":[],"settore_applicazione":[],"campo_applicativo":[],"class_list":{"0":"post-1292","1":"product","2":"type-product","3":"status-publish","4":"has-post-thumbnail","6":"product_cat-precintadoras-de-cajas","8":"first","9":"instock","10":"taxable","11":"shipping-taxable","12":"product-type-simple","13":"entry","14":"content-bg","15":"loop-entry"},"acf":[],"taxonomy_info":{"product_cat":[{"value":142,"label":"Precintadoras de cajas"}]},"featured_image_src_large":["https:\/\/www.italdibipack.com\/wp-content\/uploads\/2024\/02\/NASTROPACK-NP-03-EV-nastratrici-ITALDIBIPACK-griglia-1024x1024.jpg",1024,1024,true],"author_info":[],"comment_info":"","_links":{"self":[{"href":"https:\/\/www.italdibipack.com\/es\/wp-json\/wp\/v2\/product\/1292","targetHints":{"allow":["GET"]}}],"collection":[{"href":"https:\/\/www.italdibipack.com\/es\/wp-json\/wp\/v2\/product"}],"about":[{"href":"https:\/\/www.italdibipack.com\/es\/wp-json\/wp\/v2\/types\/product"}],"wp:featuredmedia":[{"embeddable":true,"href":"https:\/\/www.italdibipack.com\/es\/wp-json\/wp\/v2\/media\/16394"}],"wp:attachment":[{"href":"https:\/\/www.italdibipack.com\/es\/wp-json\/wp\/v2\/media?parent=1292"}],"wp:term":[{"taxonomy":"product_brand","embeddable":true,"href":"https:\/\/www.italdibipack.com\/es\/wp-json\/wp\/v2\/product_brand?post=1292"},{"taxonomy":"product_cat","embeddable":true,"href":"https:\/\/www.italdibipack.com\/es\/wp-json\/wp\/v2\/product_cat?post=1292"},{"taxonomy":"product_tag","embeddable":true,"href":"https:\/\/www.italdibipack.com\/es\/wp-json\/wp\/v2\/product_tag?post=1292"},{"taxonomy":"settore_applicazione","embeddable":true,"href":"https:\/\/www.italdibipack.com\/es\/wp-json\/wp\/v2\/settore_applicazione?post=1292"},{"taxonomy":"campo_applicativo","embeddable":true,"href":"https:\/\/www.italdibipack.com\/es\/wp-json\/wp\/v2\/campo_applicativo?post=1292"}],"curies":[{"name":"wp","href":"https:\/\/api.w.org\/{rel}","templated":true}]}}