{"id":1294,"date":"2022-06-15T15:13:57","date_gmt":"2022-07-04T15:46:59","guid":{"rendered":"https:\/\/italdibipack.bozzaonline.it\/prodotto\/deltareg-aa500\/"},"modified":"2024-07-15T17:26:35","modified_gmt":"2024-07-15T17:26:35","slug":"deltareg-aa500","status":"publish","type":"product","link":"https:\/\/www.italdibipack.com\/es\/producto\/deltareg-aa500\/","title":{"rendered":"DELTAREG AA500"},"content":{"rendered":"<h3>FLEJADORA AUTOM\u00c1TICA A ALTA VELOCIDAD<\/h3>\n<p align=\"justify\">Flejadora autom\u00e1tica con arco de alta velocidad con mesa de trabajo de acero plegable para apoyar el paquete, accionamiento autom\u00e1tico del fleje a trav\u00e9s de un pedal, tecla o fotoc\u00e9lula sobre la mesa de trabajo.<\/p>\n<ul>\n<li>Arco est\u00e1ndar de acero 700 x 500 mm<\/li>\n<li>Tarjeta el\u00e9ctrica de mandos<\/li>\n<li>Tecla de reset de serie<\/li>\n<li>Instalaci\u00f3n el\u00e9ctrica mandos operario 24V<\/li>\n<li>Mandos localizados en el lado del operario<\/li>\n<li>Soldadura instant\u00e1nea a trav\u00e9s de lama t\u00e9rmica<\/li>\n<li>Tensi\u00f3n del fleje regulable externamente<\/li>\n<li>Tensi\u00f3n \u00abfloja\u00bb con interruptor del cuadro de mandos<\/li>\n<li>Altura de la mesa de trabajo regulable (850 \/ 930)<\/li>\n<li>Cambio bobina autom\u00e1tico y freno al final de bobina<\/li>\n<li>M\u00e1quina con ruedas que permite una f\u00e1cil movilidad<\/li>\n<li>Opcional sobre pedido: doble pedal, doble pist\u00f3n para aplicaciones especiales, voltaje 380 V \u2013 3 Ph<\/li>\n<li>La m\u00e1quina trabaja con\u00a0fleje sint\u00e9tico PPL\/PET\/met\u00e1lica<\/li>\n<\/ul>\n<p>M\u00e1quina fabricada seg\u00fan normativas CE<\/p>\n","protected":false},"excerpt":{"rendered":"<h3>FLEJADORA AUTOM\u00c1TICA A ALTA VELOCIDAD<\/h3>\n<p align=\"justify\">Flejadora autom\u00e1tica con arco de alta velocidad con mesa de trabajo de acero plegable para apoyar el paquete, accionamiento autom\u00e1tico del fleje a trav\u00e9s de un pedal, tecla o fotoc\u00e9lula sobre la mesa de trabajo.<\/p>\n","protected":false},"featured_media":15289,"template":"","meta":{"_acf_changed":false,"_seopress_robots_primary_cat":"","_seopress_titles_title":"DELTAREG AA500: Envasadora Flowpack | ITALDIBIPACK","_seopress_titles_desc":"M\u00e1quina flowpack de alta gama DELTAREG AA500 para producci\u00f3n industrial intensiva. Tecnolog\u00eda punta.","_seopress_robots_index":"","_eb_attr":"","_gspb_post_css":"","_kad_blocks_custom_css":"","_kad_blocks_head_custom_js":"","_kad_blocks_body_custom_js":"","_kad_blocks_footer_custom_js":"","_eb_data_table":"","_kad_post_transparent":"default","_kad_post_title":"","_kad_post_layout":"default","_kad_post_sidebar_id":"","_kad_post_content_style":"default","_kad_post_vertical_padding":"default","_kad_post_feature":"","_kad_post_feature_position":"","_kad_post_header":false,"_kad_post_footer":false,"_kad_post_classname":""},"product_brand":[],"product_cat":[143],"product_tag":[],"settore_applicazione":[],"campo_applicativo":[],"class_list":{"0":"post-1294","1":"product","2":"type-product","3":"status-publish","4":"has-post-thumbnail","6":"product_cat-flejadoras","8":"first","9":"instock","10":"taxable","11":"shipping-taxable","12":"product-type-simple","13":"entry","14":"content-bg","15":"loop-entry"},"acf":[],"taxonomy_info":{"product_cat":[{"value":143,"label":"Flejadoras"}]},"featured_image_src_large":["https:\/\/www.italdibipack.com\/wp-content\/uploads\/2024\/02\/DELTAREG-AA500-reggiatrici-ITALDIBIPACK-griglia-1024x1024.jpg",1024,1024,true],"author_info":[],"comment_info":"","_links":{"self":[{"href":"https:\/\/www.italdibipack.com\/es\/wp-json\/wp\/v2\/product\/1294","targetHints":{"allow":["GET"]}}],"collection":[{"href":"https:\/\/www.italdibipack.com\/es\/wp-json\/wp\/v2\/product"}],"about":[{"href":"https:\/\/www.italdibipack.com\/es\/wp-json\/wp\/v2\/types\/product"}],"wp:featuredmedia":[{"embeddable":true,"href":"https:\/\/www.italdibipack.com\/es\/wp-json\/wp\/v2\/media\/15289"}],"wp:attachment":[{"href":"https:\/\/www.italdibipack.com\/es\/wp-json\/wp\/v2\/media?parent=1294"}],"wp:term":[{"taxonomy":"product_brand","embeddable":true,"href":"https:\/\/www.italdibipack.com\/es\/wp-json\/wp\/v2\/product_brand?post=1294"},{"taxonomy":"product_cat","embeddable":true,"href":"https:\/\/www.italdibipack.com\/es\/wp-json\/wp\/v2\/product_cat?post=1294"},{"taxonomy":"product_tag","embeddable":true,"href":"https:\/\/www.italdibipack.com\/es\/wp-json\/wp\/v2\/product_tag?post=1294"},{"taxonomy":"settore_applicazione","embeddable":true,"href":"https:\/\/www.italdibipack.com\/es\/wp-json\/wp\/v2\/settore_applicazione?post=1294"},{"taxonomy":"campo_applicativo","embeddable":true,"href":"https:\/\/www.italdibipack.com\/es\/wp-json\/wp\/v2\/campo_applicativo?post=1294"}],"curies":[{"name":"wp","href":"https:\/\/api.w.org\/{rel}","templated":true}]}}