{"id":1295,"date":"2022-06-15T15:13:57","date_gmt":"2022-07-04T15:46:59","guid":{"rendered":"https:\/\/italdibipack.bozzaonline.it\/prodotto\/deltareg-aa200\/"},"modified":"2024-07-15T17:26:24","modified_gmt":"2024-07-15T17:26:24","slug":"deltareg-aa200","status":"publish","type":"product","link":"https:\/\/www.italdibipack.com\/es\/producto\/deltareg-aa200\/","title":{"rendered":"DELTAREG AA200"},"content":{"rendered":"<h3>FLEJADORA AUTOM\u00c1TICA<\/h3>\n<p align=\"justify\">Flejadora autom\u00e1tica est\u00e1ndar con arco con mesa de trabajo en acero dotado de rodillos locos de movimiento para facilitar el transporte del producto, con accionamiento autom\u00e1tico de la flejadora a trav\u00e9s de un pedal o tecla.<\/p>\n<ul>\n<li>Arco est\u00e1ndar de acero 850 x 600 mm<\/li>\n<li>Tarjeta el\u00e9ctrica de mando<\/li>\n<li>Tecla de reset de serie<\/li>\n<li>Instalaci\u00f3n el\u00e9ctrica mandos operario 24V<\/li>\n<li>Mandos localizados en el lado del operario<\/li>\n<li>Soldadura instant\u00e1nea a trav\u00e9s de lama t\u00e9rmica<\/li>\n<li>3 motores con auto-freno<\/li>\n<li>Tensi\u00f3n del fleje regulable externamente<\/li>\n<li>Altura del plano de trabajo regulable (740 \/ 895)<\/li>\n<li>M\u00e1quinas con ruedas que permiten una f\u00e1cil movilidad<\/li>\n<li>Opcional bajo pedido: doble pedal, doble pist\u00f3npara aplicaciones especiales, voltaje 380 V \u2013 3 Ph<\/li>\n<li>La m\u00e1quina trabaja con\u00a0fleje sint\u00e9tico PPL\/PET\/met\u00e1lica-freno<\/li>\n<\/ul>\n","protected":false},"excerpt":{"rendered":"<h3>FLEJADORA AUTOM\u00c1TICA<\/h3>\n<p align=\"justify\">Flejadora autom\u00e1tica est\u00e1ndar con arco con mesa de trabajo en acero dotado de rodillos locos de movimiento para facilitar el transporte del producto, con accionamiento autom\u00e1tico de la flejadora a trav\u00e9s de un pedal o tecla.<\/p>\n","protected":false},"featured_media":15259,"template":"","meta":{"_acf_changed":false,"_seopress_robots_primary_cat":"","_seopress_titles_title":"DELTAREG AA200: Envasadora Flowpack | ITALDIBIPACK","_seopress_titles_desc":"Descubra las prestaciones de la m\u00e1quina flowpack DELTAREG AA200. Vers\u00e1til y fiable para cualquier producto.","_seopress_robots_index":"","_eb_attr":"","_gspb_post_css":"","_kad_blocks_custom_css":"","_kad_blocks_head_custom_js":"","_kad_blocks_body_custom_js":"","_kad_blocks_footer_custom_js":"","_eb_data_table":"","_kad_post_transparent":"default","_kad_post_title":"","_kad_post_layout":"default","_kad_post_sidebar_id":"","_kad_post_content_style":"default","_kad_post_vertical_padding":"default","_kad_post_feature":"","_kad_post_feature_position":"","_kad_post_header":false,"_kad_post_footer":false,"_kad_post_classname":""},"product_brand":[],"product_cat":[143],"product_tag":[],"settore_applicazione":[],"campo_applicativo":[],"class_list":{"0":"post-1295","1":"product","2":"type-product","3":"status-publish","4":"has-post-thumbnail","6":"product_cat-flejadoras","8":"first","9":"instock","10":"taxable","11":"shipping-taxable","12":"product-type-simple","13":"entry","14":"content-bg","15":"loop-entry"},"acf":[],"taxonomy_info":{"product_cat":[{"value":143,"label":"Flejadoras"}]},"featured_image_src_large":["https:\/\/www.italdibipack.com\/wp-content\/uploads\/2024\/02\/DELTAREG-AA200-reggiatrici-ITALDIBIPACK-griglia-1024x1024.jpg",1024,1024,true],"author_info":[],"comment_info":"","_links":{"self":[{"href":"https:\/\/www.italdibipack.com\/es\/wp-json\/wp\/v2\/product\/1295","targetHints":{"allow":["GET"]}}],"collection":[{"href":"https:\/\/www.italdibipack.com\/es\/wp-json\/wp\/v2\/product"}],"about":[{"href":"https:\/\/www.italdibipack.com\/es\/wp-json\/wp\/v2\/types\/product"}],"wp:featuredmedia":[{"embeddable":true,"href":"https:\/\/www.italdibipack.com\/es\/wp-json\/wp\/v2\/media\/15259"}],"wp:attachment":[{"href":"https:\/\/www.italdibipack.com\/es\/wp-json\/wp\/v2\/media?parent=1295"}],"wp:term":[{"taxonomy":"product_brand","embeddable":true,"href":"https:\/\/www.italdibipack.com\/es\/wp-json\/wp\/v2\/product_brand?post=1295"},{"taxonomy":"product_cat","embeddable":true,"href":"https:\/\/www.italdibipack.com\/es\/wp-json\/wp\/v2\/product_cat?post=1295"},{"taxonomy":"product_tag","embeddable":true,"href":"https:\/\/www.italdibipack.com\/es\/wp-json\/wp\/v2\/product_tag?post=1295"},{"taxonomy":"settore_applicazione","embeddable":true,"href":"https:\/\/www.italdibipack.com\/es\/wp-json\/wp\/v2\/settore_applicazione?post=1295"},{"taxonomy":"campo_applicativo","embeddable":true,"href":"https:\/\/www.italdibipack.com\/es\/wp-json\/wp\/v2\/campo_applicativo?post=1295"}],"curies":[{"name":"wp","href":"https:\/\/api.w.org\/{rel}","templated":true}]}}