{"id":1296,"date":"2022-06-15T15:13:57","date_gmt":"2022-07-04T15:46:59","guid":{"rendered":"https:\/\/italdibipack.bozzaonline.it\/prodotto\/deltareg-aa202x\/"},"modified":"2024-07-15T17:26:14","modified_gmt":"2024-07-15T17:26:14","slug":"deltareg-aa202x","status":"publish","type":"product","link":"https:\/\/www.italdibipack.com\/es\/producto\/deltareg-aa202x\/","title":{"rendered":"DELTAREG AA202X"},"content":{"rendered":"<h3>LA FLEJADORA M\u00c1S PR\u00c1CTICA Y ECON\u00d3MICA EN EL MERCADO<\/h3>\n<p>Flejadora semiautom\u00e1tica est\u00e1ndar: sencilla, robusta, de baja manutenci\u00f3n, disponible en el modelo abierto o cerrado.<\/p>\n<ul>\n<li>Tarjeta el\u00e9ctrica de mando<\/li>\n<li>Tecla de reset de serie<\/li>\n<li>Instalaci\u00f3n el\u00e9ctrica mandos operador 24V<\/li>\n<li>Soldadura instant\u00e1nea a trav\u00e9s de una lama t\u00e9rmica<\/li>\n<li>Motor auto-frenante<\/li>\n<li>Tensi\u00f3n del fleje regulable externamente<\/li>\n<li>Altura de la mesa de trabajo regulable (740 \/ 895) &#8211; bajo pedido<\/li>\n<li>M\u00e1quina con ruedas que permiten una f\u00e1cil movilidad<\/li>\n<li>La m\u00e1quina trabaja con\u00a0fleje sint\u00e9tico PPL\/PET\/met\u00e1lica<\/li>\n<\/ul>\n<p>M\u00e1quina fabricada seg\u00fan normativas CEE<\/p>\n","protected":false},"excerpt":{"rendered":"<h3>LA FLEJADORA M\u00c1S PR\u00c1CTICA Y ECON\u00d3MICA EN EL MERCADO<\/h3>\n<p>Flejadora semiautom\u00e1tica est\u00e1ndar: sencilla, robusta, de baja manutenci\u00f3n, disponible en el modelo abierto o cerrado.<\/p>\n","protected":false},"featured_media":15274,"template":"","meta":{"_acf_changed":false,"_seopress_robots_primary_cat":"","_seopress_titles_title":"Envasado Flowpack AA202X | ITALDIBIPACK","_seopress_titles_desc":"M\u00e1quina flowpack horizontal electr\u00f3nica para envases flexibles. Precisi\u00f3n y velocidad para su empresa.","_seopress_robots_index":"","_eb_attr":"","_gspb_post_css":"","_kad_blocks_custom_css":"","_kad_blocks_head_custom_js":"","_kad_blocks_body_custom_js":"","_kad_blocks_footer_custom_js":"","_eb_data_table":"","_kad_post_transparent":"default","_kad_post_title":"","_kad_post_layout":"default","_kad_post_sidebar_id":"","_kad_post_content_style":"default","_kad_post_vertical_padding":"default","_kad_post_feature":"","_kad_post_feature_position":"","_kad_post_header":false,"_kad_post_footer":false,"_kad_post_classname":""},"product_brand":[],"product_cat":[143],"product_tag":[],"settore_applicazione":[],"campo_applicativo":[],"class_list":{"0":"post-1296","1":"product","2":"type-product","3":"status-publish","4":"has-post-thumbnail","6":"product_cat-flejadoras","8":"first","9":"instock","10":"taxable","11":"shipping-taxable","12":"product-type-simple","13":"entry","14":"content-bg","15":"loop-entry"},"acf":[],"taxonomy_info":{"product_cat":[{"value":143,"label":"Flejadoras"}]},"featured_image_src_large":["https:\/\/www.italdibipack.com\/wp-content\/uploads\/2024\/02\/DELTAREG-AA202X-reggiatrici-ITALDIBIPACK-griglia-1024x1024.jpg",1024,1024,true],"author_info":[],"comment_info":"","_links":{"self":[{"href":"https:\/\/www.italdibipack.com\/es\/wp-json\/wp\/v2\/product\/1296","targetHints":{"allow":["GET"]}}],"collection":[{"href":"https:\/\/www.italdibipack.com\/es\/wp-json\/wp\/v2\/product"}],"about":[{"href":"https:\/\/www.italdibipack.com\/es\/wp-json\/wp\/v2\/types\/product"}],"wp:featuredmedia":[{"embeddable":true,"href":"https:\/\/www.italdibipack.com\/es\/wp-json\/wp\/v2\/media\/15274"}],"wp:attachment":[{"href":"https:\/\/www.italdibipack.com\/es\/wp-json\/wp\/v2\/media?parent=1296"}],"wp:term":[{"taxonomy":"product_brand","embeddable":true,"href":"https:\/\/www.italdibipack.com\/es\/wp-json\/wp\/v2\/product_brand?post=1296"},{"taxonomy":"product_cat","embeddable":true,"href":"https:\/\/www.italdibipack.com\/es\/wp-json\/wp\/v2\/product_cat?post=1296"},{"taxonomy":"product_tag","embeddable":true,"href":"https:\/\/www.italdibipack.com\/es\/wp-json\/wp\/v2\/product_tag?post=1296"},{"taxonomy":"settore_applicazione","embeddable":true,"href":"https:\/\/www.italdibipack.com\/es\/wp-json\/wp\/v2\/settore_applicazione?post=1296"},{"taxonomy":"campo_applicativo","embeddable":true,"href":"https:\/\/www.italdibipack.com\/es\/wp-json\/wp\/v2\/campo_applicativo?post=1296"}],"curies":[{"name":"wp","href":"https:\/\/api.w.org\/{rel}","templated":true}]}}