{"id":1297,"date":"2022-06-15T15:14:18","date_gmt":"2022-07-04T15:46:59","guid":{"rendered":"https:\/\/italdibipack.bozzaonline.it\/prodotto\/linea-ecopac\/"},"modified":"2024-07-15T17:13:17","modified_gmt":"2024-07-15T17:13:17","slug":"linea-ecopac","status":"publish","type":"product","link":"https:\/\/www.italdibipack.com\/es\/producto\/linea-ecopac\/","title":{"rendered":"LINEA ECOPAC"},"content":{"rendered":"<h3>SISTEMAS DE ENFAJADO\u00a0INNOVADOR Y RESISTENTE<\/h3>\n<p>L\u00ednea de enfajadoras manuales compactas, resistentes y pr\u00e1cticas, en vario formato, capaces de enfajar sencillamente y econ\u00f3micamente diferentes tipos de productos (botellas, vasos, contenedores, latas, estuches\u2026). La soluci\u00f3n ideal para sellar cajas, confeccionar piezas singulares integrando y\/o substituyendo, al final de la l\u00ednea, el uso de cart\u00f3n ondulado, con una gran ventaja de la perspectiva de la gesti\u00f3n, de la imagen y de los gastos. La l\u00ednea ECOPAC presenta el modelo 500 y 650.<\/p>\n<p><strong>CARACTERISTIQUES TECHNIQUES COMMUNES DE TOUS LES MODELS ECOPAC<\/strong><\/p>\n<ul>\n<li>Control de la temperatura electr\u00f3nico: el calentamiento del aire en el t\u00fanel adviene a trav\u00e9s de las resistencias el\u00e9ctricas aleteadas y blindadas<\/li>\n<li>La circulaci\u00f3n del aire en el t\u00fanel es a circuito cerrado, con la posibilidad de registrar el flujo a trav\u00e9s de mamparos ajustables para obtener mejores resultados en la retracci\u00f3n del film<\/li>\n<li>Cinta transportadora en el t\u00fanel hecha de malla de acero galvanizado<\/li>\n<li>El film se corta a trav\u00e9s de un hilo calentado, accion\u00e1ndolo con una palanca<\/li>\n<li>La m\u00e1quina trabaja con polietileno a hoja plana<\/li>\n<\/ul>\n<p>&nbsp;<\/p>\n<p>M\u00e1quina construida seg\u00fan normativa CE<\/p>\n<p>&nbsp;<\/p>\n","protected":false},"excerpt":{"rendered":"<h3>SISTEMAS DE ENFAJADO\u00a0INNOVADOR Y RESISTENTE<\/h3>\n<p>L\u00ednea de enfajadoras manuales compactas, resistentes y pr\u00e1cticas, en vario formato, capaces de enfajar sencillamente y econ\u00f3micamente diferentes tipos de productos (botellas, vasos, contenedores, latas, estuches\u2026). La soluci\u00f3n ideal para sellar cajas, confeccionar piezas singulares integrando y\/o substituyendo, al final de la l\u00ednea, el uso de cart\u00f3n ondulado, con una gran ventaja de la perspectiva de la gesti\u00f3n, de la imagen y de los gastos. La l\u00ednea ECOPAC presenta el modelo 500 y 650.<\/p>\n","protected":false},"featured_media":15464,"template":"","meta":{"_acf_changed":false,"_seopress_robots_primary_cat":"","_seopress_titles_title":"L\u00ednea ECOPAC: Envolvedoras de Palets | ITALDIBIPACK","_seopress_titles_desc":"Encuentre las mejores soluciones de enfardado de palets con la serie ECOPAC. M\u00e1quinas fiables para una estabilizaci\u00f3n segura.","_seopress_robots_index":"","_eb_attr":"","_gspb_post_css":"","_kad_blocks_custom_css":"","_kad_blocks_head_custom_js":"","_kad_blocks_body_custom_js":"","_kad_blocks_footer_custom_js":"","_eb_data_table":"","_kad_post_transparent":"default","_kad_post_title":"","_kad_post_layout":"default","_kad_post_sidebar_id":"","_kad_post_content_style":"default","_kad_post_vertical_padding":"default","_kad_post_feature":"","_kad_post_feature_position":"","_kad_post_header":false,"_kad_post_footer":false,"_kad_post_classname":""},"product_brand":[],"product_cat":[145],"product_tag":[],"settore_applicazione":[],"campo_applicativo":[],"class_list":{"0":"post-1297","1":"product","2":"type-product","3":"status-publish","4":"has-post-thumbnail","6":"product_cat-sistemas-de-enfajado-tradiccionales-y-especiales","8":"first","9":"instock","10":"taxable","11":"shipping-taxable","12":"product-type-simple","13":"entry","14":"content-bg","15":"loop-entry"},"acf":[],"taxonomy_info":{"product_cat":[{"value":145,"label":"Sistemas de enfajado tradiccionales y especiales"}]},"featured_image_src_large":["https:\/\/www.italdibipack.com\/wp-content\/uploads\/2024\/02\/ECOPAC-650-EV-macchine-confezionatrici-confezionatrici-per-fardelli-ITALDIBIPACK-griglia-1024x1024.jpg",1024,1024,true],"author_info":[],"comment_info":"","_links":{"self":[{"href":"https:\/\/www.italdibipack.com\/es\/wp-json\/wp\/v2\/product\/1297","targetHints":{"allow":["GET"]}}],"collection":[{"href":"https:\/\/www.italdibipack.com\/es\/wp-json\/wp\/v2\/product"}],"about":[{"href":"https:\/\/www.italdibipack.com\/es\/wp-json\/wp\/v2\/types\/product"}],"wp:featuredmedia":[{"embeddable":true,"href":"https:\/\/www.italdibipack.com\/es\/wp-json\/wp\/v2\/media\/15464"}],"wp:attachment":[{"href":"https:\/\/www.italdibipack.com\/es\/wp-json\/wp\/v2\/media?parent=1297"}],"wp:term":[{"taxonomy":"product_brand","embeddable":true,"href":"https:\/\/www.italdibipack.com\/es\/wp-json\/wp\/v2\/product_brand?post=1297"},{"taxonomy":"product_cat","embeddable":true,"href":"https:\/\/www.italdibipack.com\/es\/wp-json\/wp\/v2\/product_cat?post=1297"},{"taxonomy":"product_tag","embeddable":true,"href":"https:\/\/www.italdibipack.com\/es\/wp-json\/wp\/v2\/product_tag?post=1297"},{"taxonomy":"settore_applicazione","embeddable":true,"href":"https:\/\/www.italdibipack.com\/es\/wp-json\/wp\/v2\/settore_applicazione?post=1297"},{"taxonomy":"campo_applicativo","embeddable":true,"href":"https:\/\/www.italdibipack.com\/es\/wp-json\/wp\/v2\/campo_applicativo?post=1297"}],"curies":[{"name":"wp","href":"https:\/\/api.w.org\/{rel}","templated":true}]}}