{"id":1298,"date":"2022-06-15T15:14:18","date_gmt":"2022-07-04T15:46:59","guid":{"rendered":"https:\/\/italdibipack.bozzaonline.it\/prodotto\/linea-ecofard\/"},"modified":"2025-03-20T10:24:00","modified_gmt":"2025-03-20T10:24:00","slug":"linea-ecofard","status":"publish","type":"product","link":"https:\/\/www.italdibipack.com\/es\/producto\/linea-ecofard\/","title":{"rendered":"LINEA ECOFARD"},"content":{"rendered":"<h3>SISTEMAS DE ENFAJADO DE ALTA CALIDAD Y FIABILIDAD<\/h3>\n<p>La m\u00e1s innovadora y practica <u>l\u00ednea de m\u00e1quinas<\/u> semiautom\u00e1ticas y autom\u00e1ticas para enfajar una amplia gama de productos (botellas, vasos, contenedores, latas, estuches\u2026) y\/o proteger cajas, integrando y\/o substituyendo al final de la l\u00ednea cajas de cart\u00f3n con ventajas de gesti\u00f3n.<\/p>\n<p><u>El adelanto del producto cargado sobre la l\u00ednea ECOFARD<\/u>, puede ser por empuje (mod. SA) o cinta motorizada de cargo autom\u00e1tico (mod. AA). Despu\u00e9s, una barra soldante transversal (a movimiento neum\u00e1tico con regulaci\u00f3n electr\u00f3nica de la temperatura y a funcionamiento autom\u00e1tico) corta y sella el film. En este entonces, el producto entra en el t\u00fanel para la retracci\u00f3n. Los modelos de la l\u00ednea ECOFARD son cuatro: <strong>ECOFARD 500, 700, 900, 1250<\/strong>. Los modelos 700, 900 y 1250 est\u00e1n disponibles de serie en dos versiones: monobloque (MB) y bibloque (BB), para los productos m\u00e1s largos. Bajo pedido Italdibipack realiza l\u00edneas de enfajadoras a medida o especiales. La l\u00ednea ECOFARD es ideal para cualquiera realidad productiva.<\/p>\n<p><strong>CARACTERISTICAS PRINCIPALES COMUNES A TODOS LOS MODELOS DE LA L\u00cdNEA ECOFARD<\/strong><\/p>\n<ul>\n<li>Tiempo de soldadura ajustable electr\u00f3nicamente<\/li>\n<li>En los modelos MB, la cinta del t\u00fanel est\u00e1 sincronizada con el movimiento de la barra soldante para permitir el enfaje de los productos instables sin el utilizo de una bandeja de soporte<\/li>\n<li>En los modelos BB, el producto envuelto se queda en la zona de soldadura hasta que el enfaje siguiente lo empuje en la cinta transportadora del t\u00fanel, en continuo movimiento<\/li>\n<li>Cinta transportadora en el t\u00fanel hecha de malla de acero galvanizado<\/li>\n<li>Calentamiento del aire gracias a resistencias el\u00e9ctricas aleteadas y blindadas<\/li>\n<li>Circulaci\u00f3n del aire forzado a circuito cerrado, con posibilidad de registrar el flujo a trav\u00e9s de mamparos ajustables para obtener mejores resultados<\/li>\n<li>Partes de acero galvanizado resistentes a temperaturas de trabajo elevadas<\/li>\n<li>Carro de salida a velocidad cero en serie<\/li>\n<li>Pintura exterior a polvos<\/li>\n<li>Material utilizable LLDPE a hoja plana<\/li>\n<li>M\u00e1quina fabricada seg\u00fan normativas CE.<\/li>\n<\/ul>\n<p>&nbsp;<\/p>\n<p><strong>Opcional disponibles:<\/strong><\/p>\n<ul>\n<li>Carros verticales para compactar las excedencias de film a la salida del horno<\/li>\n<li>Pist\u00f3n despu\u00e9s de la barra soldante para parar los productos instables<\/li>\n<li>Control de velocidad sobre la cinta transportadora del t\u00fanel a trav\u00e9s de un inverter<\/li>\n<li>Cinta transportadora del t\u00fanel largo 800 mm m\u00e1s para un mejor enfriamiento del film<\/li>\n<li>Muchos otros m\u00e1s\u2026<\/li>\n<\/ul>\n","protected":false},"excerpt":{"rendered":"<h3>SISTEMAS DE ENFAJADO DE ALTA CALIDAD Y FIABILIDAD<\/h3>\n<p>La m\u00e1s innovadora y practica <u>l\u00ednea de m\u00e1quinas<\/u> semiautom\u00e1ticas y autom\u00e1ticas para enfajar una amplia gama de productos (botellas, vasos, contenedores, latas, estuches\u2026) y\/o proteger cajas, integrando y\/o substituyendo al final de la l\u00ednea cajas de cart\u00f3n con ventajas de gesti\u00f3n.<\/p>\n<p><u>El adelanto del producto cargado sobre la l\u00ednea ECOFARD<\/u>, puede ser por empuje (mod. SA) o cinta motorizada de cargo autom\u00e1tico (mod. AA). Despu\u00e9s, una barra soldante transversal (a movimiento neum\u00e1tico con regulaci\u00f3n electr\u00f3nica de la temperatura y a funcionamiento autom\u00e1tico) corta y sella el film. En este entonces, el producto entra en el t\u00fanel para la retracci\u00f3n. Los modelos de la l\u00ednea ECOFARD son cuatro: <strong>ECOFARD 500, 700, 900, 1250<\/strong>. Los modelos 700, 900 y 1250 est\u00e1n disponibles de serie en dos versiones: monobloque (MB) y bibloque (BB), para los productos m\u00e1s largos. Bajo pedido Italdibipack realiza l\u00edneas de enfajadoras a medida o especiales. La l\u00ednea ECOFARD es ideal para cualquiera realidad productiva.<\/p>\n","protected":false},"featured_media":15424,"template":"","meta":{"_acf_changed":false,"_seopress_robots_primary_cat":"none","_seopress_titles_title":"L\u00ednea ECOFARD: Envasadoras Retractiladoras | ITALDIBIPACK","_seopress_titles_desc":"Retractiladoras semiautom\u00e1ticas de la serie ECOFARD. Robustas, econ\u00f3micas e ideales para el agrupado de diversos productos.","_seopress_robots_index":"","_eb_attr":"","_gspb_post_css":"","_kad_blocks_custom_css":"","_kad_blocks_head_custom_js":"","_kad_blocks_body_custom_js":"","_kad_blocks_footer_custom_js":"","_eb_data_table":"","_kad_post_transparent":"default","_kad_post_title":"","_kad_post_layout":"default","_kad_post_sidebar_id":"","_kad_post_content_style":"default","_kad_post_vertical_padding":"default","_kad_post_feature":"","_kad_post_feature_position":"","_kad_post_header":false,"_kad_post_footer":false,"_kad_post_classname":""},"product_brand":[],"product_cat":[145],"product_tag":[],"settore_applicazione":[],"campo_applicativo":[],"class_list":{"0":"post-1298","1":"product","2":"type-product","3":"status-publish","4":"has-post-thumbnail","6":"product_cat-sistemas-de-enfajado-tradiccionales-y-especiales","8":"first","9":"instock","10":"taxable","11":"shipping-taxable","12":"product-type-simple","13":"entry","14":"content-bg","15":"loop-entry"},"acf":[],"taxonomy_info":{"product_cat":[{"value":145,"label":"Sistemas de enfajado tradiccionales y especiales"}]},"featured_image_src_large":["https:\/\/www.italdibipack.com\/wp-content\/uploads\/2024\/02\/ECOFARD-500-SA-MB-macchine-confezionatrici-confezionatrici-per-fardelli-ITALDIBIPACK-griglia-1024x1024.jpg",1024,1024,true],"author_info":[],"comment_info":"","_links":{"self":[{"href":"https:\/\/www.italdibipack.com\/es\/wp-json\/wp\/v2\/product\/1298","targetHints":{"allow":["GET"]}}],"collection":[{"href":"https:\/\/www.italdibipack.com\/es\/wp-json\/wp\/v2\/product"}],"about":[{"href":"https:\/\/www.italdibipack.com\/es\/wp-json\/wp\/v2\/types\/product"}],"wp:featuredmedia":[{"embeddable":true,"href":"https:\/\/www.italdibipack.com\/es\/wp-json\/wp\/v2\/media\/15424"}],"wp:attachment":[{"href":"https:\/\/www.italdibipack.com\/es\/wp-json\/wp\/v2\/media?parent=1298"}],"wp:term":[{"taxonomy":"product_brand","embeddable":true,"href":"https:\/\/www.italdibipack.com\/es\/wp-json\/wp\/v2\/product_brand?post=1298"},{"taxonomy":"product_cat","embeddable":true,"href":"https:\/\/www.italdibipack.com\/es\/wp-json\/wp\/v2\/product_cat?post=1298"},{"taxonomy":"product_tag","embeddable":true,"href":"https:\/\/www.italdibipack.com\/es\/wp-json\/wp\/v2\/product_tag?post=1298"},{"taxonomy":"settore_applicazione","embeddable":true,"href":"https:\/\/www.italdibipack.com\/es\/wp-json\/wp\/v2\/settore_applicazione?post=1298"},{"taxonomy":"campo_applicativo","embeddable":true,"href":"https:\/\/www.italdibipack.com\/es\/wp-json\/wp\/v2\/campo_applicativo?post=1298"}],"curies":[{"name":"wp","href":"https:\/\/api.w.org\/{rel}","templated":true}]}}