{"id":1299,"date":"2022-06-15T15:14:18","date_gmt":"2022-07-04T15:46:59","guid":{"rendered":"https:\/\/italdibipack.bozzaonline.it\/prodotto\/linea-ecofard-aol\/"},"modified":"2024-07-15T17:13:55","modified_gmt":"2024-07-15T17:13:55","slug":"linea-ecofard-aol","status":"publish","type":"product","link":"https:\/\/www.italdibipack.com\/es\/producto\/linea-ecofard-aol\/","title":{"rendered":"LINEA ECOFARD AOL"},"content":{"rendered":"<h3>SISTEMAS DE ANFAJADO TOTALMENTE AUTOM\u00c1TICO CON CARGA LATERAL<\/h3>\n<p>L\u00ednea de enfajadoras\u00a0totalmente autom\u00e1tico con carga lateral que permite crear paquetes m\u00faltiples en varios archivos sin la necesidad de un operador.<\/p>\n<p>Pr\u00e1ctico y r\u00e1pido, capaces de enfajar\u00a0una amplia gama de productos (botellas, vasos, contenedores, latas, estuches\u2026) y\/o proteger cajas, integrando y\/o substituyendo al final de la l\u00ednea cajas de cart\u00f3n con ventajas de gesti\u00f3n.<\/p>\n<p><strong>La m\u00e1quina es compacta, consta de un sistema de soldadura y un t\u00fanel para la retracci\u00f3n.<\/strong><\/p>\n<p>La operaci\u00f3n es muy simple: los productos se acumulan en el \u00e1rea de formaci\u00f3n paquetes\u00a0 mediante una cinta transportadora motorizada de carga colocada a 90 \u00b0 con respecto a la barra de sellado; una vez que el paquete se ha completado seg\u00fan el conjunto de datos (n\u00famero de piezas por fila y n\u00famero de archivo), un empujador operado neum\u00e1ticamente garantiza su transferencia a la unidad de bobinado\/soldadura.Despu\u00e9s, una barra soldante transversal (a movimiento neum\u00e1tico con regulaci\u00f3n electr\u00f3nica de la temperatura y a funcionamiento autom\u00e1tico) corta y sella el film. En este entonces, el producto entra en el t\u00fanel para la retracci\u00f3n.\u00a0Los modelos disponibles son: \u00a0500, 700, 900 e 1250.<\/p>\n<p><strong>La l\u00ednea ECOFARD AOL es ideal para\u00a0grandes realidad productiva.<\/strong><\/p>\n<p><strong>CARACTERISTICAS PRINCIPALES COMUNES A TODOS LOS MODELOS DE LA L\u00cdNEA ECOFARD AOL<\/strong><\/p>\n<ul>\n<li>Carga autom\u00e1tica LATERAL (90 \u00b0) con sistema de gu\u00eda de productos<\/li>\n<li>Empujador neum\u00e1tico para la introducci\u00f3n autom\u00e1tica del cargo formado hacia el \u00e1rea de soldadura<\/li>\n<li>Tiempo de soldadura ajustable electr\u00f3nicamente<\/li>\n<li>Barra de soldadura caliente recubierta de tefl\u00f3n con dos cuchillas de sellado<\/li>\n<li>Seguridad del bloqueo de descenso de la barra de sellado en caso de presencia de obst\u00e1culos<\/li>\n<li>Detecci\u00f3n de producto con sistema de fotoc\u00e9lula<\/li>\n<li>El producto envuelto permanece en la zona de soldadura, de modo que el siguiente paquete lo empuja hacia la cinta transportadora del t\u00fanel que est\u00e1 en constante movimiento<\/li>\n<li>Protecciones de piezas m\u00f3viles con paneles de aluminio, policarbonato y\/o hoja perforada<\/li>\n<li>Alimentador en l\u00ednea con velocidad constante<\/li>\n<li>Cinta transportadora en el t\u00fanel hecha de malla de acero galvanizado<\/li>\n<li>Calentamiento del aire gracias a resistencias el\u00e9ctricas aleteadas y blindadas<\/li>\n<li>Doble sistema de aislamiento diferenciado para una \u00f3ptima retenci\u00f3n del calor<\/li>\n<li>Circulaci\u00f3n del aire forzado a circuito cerrado, con posibilidad de registrar el flujo a trav\u00e9s de mamparos ajustables para obtener mejores resultados<\/li>\n<li>Ventilador de refrigeraci\u00f3n a la salida del t\u00fanel en serie<\/li>\n<li>Partes de acero galvanizado resistentes a temperaturas de trabajo elevadas<\/li>\n<li>Fotoc\u00e9lulas de lectura de producto para control autom\u00e1tico de filas<\/li>\n<li>Pintura exterior a polvos<\/li>\n<li>Sistema de doble bobina con desenrollado de pel\u00edcula motorizada.<\/li>\n<\/ul>\n<p>&nbsp;<\/p>\n<p><strong>Opcional disponibles:<\/strong><\/p>\n<ul>\n<li>Alimentador seg\u00fan las especificaciones del usuario.<\/li>\n<li>Carros verticales para compactar las excedencias de film a la salida del horno<\/li>\n<li>Campana del horno y altura de la subportadora seg\u00fan especificaci\u00f3n del usuario<\/li>\n<li>Pist\u00f3n despu\u00e9s de la barra soldante para parar los productos instables<\/li>\n<li>Control de velocidad sobre la cinta transportadora del t\u00fanel a trav\u00e9s de un inverter<\/li>\n<li>Cinta transportadora del t\u00fanel alargata para un mejor enfriamiento del film<\/li>\n<\/ul>\n<p>&nbsp;<\/p>\n<p>Material utilizable LLDPE a hoja plana<\/p>\n<p>M\u00e1quina fabricada seg\u00fan normativas CE.<\/p>\n","protected":false},"excerpt":{"rendered":"<h3>SISTEMAS DE ANFAJADO TOTALMENTE AUTOM\u00c1TICO CON CARGA LATERAL<\/h3>\n<p>L\u00ednea de enfajadoras\u00a0totalmente autom\u00e1tico con carga lateral que permite crear paquetes m\u00faltiples en varios archivos sin la necesidad de un operador.<\/p>\n<p>Pr\u00e1ctico y r\u00e1pido, capaces de enfajar\u00a0una amplia gama de productos (botellas, vasos, contenedores, latas, estuches\u2026) y\/o proteger cajas, integrando y\/o substituyendo al final de la l\u00ednea cajas de cart\u00f3n con ventajas de gesti\u00f3n.<\/p>\n<p><strong>La m\u00e1quina es compacta, consta de un sistema de soldadura y un t\u00fanel para la retracci\u00f3n.<\/strong><\/p>\n<p>La operaci\u00f3n es muy simple: los productos se acumulan en el \u00e1rea de formaci\u00f3n paquetes\u00a0 mediante una cinta transportadora motorizada de carga colocada a 90 \u00b0 con respecto a la barra de sellado; una vez que el paquete se ha completado seg\u00fan el conjunto de datos (n\u00famero de piezas por fila y n\u00famero de archivo), un empujador operado neum\u00e1ticamente garantiza su transferencia a la unidad de bobinado\/soldadura.Despu\u00e9s, una barra soldante transversal (a movimiento neum\u00e1tico con regulaci\u00f3n electr\u00f3nica de la temperatura y a funcionamiento autom\u00e1tico) corta y sella el film. En este entonces, el producto entra en el t\u00fanel para la retracci\u00f3n.\u00a0Los modelos disponibles son: \u00a0500, 700, 900 e 1250.<\/p>\n<p><strong>La l\u00ednea ECOFARD AOL es ideal para\u00a0grandes realidad productiva.<\/strong><\/p>\n","protected":false},"featured_media":15439,"template":"","meta":{"_acf_changed":false,"_seopress_robots_primary_cat":"","_seopress_titles_title":"ECOFARD AOL: Retractiladoras Autom\u00e1ticas | ITALDIBIPACK","_seopress_titles_desc":"M\u00e1quinas de retractilado autom\u00e1ticas en l\u00ednea de la serie ECOFARD AOL. Soluciones de alta eficiencia para grandes vol\u00famenes.","_seopress_robots_index":"","_eb_attr":"","_gspb_post_css":"","_kad_blocks_custom_css":"","_kad_blocks_head_custom_js":"","_kad_blocks_body_custom_js":"","_kad_blocks_footer_custom_js":"","_eb_data_table":"","_kad_post_transparent":"default","_kad_post_title":"","_kad_post_layout":"default","_kad_post_sidebar_id":"","_kad_post_content_style":"default","_kad_post_vertical_padding":"default","_kad_post_feature":"","_kad_post_feature_position":"","_kad_post_header":false,"_kad_post_footer":false,"_kad_post_classname":""},"product_brand":[],"product_cat":[145],"product_tag":[],"settore_applicazione":[],"campo_applicativo":[],"class_list":{"0":"post-1299","1":"product","2":"type-product","3":"status-publish","4":"has-post-thumbnail","6":"product_cat-sistemas-de-enfajado-tradiccionales-y-especiales","8":"first","9":"instock","10":"taxable","11":"shipping-taxable","12":"product-type-simple","13":"entry","14":"content-bg","15":"loop-entry"},"acf":[],"taxonomy_info":{"product_cat":[{"value":145,"label":"Sistemas de enfajado tradiccionales y especiales"}]},"featured_image_src_large":["https:\/\/www.italdibipack.com\/wp-content\/uploads\/2024\/02\/ECOFARD-700-AOL-macchine-confezionatrici-confezionatrici-per-fardelli-ITALDIBIPACK-griglia-1024x1024.jpg",1024,1024,true],"author_info":[],"comment_info":"","_links":{"self":[{"href":"https:\/\/www.italdibipack.com\/es\/wp-json\/wp\/v2\/product\/1299","targetHints":{"allow":["GET"]}}],"collection":[{"href":"https:\/\/www.italdibipack.com\/es\/wp-json\/wp\/v2\/product"}],"about":[{"href":"https:\/\/www.italdibipack.com\/es\/wp-json\/wp\/v2\/types\/product"}],"wp:featuredmedia":[{"embeddable":true,"href":"https:\/\/www.italdibipack.com\/es\/wp-json\/wp\/v2\/media\/15439"}],"wp:attachment":[{"href":"https:\/\/www.italdibipack.com\/es\/wp-json\/wp\/v2\/media?parent=1299"}],"wp:term":[{"taxonomy":"product_brand","embeddable":true,"href":"https:\/\/www.italdibipack.com\/es\/wp-json\/wp\/v2\/product_brand?post=1299"},{"taxonomy":"product_cat","embeddable":true,"href":"https:\/\/www.italdibipack.com\/es\/wp-json\/wp\/v2\/product_cat?post=1299"},{"taxonomy":"product_tag","embeddable":true,"href":"https:\/\/www.italdibipack.com\/es\/wp-json\/wp\/v2\/product_tag?post=1299"},{"taxonomy":"settore_applicazione","embeddable":true,"href":"https:\/\/www.italdibipack.com\/es\/wp-json\/wp\/v2\/settore_applicazione?post=1299"},{"taxonomy":"campo_applicativo","embeddable":true,"href":"https:\/\/www.italdibipack.com\/es\/wp-json\/wp\/v2\/campo_applicativo?post=1299"}],"curies":[{"name":"wp","href":"https:\/\/api.w.org\/{rel}","templated":true}]}}