{"id":1301,"date":"2022-06-15T15:14:18","date_gmt":"2022-07-04T15:47:41","guid":{"rendered":"https:\/\/italdibipack.bozzaonline.it\/prodotto\/tritacartoni-dibi320\/"},"modified":"2022-08-26T10:25:24","modified_gmt":"2022-08-26T10:25:24","slug":"tritacartoni-dibi320","status":"publish","type":"product","link":"https:\/\/www.italdibipack.com\/es\/producto\/tritacartoni-dibi320\/","title":{"rendered":"TRITURA-CARTONES DIBI320"},"content":{"rendered":"<p>&nbsp;<\/p>\n<p>Ecol\u00f3gica, permite ahorrar espacio y dinero; esta trituradora de cajas es una soluci\u00f3n para reducir los gastos para deshacer el material de desperdicio y el embalaje y para mantener m\u00e1s espacio en el almac\u00e9n.<\/p>\n<p>Las trituradoras ofrecen una soluci\u00f3n actualizada que transforma las cajas de cart\u00f3n en material de relleno. De esta manera se reduce mucho el uso de materiales de desperdicio no ecol\u00f3gico, como poliestireno, espuma de poliuretano y otros m\u00e1s.<\/p>\n<p>Anchura del corte del cart\u00f3n 320 mm y espesor 15 mm.<\/p>\n<p>M\u00e1quina fabricada seg\u00fan normativas CE.<\/p>\n","protected":false},"excerpt":{"rendered":"<p>&nbsp;<\/p>\n<p>Ecol\u00f3gica, permite ahorrar espacio y dinero; esta trituradora de cajas es una soluci\u00f3n para reducir los gastos para deshacer el material de desperdicio y el embalaje y para mantener m\u00e1s espacio en el almac\u00e9n.<\/p>\n<p>Las trituradoras ofrecen una soluci\u00f3n actualizada que transforma las cajas de cart\u00f3n en material de relleno. De esta manera se reduce mucho el uso de materiales de desperdicio no ecol\u00f3gico, como poliestireno, espuma de poliuretano y otros m\u00e1s.<\/p>\n<p>Anchura del corte del cart\u00f3n 320 mm y espesor 15 mm.<\/p>\n<p>M\u00e1quina fabricada seg\u00fan normativas CE.<\/p>\n","protected":false},"featured_media":14355,"template":"","meta":{"_acf_changed":false,"_seopress_robots_primary_cat":"","_seopress_titles_title":"DIBI320 Trituradora de Cart\u00f3n | ITALDIBIPACK","_seopress_titles_desc":"Transforme sus cartones usados en material de embalaje ecol\u00f3gico con la trituradora DIBI320. Protecci\u00f3n verde.","_seopress_robots_index":"","_eb_attr":"","_gspb_post_css":"","_kad_blocks_custom_css":"","_kad_blocks_head_custom_js":"","_kad_blocks_body_custom_js":"","_kad_blocks_footer_custom_js":"","_eb_data_table":"","_kad_post_transparent":"","_kad_post_title":"","_kad_post_layout":"","_kad_post_sidebar_id":"","_kad_post_content_style":"","_kad_post_vertical_padding":"","_kad_post_feature":"","_kad_post_feature_position":"","_kad_post_header":false,"_kad_post_footer":false,"_kad_post_classname":""},"product_brand":[],"product_cat":[148,15,149],"product_tag":[],"settore_applicazione":[],"campo_applicativo":[],"class_list":{"0":"post-1301","1":"product","2":"type-product","3":"status-publish","4":"has-post-thumbnail","6":"product_cat-accesorios","7":"product_cat-senza-categoria","8":"product_cat-sistemas-para-llenar","10":"first","11":"instock","12":"taxable","13":"shipping-taxable","14":"product-type-simple","15":"entry","16":"content-bg","17":"loop-entry"},"acf":[],"taxonomy_info":{"product_cat":[{"value":148,"label":"Accesorios"},{"value":15,"label":"Senza categoria"},{"value":149,"label":"Sistemas para llenar"}]},"featured_image_src_large":["https:\/\/www.italdibipack.com\/wp-content\/uploads\/2022\/06\/tritacartoni-ITALDIBIPACK.png",900,900,false],"author_info":[],"comment_info":"","_links":{"self":[{"href":"https:\/\/www.italdibipack.com\/es\/wp-json\/wp\/v2\/product\/1301","targetHints":{"allow":["GET"]}}],"collection":[{"href":"https:\/\/www.italdibipack.com\/es\/wp-json\/wp\/v2\/product"}],"about":[{"href":"https:\/\/www.italdibipack.com\/es\/wp-json\/wp\/v2\/types\/product"}],"wp:featuredmedia":[{"embeddable":true,"href":"https:\/\/www.italdibipack.com\/es\/wp-json\/wp\/v2\/media\/14355"}],"wp:attachment":[{"href":"https:\/\/www.italdibipack.com\/es\/wp-json\/wp\/v2\/media?parent=1301"}],"wp:term":[{"taxonomy":"product_brand","embeddable":true,"href":"https:\/\/www.italdibipack.com\/es\/wp-json\/wp\/v2\/product_brand?post=1301"},{"taxonomy":"product_cat","embeddable":true,"href":"https:\/\/www.italdibipack.com\/es\/wp-json\/wp\/v2\/product_cat?post=1301"},{"taxonomy":"product_tag","embeddable":true,"href":"https:\/\/www.italdibipack.com\/es\/wp-json\/wp\/v2\/product_tag?post=1301"},{"taxonomy":"settore_applicazione","embeddable":true,"href":"https:\/\/www.italdibipack.com\/es\/wp-json\/wp\/v2\/settore_applicazione?post=1301"},{"taxonomy":"campo_applicativo","embeddable":true,"href":"https:\/\/www.italdibipack.com\/es\/wp-json\/wp\/v2\/campo_applicativo?post=1301"}],"curies":[{"name":"wp","href":"https:\/\/api.w.org\/{rel}","templated":true}]}}