{"id":1302,"date":"2022-06-15T15:14:18","date_gmt":"2022-07-04T15:47:41","guid":{"rendered":"https:\/\/italdibipack.bozzaonline.it\/prodotto\/dibiblow\/"},"modified":"2022-08-26T10:25:24","modified_gmt":"2022-08-26T10:25:24","slug":"dibiblow","status":"publish","type":"product","link":"https:\/\/www.italdibipack.com\/es\/producto\/dibiblow\/","title":{"rendered":"DIBIBLOW"},"content":{"rendered":"<p>El peque\u00f1o y pr\u00e1ctico modelo DIBIBLOW es el nuevo sistema para la producci\u00f3n de \u00abalmohadillas de aire\u00bb de banco sin necesidad de un compresor.<\/p>\n<p>La m\u00e1quina\u00a0produce hasta 20 m\/min de\u00a0almohadillas de aire in PE-HD\u00a0en tres tama\u00f1os diferentes.<\/p>\n<p>&nbsp;<\/p>\n<p><u>\u00a0<\/u><strong><u>Caracter\u00edsticas:<\/u><\/strong><\/p>\n<ul>\n<li>Tama\u00f1o de la almohada 200&#215;100 mm &#8211; 200&#215;140 mm &#8211; 200&#215;200 mm<\/li>\n<li>Fijaci\u00f3n de contadores a producir con parada autom\u00e1tica.<\/li>\n<li>Consumo de energ\u00eda 660 W<\/li>\n<li>Producci\u00f3n de almohada: 4 min para realizar 1 m3.<\/li>\n<\/ul>\n","protected":false},"excerpt":{"rendered":"<p>El peque\u00f1o y pr\u00e1ctico modelo DIBIBLOW es el nuevo sistema para la producci\u00f3n de \u00abalmohadillas de aire\u00bb de banco sin necesidad de un compresor.<\/p>\n<p>La m\u00e1quina\u00a0produce hasta 20 m\/min de\u00a0almohadillas de aire in PE-HD\u00a0en tres tama\u00f1os diferentes.<\/p>\n<p>&nbsp;<\/p>\n","protected":false},"featured_media":14375,"template":"","meta":{"_acf_changed":false,"_seopress_robots_primary_cat":"","_seopress_titles_title":"DIBIBLOW: M\u00e1quina de Cojines de Aire | ITALDIBIPACK","_seopress_titles_desc":"Producci\u00f3n de cojines de aire bajo demanda para la protecci\u00f3n de productos. Ligero, r\u00e1pido y econ\u00f3mico.","_seopress_robots_index":"","_eb_attr":"","_gspb_post_css":"","_kad_blocks_custom_css":"","_kad_blocks_head_custom_js":"","_kad_blocks_body_custom_js":"","_kad_blocks_footer_custom_js":"","_eb_data_table":"","_kad_post_transparent":"","_kad_post_title":"","_kad_post_layout":"","_kad_post_sidebar_id":"","_kad_post_content_style":"","_kad_post_vertical_padding":"","_kad_post_feature":"","_kad_post_feature_position":"","_kad_post_header":false,"_kad_post_footer":false,"_kad_post_classname":""},"product_brand":[],"product_cat":[148,15,149],"product_tag":[],"settore_applicazione":[],"campo_applicativo":[],"class_list":{"0":"post-1302","1":"product","2":"type-product","3":"status-publish","4":"has-post-thumbnail","6":"product_cat-accesorios","7":"product_cat-senza-categoria","8":"product_cat-sistemas-para-llenar","10":"first","11":"instock","12":"taxable","13":"shipping-taxable","14":"product-type-simple","15":"entry","16":"content-bg","17":"loop-entry"},"acf":[],"taxonomy_info":{"product_cat":[{"value":148,"label":"Accesorios"},{"value":15,"label":"Senza categoria"},{"value":149,"label":"Sistemas para llenar"}]},"featured_image_src_large":["https:\/\/www.italdibipack.com\/wp-content\/uploads\/2022\/06\/dibiblow-ITALDIBIPACK-1-1024x1024.png",1024,1024,true],"author_info":[],"comment_info":"","_links":{"self":[{"href":"https:\/\/www.italdibipack.com\/es\/wp-json\/wp\/v2\/product\/1302","targetHints":{"allow":["GET"]}}],"collection":[{"href":"https:\/\/www.italdibipack.com\/es\/wp-json\/wp\/v2\/product"}],"about":[{"href":"https:\/\/www.italdibipack.com\/es\/wp-json\/wp\/v2\/types\/product"}],"wp:featuredmedia":[{"embeddable":true,"href":"https:\/\/www.italdibipack.com\/es\/wp-json\/wp\/v2\/media\/14375"}],"wp:attachment":[{"href":"https:\/\/www.italdibipack.com\/es\/wp-json\/wp\/v2\/media?parent=1302"}],"wp:term":[{"taxonomy":"product_brand","embeddable":true,"href":"https:\/\/www.italdibipack.com\/es\/wp-json\/wp\/v2\/product_brand?post=1302"},{"taxonomy":"product_cat","embeddable":true,"href":"https:\/\/www.italdibipack.com\/es\/wp-json\/wp\/v2\/product_cat?post=1302"},{"taxonomy":"product_tag","embeddable":true,"href":"https:\/\/www.italdibipack.com\/es\/wp-json\/wp\/v2\/product_tag?post=1302"},{"taxonomy":"settore_applicazione","embeddable":true,"href":"https:\/\/www.italdibipack.com\/es\/wp-json\/wp\/v2\/settore_applicazione?post=1302"},{"taxonomy":"campo_applicativo","embeddable":true,"href":"https:\/\/www.italdibipack.com\/es\/wp-json\/wp\/v2\/campo_applicativo?post=1302"}],"curies":[{"name":"wp","href":"https:\/\/api.w.org\/{rel}","templated":true}]}}