{"id":1309,"date":"2022-06-15T15:14:18","date_gmt":"2022-07-04T15:47:41","guid":{"rendered":"https:\/\/italdibipack.bozzaonline.it\/prodotto\/nastri-adesivi\/"},"modified":"2022-08-26T10:25:25","modified_gmt":"2022-08-26T10:25:25","slug":"nastri-adesivi","status":"publish","type":"product","link":"https:\/\/www.italdibipack.com\/es\/producto\/nastri-adesivi\/","title":{"rendered":"CINTAS ADHESIVAS"},"content":{"rendered":"<p>Cintas adhesivas de optima calidad y m\u00e1ximo rendimiento, tambi\u00e9n en condiciones clim\u00e1ticas extremas.<br \/>\nIndispensable para el embalaje de productos que se quedan en stock y de productos que viajan en container.<\/p>\n<p><strong>USO MANUAL<\/strong><\/p>\n<ul>\n<li>Ancho:\u00a0 50\/75\u00a0mm<\/li>\n<li>Largo: 66\/132\/180 m<\/li>\n<li>Colores: blanco, avana-marr\u00f3n y trasparente<\/li>\n<\/ul>\n<p>&nbsp;<\/p>\n<p><strong>USO AUTOM\u00c1TICO<\/strong><\/p>\n<ul>\n<li>Ancho: 50\/75 mm<\/li>\n<li>Largo: 330\/660\/990 m<\/li>\n<\/ul>\n<p>&nbsp;<\/p>\n<p><strong>ALTA PRODUCCI\u00d3N<\/strong><\/p>\n<p>Para el uso con m\u00e1quinas de cinta autom\u00e1tica de alta capacidad.<\/p>\n<ul>\n<li>Ancho: 50 mm<\/li>\n<li>Largo: 1500\/2000 m<\/li>\n<li>Cierran hasta 2000 cajas (calculando el tama\u00f1o est\u00e1ndar de 1 m por caja).<\/li>\n<\/ul>\n","protected":false},"excerpt":{"rendered":"<p>Cintas adhesivas de optima calidad y m\u00e1ximo rendimiento, tambi\u00e9n en condiciones clim\u00e1ticas extremas.<br \/>\nIndispensable para el embalaje de productos que se quedan en stock y de productos que viajan en container.<\/p>\n<p><strong>USO MANUAL<\/strong><\/p>\n<ul>\n<li>Ancho:\u00a0 50\/75\u00a0mm<\/li>\n<li>Largo: 66\/132\/180 m<\/li>\n<li>Colores: blanco, avana-marr\u00f3n y trasparente<\/li>\n<\/ul>\n<p>&nbsp;<\/p>\n<p><strong>USO AUTOM\u00c1TICO<\/strong><\/p>\n<ul>\n<li>Ancho: 50\/75 mm<\/li>\n<li>Largo: 330\/660\/990 m<\/li>\n<\/ul>\n<p>&nbsp;<\/p>\n<p><strong>ALTA PRODUCCI\u00d3N<\/strong><\/p>\n<p>Para el uso con m\u00e1quinas de cinta autom\u00e1tica de alta capacidad.<\/p>\n<ul>\n<li>Ancho: 50 mm<\/li>\n<li>Largo: 1500\/2000 m<\/li>\n<li>Cierran hasta 2000 cajas (calculando el tama\u00f1o est\u00e1ndar de 1 m por caja).<\/li>\n<\/ul>\n","protected":false},"featured_media":14277,"template":"","meta":{"_acf_changed":false,"_seopress_robots_primary_cat":"","_seopress_titles_title":"Cintas Adhesivas Industriales | ITALDIBIPACK","_seopress_titles_desc":"Amplia gama de cintas adhesivas para el cierre de cajas. Alta adherencia para todas las necesidades industriales.","_seopress_robots_index":"","_eb_attr":"","_gspb_post_css":"","_kad_blocks_custom_css":"","_kad_blocks_head_custom_js":"","_kad_blocks_body_custom_js":"","_kad_blocks_footer_custom_js":"","_eb_data_table":"","_kad_post_transparent":"","_kad_post_title":"","_kad_post_layout":"","_kad_post_sidebar_id":"","_kad_post_content_style":"","_kad_post_vertical_padding":"","_kad_post_feature":"","_kad_post_feature_position":"","_kad_post_header":false,"_kad_post_footer":false,"_kad_post_classname":""},"product_brand":[],"product_cat":[153,146,15],"product_tag":[],"settore_applicazione":[],"campo_applicativo":[],"class_list":{"0":"post-1309","1":"product","2":"type-product","3":"status-publish","4":"has-post-thumbnail","6":"product_cat-cintas","7":"product_cat-materiales","8":"product_cat-senza-categoria","10":"first","11":"instock","12":"taxable","13":"shipping-taxable","14":"product-type-simple","15":"entry","16":"content-bg","17":"loop-entry"},"acf":[],"taxonomy_info":{"product_cat":[{"value":153,"label":"Cintas"},{"value":146,"label":"Materiales"},{"value":15,"label":"Senza categoria"}]},"featured_image_src_large":["https:\/\/www.italdibipack.com\/wp-content\/uploads\/2022\/06\/nastri-adesivi-ITALDIBIPACK.png",600,600,false],"author_info":[],"comment_info":"","_links":{"self":[{"href":"https:\/\/www.italdibipack.com\/es\/wp-json\/wp\/v2\/product\/1309","targetHints":{"allow":["GET"]}}],"collection":[{"href":"https:\/\/www.italdibipack.com\/es\/wp-json\/wp\/v2\/product"}],"about":[{"href":"https:\/\/www.italdibipack.com\/es\/wp-json\/wp\/v2\/types\/product"}],"wp:featuredmedia":[{"embeddable":true,"href":"https:\/\/www.italdibipack.com\/es\/wp-json\/wp\/v2\/media\/14277"}],"wp:attachment":[{"href":"https:\/\/www.italdibipack.com\/es\/wp-json\/wp\/v2\/media?parent=1309"}],"wp:term":[{"taxonomy":"product_brand","embeddable":true,"href":"https:\/\/www.italdibipack.com\/es\/wp-json\/wp\/v2\/product_brand?post=1309"},{"taxonomy":"product_cat","embeddable":true,"href":"https:\/\/www.italdibipack.com\/es\/wp-json\/wp\/v2\/product_cat?post=1309"},{"taxonomy":"product_tag","embeddable":true,"href":"https:\/\/www.italdibipack.com\/es\/wp-json\/wp\/v2\/product_tag?post=1309"},{"taxonomy":"settore_applicazione","embeddable":true,"href":"https:\/\/www.italdibipack.com\/es\/wp-json\/wp\/v2\/settore_applicazione?post=1309"},{"taxonomy":"campo_applicativo","embeddable":true,"href":"https:\/\/www.italdibipack.com\/es\/wp-json\/wp\/v2\/campo_applicativo?post=1309"}],"curies":[{"name":"wp","href":"https:\/\/api.w.org\/{rel}","templated":true}]}}