{"id":1312,"date":"2022-06-15T15:14:18","date_gmt":"2022-07-04T15:47:41","guid":{"rendered":"https:\/\/italdibipack.bozzaonline.it\/prodotto\/film-estensibile-per-uso-manuale\/"},"modified":"2022-08-26T10:25:26","modified_gmt":"2022-08-26T10:25:26","slug":"film-estensibile-per-uso-manuale","status":"publish","type":"product","link":"https:\/\/www.italdibipack.com\/es\/producto\/film-estensibile-per-uso-manuale\/","title":{"rendered":"FILM EXTENSIBLE PARA USO MANUAL"},"content":{"rendered":"<p>El film extensible manual est\u00e1 disponible en diferentes anchuras y grosores, para adaptarse bien a las diferentes exigencias de los clientes.<\/p>\n<p>Las bobinas de FILM EXTENSIBLE MANUAL tienen un peso limitado para favorecer el trabajo del operador. Este tipo de pel\u00edcula es muy sencillo, adapto para m\u00faltiples usos, sobre todo para los que tienen una producci\u00f3n limitada o para arreglar palets mal envueltos.<\/p>\n<p>Este tipo de film puede utilizarse de diferentes maneras: cubrir el producto, protegerlo y conferirle estabilidad durante el porte.<\/p>\n<p>Se aplica \u201ca fr\u00edo\u201d y gracias a su memoria el\u00e1stica y a su superficie auto-pegante asegura una fuerte adhesi\u00f3n del producto al palet.<\/p>\n<p>Hace parte de la gama de film extensible manual tambi\u00e9n el EXTENSIBLE MANUAL PRE-ESTIRADO: gracias a su excepcional memoria el\u00e1stica, permite una mejor estabilidad del palet, limitando el consumo de pl\u00e1stico; su espesor reducido y su elasticidad hacen que estas bobinas sean muy ligeras y c\u00f3modas para manejar.<\/p>\n<p>&nbsp;<\/p>\n<p>Bajo pedido est\u00e1 disponible el DISPENSADOR (en neutro, blanco o negro).<\/p>\n<p>El film extensible manual tiene las siguientes caracter\u00edsticas:<\/p>\n<ul>\n<li>Material: stretch<\/li>\n<li>Espesor: 23 my est\u00e1ndar (otros espesores bajo pedido)<\/li>\n<li>Espesor pre-estirado manual: 10 my (otros espesores bajo pedido)<\/li>\n<li>Peso de cada bobina: 2,5 Kg<\/li>\n<li>Ancho de la bobina: 500 mm<\/li>\n<li>Color: transparente, blanco y negro (otros colores bajo pedido)<\/li>\n<\/ul>\n","protected":false},"excerpt":{"rendered":"<p>El film extensible manual est\u00e1 disponible en diferentes anchuras y grosores, para adaptarse bien a las diferentes exigencias de los clientes.<\/p>\n<p>Las bobinas de FILM EXTENSIBLE MANUAL tienen un peso limitado para favorecer el trabajo del operador. Este tipo de pel\u00edcula es muy sencillo, adapto para m\u00faltiples usos, sobre todo para los que tienen una producci\u00f3n limitada o para arreglar palets mal envueltos.<\/p>\n<p>Este tipo de film puede utilizarse de diferentes maneras: cubrir el producto, protegerlo y conferirle estabilidad durante el porte.<\/p>\n<p>Se aplica \u201ca fr\u00edo\u201d y gracias a su memoria el\u00e1stica y a su superficie auto-pegante asegura una fuerte adhesi\u00f3n del producto al palet.<\/p>\n<p>Hace parte de la gama de film extensible manual tambi\u00e9n el EXTENSIBLE MANUAL PRE-ESTIRADO: gracias a su excepcional memoria el\u00e1stica, permite una mejor estabilidad del palet, limitando el consumo de pl\u00e1stico; su espesor reducido y su elasticidad hacen que estas bobinas sean muy ligeras y c\u00f3modas para manejar.<\/p>\n<p>&nbsp;<\/p>\n<p>Bajo pedido est\u00e1 disponible el DISPENSADOR (en neutro, blanco o negro).<\/p>\n<p>El film extensible manual tiene las siguientes caracter\u00edsticas:<\/p>\n<ul>\n<li>Material: stretch<\/li>\n<li>Espesor: 23 my est\u00e1ndar (otros espesores bajo pedido)<\/li>\n<li>Espesor pre-estirado manual: 10 my (otros espesores bajo pedido)<\/li>\n<li>Peso de cada bobina: 2,5 Kg<\/li>\n<li>Ancho de la bobina: 500 mm<\/li>\n<li>Color: transparente, blanco y negro (otros colores bajo pedido)<\/li>\n<\/ul>\n","protected":false},"featured_media":14246,"template":"","meta":{"_acf_changed":false,"_seopress_robots_primary_cat":"","_seopress_titles_title":"Film Extensible Manual para Enfardado | ITALDIBIPACK","_seopress_titles_desc":"Film extensible manual de calidad premium para asegurar palets. Duradero y f\u00e1cil de aplicar.","_seopress_robots_index":"","_eb_attr":"","_gspb_post_css":"","_kad_blocks_custom_css":"","_kad_blocks_head_custom_js":"","_kad_blocks_body_custom_js":"","_kad_blocks_footer_custom_js":"","_eb_data_table":"","_kad_post_transparent":"","_kad_post_title":"","_kad_post_layout":"","_kad_post_sidebar_id":"","_kad_post_content_style":"","_kad_post_vertical_padding":"","_kad_post_feature":"","_kad_post_feature_position":"","_kad_post_header":false,"_kad_post_footer":false,"_kad_post_classname":""},"product_brand":[],"product_cat":[155,146,15],"product_tag":[],"settore_applicazione":[],"campo_applicativo":[],"class_list":{"0":"post-1312","1":"product","2":"type-product","3":"status-publish","4":"has-post-thumbnail","6":"product_cat-film-extensibles","7":"product_cat-materiales","8":"product_cat-senza-categoria","10":"first","11":"instock","12":"taxable","13":"shipping-taxable","14":"purchasable","15":"product-type-simple","16":"entry","17":"content-bg","18":"loop-entry"},"acf":[],"taxonomy_info":{"product_cat":[{"value":155,"label":"Film extensibles"},{"value":146,"label":"Materiales"},{"value":15,"label":"Senza categoria"}]},"featured_image_src_large":["https:\/\/www.italdibipack.com\/wp-content\/uploads\/2022\/06\/film-estensibili-manuali-ITALDIBIPACK-1024x1024.png",1024,1024,true],"author_info":[],"comment_info":"","_links":{"self":[{"href":"https:\/\/www.italdibipack.com\/es\/wp-json\/wp\/v2\/product\/1312","targetHints":{"allow":["GET"]}}],"collection":[{"href":"https:\/\/www.italdibipack.com\/es\/wp-json\/wp\/v2\/product"}],"about":[{"href":"https:\/\/www.italdibipack.com\/es\/wp-json\/wp\/v2\/types\/product"}],"wp:featuredmedia":[{"embeddable":true,"href":"https:\/\/www.italdibipack.com\/es\/wp-json\/wp\/v2\/media\/14246"}],"wp:attachment":[{"href":"https:\/\/www.italdibipack.com\/es\/wp-json\/wp\/v2\/media?parent=1312"}],"wp:term":[{"taxonomy":"product_brand","embeddable":true,"href":"https:\/\/www.italdibipack.com\/es\/wp-json\/wp\/v2\/product_brand?post=1312"},{"taxonomy":"product_cat","embeddable":true,"href":"https:\/\/www.italdibipack.com\/es\/wp-json\/wp\/v2\/product_cat?post=1312"},{"taxonomy":"product_tag","embeddable":true,"href":"https:\/\/www.italdibipack.com\/es\/wp-json\/wp\/v2\/product_tag?post=1312"},{"taxonomy":"settore_applicazione","embeddable":true,"href":"https:\/\/www.italdibipack.com\/es\/wp-json\/wp\/v2\/settore_applicazione?post=1312"},{"taxonomy":"campo_applicativo","embeddable":true,"href":"https:\/\/www.italdibipack.com\/es\/wp-json\/wp\/v2\/campo_applicativo?post=1312"}],"curies":[{"name":"wp","href":"https:\/\/api.w.org\/{rel}","templated":true}]}}