{"id":1313,"date":"2022-06-15T15:14:18","date_gmt":"2022-07-04T15:47:41","guid":{"rendered":"https:\/\/italdibipack.bozzaonline.it\/prodotto\/film-estensibile-macchinabile\/"},"modified":"2022-08-26T10:25:26","modified_gmt":"2022-08-26T10:25:26","slug":"film-estensibile-macchinabile","status":"publish","type":"product","link":"https:\/\/www.italdibipack.com\/es\/producto\/film-estensibile-macchinabile\/","title":{"rendered":"FILM EXTENSIBLE MEC\u00c1NICO"},"content":{"rendered":"<p>El film extensible mec\u00e1nico, como el manual, se proporciona en bobinas con peso limitado. Se monta en las enfardadoras a plataforma giratoria y en los robots. La pel\u00edcula auto-pegante y el\u00e1stica bloquea el producto, impidiendo movimientos peligrosos del mismo y manteni\u00e9ndolo estable y compacto.<\/p>\n<p>&nbsp;<\/p>\n<p>Este tipo de film posee una elevada capacidad de adaptarse a la forma del palet.<\/p>\n<p>Generalmente se usa el transparente porque permite identificar con facilidad el contenido del embalaje, pero puede ser tambi\u00e9n colorado, blanco o negro.<\/p>\n<p>Tambi\u00e9n para esta gama hay la disponibilidad del FILM PRE-ESTIRADO que permite una mejor estabilidad del producto sobre el palet, m\u00e1s resistencia a las esquinas vivas y a los golpes. Todo esto a\u00f1adiendo un consumo de pl\u00e1stico reducido.<\/p>\n<p>El film extensible mec\u00e1nico tiene las siguientes caracter\u00edsticas:<\/p>\n<ul>\n<li>Material: stretch<\/li>\n<li>Espesor: 23 my est\u00e1ndar (otros espesores bajo pedido)<\/li>\n<li>Espesor pre-estirado mec\u00e1nico: bajo pedido<\/li>\n<li>Peso de cada bobina: 17 Kg<\/li>\n<li>Ancho de la bobina: 500 mm<\/li>\n<li>Color: transparente, blanco y negro (otros colores bajo pedido)<\/li>\n<\/ul>\n","protected":false},"excerpt":{"rendered":"<p>El film extensible mec\u00e1nico, como el manual, se proporciona en bobinas con peso limitado. Se monta en las enfardadoras a plataforma giratoria y en los robots. La pel\u00edcula auto-pegante y el\u00e1stica bloquea el producto, impidiendo movimientos peligrosos del mismo y manteni\u00e9ndolo estable y compacto.<\/p>\n<p>&nbsp;<\/p>\n<p>Este tipo de film posee una elevada capacidad de adaptarse a la forma del palet.<\/p>\n<p>Generalmente se usa el transparente porque permite identificar con facilidad el contenido del embalaje, pero puede ser tambi\u00e9n colorado, blanco o negro.<\/p>\n<p>Tambi\u00e9n para esta gama hay la disponibilidad del FILM PRE-ESTIRADO que permite una mejor estabilidad del producto sobre el palet, m\u00e1s resistencia a las esquinas vivas y a los golpes. Todo esto a\u00f1adiendo un consumo de pl\u00e1stico reducido.<\/p>\n<p>El film extensible mec\u00e1nico tiene las siguientes caracter\u00edsticas:<\/p>\n<ul>\n<li>Material: stretch<\/li>\n<li>Espesor: 23 my est\u00e1ndar (otros espesores bajo pedido)<\/li>\n<li>Espesor pre-estirado mec\u00e1nico: bajo pedido<\/li>\n<li>Peso de cada bobina: 17 Kg<\/li>\n<li>Ancho de la bobina: 500 mm<\/li>\n<li>Color: transparente, blanco y negro (otros colores bajo pedido)<\/li>\n<\/ul>\n","protected":false},"featured_media":14252,"template":"","meta":{"_acf_changed":false,"_seopress_robots_primary_cat":"","_seopress_titles_title":"Film Extensible para M\u00e1quina Enfardadora | ITALDIBIPACK","_seopress_titles_desc":"Film extensible t\u00e9cnico para m\u00e1quinas enfardadoras autom\u00e1ticas. Estabilidad de carga y optimizaci\u00f3n de costes.","_seopress_robots_index":"","_eb_attr":"","_gspb_post_css":"","_kad_blocks_custom_css":"","_kad_blocks_head_custom_js":"","_kad_blocks_body_custom_js":"","_kad_blocks_footer_custom_js":"","_eb_data_table":"","_kad_post_transparent":"","_kad_post_title":"","_kad_post_layout":"","_kad_post_sidebar_id":"","_kad_post_content_style":"","_kad_post_vertical_padding":"","_kad_post_feature":"","_kad_post_feature_position":"","_kad_post_header":false,"_kad_post_footer":false,"_kad_post_classname":""},"product_brand":[],"product_cat":[155,146,15],"product_tag":[],"settore_applicazione":[],"campo_applicativo":[],"class_list":{"0":"post-1313","1":"product","2":"type-product","3":"status-publish","4":"has-post-thumbnail","6":"product_cat-film-extensibles","7":"product_cat-materiales","8":"product_cat-senza-categoria","10":"first","11":"instock","12":"taxable","13":"shipping-taxable","14":"purchasable","15":"product-type-simple","16":"entry","17":"content-bg","18":"loop-entry"},"acf":[],"taxonomy_info":{"product_cat":[{"value":155,"label":"Film extensibles"},{"value":146,"label":"Materiales"},{"value":15,"label":"Senza categoria"}]},"featured_image_src_large":["https:\/\/www.italdibipack.com\/wp-content\/uploads\/2022\/06\/film-estensibili-macchinabili-ITALDIBIPACK-1024x1024.png",1024,1024,true],"author_info":[],"comment_info":"","_links":{"self":[{"href":"https:\/\/www.italdibipack.com\/es\/wp-json\/wp\/v2\/product\/1313","targetHints":{"allow":["GET"]}}],"collection":[{"href":"https:\/\/www.italdibipack.com\/es\/wp-json\/wp\/v2\/product"}],"about":[{"href":"https:\/\/www.italdibipack.com\/es\/wp-json\/wp\/v2\/types\/product"}],"wp:featuredmedia":[{"embeddable":true,"href":"https:\/\/www.italdibipack.com\/es\/wp-json\/wp\/v2\/media\/14252"}],"wp:attachment":[{"href":"https:\/\/www.italdibipack.com\/es\/wp-json\/wp\/v2\/media?parent=1313"}],"wp:term":[{"taxonomy":"product_brand","embeddable":true,"href":"https:\/\/www.italdibipack.com\/es\/wp-json\/wp\/v2\/product_brand?post=1313"},{"taxonomy":"product_cat","embeddable":true,"href":"https:\/\/www.italdibipack.com\/es\/wp-json\/wp\/v2\/product_cat?post=1313"},{"taxonomy":"product_tag","embeddable":true,"href":"https:\/\/www.italdibipack.com\/es\/wp-json\/wp\/v2\/product_tag?post=1313"},{"taxonomy":"settore_applicazione","embeddable":true,"href":"https:\/\/www.italdibipack.com\/es\/wp-json\/wp\/v2\/settore_applicazione?post=1313"},{"taxonomy":"campo_applicativo","embeddable":true,"href":"https:\/\/www.italdibipack.com\/es\/wp-json\/wp\/v2\/campo_applicativo?post=1313"}],"curies":[{"name":"wp","href":"https:\/\/api.w.org\/{rel}","templated":true}]}}