{"id":1314,"date":"2022-06-15T15:13:57","date_gmt":"2022-07-04T15:47:41","guid":{"rendered":"https:\/\/italdibipack.bozzaonline.it\/prodotto\/green-film\/"},"modified":"2022-08-26T10:25:26","modified_gmt":"2022-08-26T10:25:26","slug":"green-film","status":"publish","type":"product","link":"https:\/\/www.italdibipack.com\/es\/producto\/green-film\/","title":{"rendered":"GREEN FILM"},"content":{"rendered":"<p>Ideal para m\u00e1quinas semiautom\u00e1ticas, autom\u00e1ticas y tambi\u00e9n para termoretractiladoras manuales \u201ca campana\u201d. Es un film totalmente reciclable y ecol\u00f3gico, adapto para el uso alimentar y a bajas temperaturas, pues puede utilizarse para productos refrigerados y congelados.<\/p>\n<p>A diferencia de otras tipolog\u00edas de film, tiene una velocidad de retracci\u00f3n elevada tambi\u00e9n con temperaturas bajas y una \u00f3ptima capacidad de sellar a velocidades elevadas.<\/p>\n<p>Sus propiedades no var\u00edan aunque se deje en stock por largo tiempo.<\/p>\n<p>Es muy transparente, l\u00facido y se adapta perfectamente a la forma de los productos<\/p>\n<ul>\n<li>Anchos disponibles: de 200 a 700 mm<\/li>\n<li>Espesor: 15 \/ 19 \/ 25 my<\/li>\n<li>Disponible tambi\u00e9n microforado, entre 200 y 500 mm<\/li>\n<\/ul>\n","protected":false},"excerpt":{"rendered":"<p>Ideal para m\u00e1quinas semiautom\u00e1ticas, autom\u00e1ticas y tambi\u00e9n para termoretractiladoras manuales \u201ca campana\u201d. Es un film totalmente reciclable y ecol\u00f3gico, adapto para el uso alimentar y a bajas temperaturas, pues puede utilizarse para productos refrigerados y congelados.<\/p>\n<p>A diferencia de otras tipolog\u00edas de film, tiene una velocidad de retracci\u00f3n elevada tambi\u00e9n con temperaturas bajas y una \u00f3ptima capacidad de sellar a velocidades elevadas.<\/p>\n<p>Sus propiedades no var\u00edan aunque se deje en stock por largo tiempo.<\/p>\n<p>Es muy transparente, l\u00facido y se adapta perfectamente a la forma de los productos<\/p>\n<ul>\n<li>Anchos disponibles: de 200 a 700 mm<\/li>\n<li>Espesor: 15 \/ 19 \/ 25 my<\/li>\n<li>Disponible tambi\u00e9n microforado, entre 200 y 500 mm<\/li>\n<\/ul>\n","protected":false},"featured_media":14215,"template":"","meta":{"_acf_changed":false,"_seopress_robots_primary_cat":"","_seopress_titles_title":"GREEN FILM: Film Retr\u00e1ctil Ecol\u00f3gico | ITALDIBIPACK","_seopress_titles_desc":"Film retr\u00e1ctil ecol\u00f3gico y reciclable. Elija la sostenibilidad para su embalaje con GREEN FILM.","_seopress_robots_index":"","_eb_attr":"","_gspb_post_css":"","_kad_blocks_custom_css":"","_kad_blocks_head_custom_js":"","_kad_blocks_body_custom_js":"","_kad_blocks_footer_custom_js":"","_eb_data_table":"","_kad_post_transparent":"","_kad_post_title":"","_kad_post_layout":"","_kad_post_sidebar_id":"","_kad_post_content_style":"","_kad_post_vertical_padding":"","_kad_post_feature":"","_kad_post_feature_position":"","_kad_post_header":false,"_kad_post_footer":false,"_kad_post_classname":""},"product_brand":[],"product_cat":[156,146,15],"product_tag":[],"settore_applicazione":[],"campo_applicativo":[],"class_list":{"0":"post-1314","1":"product","2":"type-product","3":"status-publish","4":"has-post-thumbnail","6":"product_cat-film-retractil","7":"product_cat-materiales","8":"product_cat-senza-categoria","10":"first","11":"instock","12":"taxable","13":"shipping-taxable","14":"purchasable","15":"product-type-simple","16":"entry","17":"content-bg","18":"loop-entry"},"acf":[],"taxonomy_info":{"product_cat":[{"value":156,"label":"Film retractil"},{"value":146,"label":"Materiales"},{"value":15,"label":"Senza categoria"}]},"featured_image_src_large":["https:\/\/www.italdibipack.com\/wp-content\/uploads\/2022\/06\/GREEN-FILM-film-termoretraibili-ITALDIBIPACK-1024x1024.png",1024,1024,true],"author_info":[],"comment_info":"","_links":{"self":[{"href":"https:\/\/www.italdibipack.com\/es\/wp-json\/wp\/v2\/product\/1314","targetHints":{"allow":["GET"]}}],"collection":[{"href":"https:\/\/www.italdibipack.com\/es\/wp-json\/wp\/v2\/product"}],"about":[{"href":"https:\/\/www.italdibipack.com\/es\/wp-json\/wp\/v2\/types\/product"}],"wp:featuredmedia":[{"embeddable":true,"href":"https:\/\/www.italdibipack.com\/es\/wp-json\/wp\/v2\/media\/14215"}],"wp:attachment":[{"href":"https:\/\/www.italdibipack.com\/es\/wp-json\/wp\/v2\/media?parent=1314"}],"wp:term":[{"taxonomy":"product_brand","embeddable":true,"href":"https:\/\/www.italdibipack.com\/es\/wp-json\/wp\/v2\/product_brand?post=1314"},{"taxonomy":"product_cat","embeddable":true,"href":"https:\/\/www.italdibipack.com\/es\/wp-json\/wp\/v2\/product_cat?post=1314"},{"taxonomy":"product_tag","embeddable":true,"href":"https:\/\/www.italdibipack.com\/es\/wp-json\/wp\/v2\/product_tag?post=1314"},{"taxonomy":"settore_applicazione","embeddable":true,"href":"https:\/\/www.italdibipack.com\/es\/wp-json\/wp\/v2\/settore_applicazione?post=1314"},{"taxonomy":"campo_applicativo","embeddable":true,"href":"https:\/\/www.italdibipack.com\/es\/wp-json\/wp\/v2\/campo_applicativo?post=1314"}],"curies":[{"name":"wp","href":"https:\/\/api.w.org\/{rel}","templated":true}]}}