{"id":1315,"date":"2022-06-15T15:14:18","date_gmt":"2022-07-04T15:47:41","guid":{"rendered":"https:\/\/italdibipack.bozzaonline.it\/prodotto\/blue-film\/"},"modified":"2022-08-26T10:25:26","modified_gmt":"2022-08-26T10:25:26","slug":"blue-film","status":"publish","type":"product","link":"https:\/\/www.italdibipack.com\/es\/producto\/blue-film\/","title":{"rendered":"BLUE FILM"},"content":{"rendered":"<p>El film termoretr\u00e1ctil en PVC es una pel\u00edcula utilizada tanto en el sector t\u00e9cnico cuanto el lo alimentar (PVC para alimentos). Es un film muy vers\u00e1til, practico y apreciado por su transparencia, brillo y por sus caracter\u00edsticas mec\u00e1nicas que lo vuelven capaz de retraerse a bajas temperaturas pero con excelentes resultados, tambi\u00e9n con piezas peque\u00f1as. Permite \u00f3ptimas soldaduras tambi\u00e9n a velocidades elevadas.<\/p>\n<p>El film en PVC es ideal para confeccionadoras termoretraibles simplificadas y semiautom\u00e1ticas.<\/p>\n<p>Las bobinas son disponibles tambi\u00e9n con un ancho de 200 mm para las m\u00e1quinas peque\u00f1as.<\/p>\n<ul>\n<li>Anchos disponibles: de 200 a 800 mm<\/li>\n<li>Espesor: 18 \/ 20 \/ 30 y 40 my<\/li>\n<\/ul>\n","protected":false},"excerpt":{"rendered":"<p>El film termoretr\u00e1ctil en PVC es una pel\u00edcula utilizada tanto en el sector t\u00e9cnico cuanto el lo alimentar (PVC para alimentos). Es un film muy vers\u00e1til, practico y apreciado por su transparencia, brillo y por sus caracter\u00edsticas mec\u00e1nicas que lo vuelven capaz de retraerse a bajas temperaturas pero con excelentes resultados, tambi\u00e9n con piezas peque\u00f1as. Permite \u00f3ptimas soldaduras tambi\u00e9n a velocidades elevadas.<\/p>\n<p>El film en PVC es ideal para confeccionadoras termoretraibles simplificadas y semiautom\u00e1ticas.<\/p>\n<p>Las bobinas son disponibles tambi\u00e9n con un ancho de 200 mm para las m\u00e1quinas peque\u00f1as.<\/p>\n<ul>\n<li>Anchos disponibles: de 200 a 800 mm<\/li>\n<li>Espesor: 18 \/ 20 \/ 30 y 40 my<\/li>\n<\/ul>\n","protected":false},"featured_media":14226,"template":"","meta":{"_acf_changed":false,"_seopress_robots_primary_cat":"","_seopress_titles_title":"BLUE FILM: Film Retr\u00e1ctil de PVC | ITALDIBIPACK","_seopress_titles_desc":"Film retr\u00e1ctil de PVC vers\u00e1til y de gran transparencia. Ideal para un embalaje profesional t\u00e9cnico y alimentario.","_seopress_robots_index":"","_eb_attr":"","_gspb_post_css":"","_kad_blocks_custom_css":"","_kad_blocks_head_custom_js":"","_kad_blocks_body_custom_js":"","_kad_blocks_footer_custom_js":"","_eb_data_table":"","_kad_post_transparent":"","_kad_post_title":"","_kad_post_layout":"","_kad_post_sidebar_id":"","_kad_post_content_style":"","_kad_post_vertical_padding":"","_kad_post_feature":"","_kad_post_feature_position":"","_kad_post_header":false,"_kad_post_footer":false,"_kad_post_classname":""},"product_brand":[],"product_cat":[156,146,15],"product_tag":[],"settore_applicazione":[],"campo_applicativo":[],"class_list":{"0":"post-1315","1":"product","2":"type-product","3":"status-publish","4":"has-post-thumbnail","6":"product_cat-film-retractil","7":"product_cat-materiales","8":"product_cat-senza-categoria","10":"first","11":"instock","12":"taxable","13":"shipping-taxable","14":"product-type-simple","15":"entry","16":"content-bg","17":"loop-entry"},"acf":[],"taxonomy_info":{"product_cat":[{"value":156,"label":"Film retractil"},{"value":146,"label":"Materiales"},{"value":15,"label":"Senza categoria"}]},"featured_image_src_large":["https:\/\/www.italdibipack.com\/wp-content\/uploads\/2022\/06\/BLUE-FILM-film-termoretraibili-ITALDIBIPACK-1024x1024.png",1024,1024,true],"author_info":[],"comment_info":"","_links":{"self":[{"href":"https:\/\/www.italdibipack.com\/es\/wp-json\/wp\/v2\/product\/1315","targetHints":{"allow":["GET"]}}],"collection":[{"href":"https:\/\/www.italdibipack.com\/es\/wp-json\/wp\/v2\/product"}],"about":[{"href":"https:\/\/www.italdibipack.com\/es\/wp-json\/wp\/v2\/types\/product"}],"wp:featuredmedia":[{"embeddable":true,"href":"https:\/\/www.italdibipack.com\/es\/wp-json\/wp\/v2\/media\/14226"}],"wp:attachment":[{"href":"https:\/\/www.italdibipack.com\/es\/wp-json\/wp\/v2\/media?parent=1315"}],"wp:term":[{"taxonomy":"product_brand","embeddable":true,"href":"https:\/\/www.italdibipack.com\/es\/wp-json\/wp\/v2\/product_brand?post=1315"},{"taxonomy":"product_cat","embeddable":true,"href":"https:\/\/www.italdibipack.com\/es\/wp-json\/wp\/v2\/product_cat?post=1315"},{"taxonomy":"product_tag","embeddable":true,"href":"https:\/\/www.italdibipack.com\/es\/wp-json\/wp\/v2\/product_tag?post=1315"},{"taxonomy":"settore_applicazione","embeddable":true,"href":"https:\/\/www.italdibipack.com\/es\/wp-json\/wp\/v2\/settore_applicazione?post=1315"},{"taxonomy":"campo_applicativo","embeddable":true,"href":"https:\/\/www.italdibipack.com\/es\/wp-json\/wp\/v2\/campo_applicativo?post=1315"}],"curies":[{"name":"wp","href":"https:\/\/api.w.org\/{rel}","templated":true}]}}