{"id":1316,"date":"2022-06-15T15:13:57","date_gmt":"2022-07-04T15:47:41","guid":{"rendered":"https:\/\/italdibipack.bozzaonline.it\/prodotto\/golden-film\/"},"modified":"2022-08-26T10:25:27","modified_gmt":"2022-08-26T10:25:27","slug":"golden-film","status":"publish","type":"product","link":"https:\/\/www.italdibipack.com\/es\/producto\/golden-film\/","title":{"rendered":"GOLDEN FILM"},"content":{"rendered":"<p>El Golden Film es una pel\u00edcula de poliolefina especial, ideal para confeccionadoras autom\u00e1ticas, gracias a su estructura a red. Es un film muy transparente, con una capacidad de retraerse en un tiempo m\u00ednimo tanto a bajas como a elevadas temperaturas. La calidad del sellado es \u00f3ptima tambi\u00e9n a alta velocidad.<\/p>\n<p>Se adapta perfectamente a la forma de los productos y sirve tambi\u00e9n para alimentos.<\/p>\n<ul>\n<li>Apta para el contacto alimentar<\/li>\n<li>Elevada capacidad de resistencia mec\u00e1nica de la soldadura a alta velocidad<\/li>\n<li>\u00d3ptima retracci\u00f3n tambi\u00e9n a temperaturas muy bajas o muy altas<\/li>\n<li>Anchos disponibles: de 200 a 700 mm<\/li>\n<li>Espesor: 15 \/ 19 my<\/li>\n<\/ul>\n","protected":false},"excerpt":{"rendered":"<p>El Golden Film es una pel\u00edcula de poliolefina especial, ideal para confeccionadoras autom\u00e1ticas, gracias a su estructura a red. Es un film muy transparente, con una capacidad de retraerse en un tiempo m\u00ednimo tanto a bajas como a elevadas temperaturas. La calidad del sellado es \u00f3ptima tambi\u00e9n a alta velocidad.<\/p>\n<p>Se adapta perfectamente a la forma de los productos y sirve tambi\u00e9n para alimentos.<\/p>\n<ul>\n<li>Apta para el contacto alimentar<\/li>\n<li>Elevada capacidad de resistencia mec\u00e1nica de la soldadura a alta velocidad<\/li>\n<li>\u00d3ptima retracci\u00f3n tambi\u00e9n a temperaturas muy bajas o muy altas<\/li>\n<li>Anchos disponibles: de 200 a 700 mm<\/li>\n<li>Espesor: 15 \/ 19 my<\/li>\n<\/ul>\n","protected":false},"featured_media":14236,"template":"","meta":{"_acf_changed":false,"_seopress_robots_primary_cat":"","_seopress_titles_title":"GOLDEN FILM: Film Retr\u00e1ctil Premium | ITALDIBIPACK","_seopress_titles_desc":"Film retr\u00e1ctil de alta calidad para un embalaje brillante y protector. Excelente resultado est\u00e9tico.","_seopress_robots_index":"","_eb_attr":"","_gspb_post_css":"","_kad_blocks_custom_css":"","_kad_blocks_head_custom_js":"","_kad_blocks_body_custom_js":"","_kad_blocks_footer_custom_js":"","_eb_data_table":"","_kad_post_transparent":"","_kad_post_title":"","_kad_post_layout":"","_kad_post_sidebar_id":"","_kad_post_content_style":"","_kad_post_vertical_padding":"","_kad_post_feature":"","_kad_post_feature_position":"","_kad_post_header":false,"_kad_post_footer":false,"_kad_post_classname":""},"product_brand":[],"product_cat":[156,146,15],"product_tag":[],"settore_applicazione":[],"campo_applicativo":[],"class_list":{"0":"post-1316","1":"product","2":"type-product","3":"status-publish","4":"has-post-thumbnail","6":"product_cat-film-retractil","7":"product_cat-materiales","8":"product_cat-senza-categoria","10":"first","11":"instock","12":"taxable","13":"shipping-taxable","14":"product-type-simple","15":"entry","16":"content-bg","17":"loop-entry"},"acf":[],"taxonomy_info":{"product_cat":[{"value":156,"label":"Film retractil"},{"value":146,"label":"Materiales"},{"value":15,"label":"Senza categoria"}]},"featured_image_src_large":["https:\/\/www.italdibipack.com\/wp-content\/uploads\/2022\/06\/GOLDEN-FILM-film-termoretraibili-ITALDIBIPACK-1024x1024.png",1024,1024,true],"author_info":[],"comment_info":"","_links":{"self":[{"href":"https:\/\/www.italdibipack.com\/es\/wp-json\/wp\/v2\/product\/1316","targetHints":{"allow":["GET"]}}],"collection":[{"href":"https:\/\/www.italdibipack.com\/es\/wp-json\/wp\/v2\/product"}],"about":[{"href":"https:\/\/www.italdibipack.com\/es\/wp-json\/wp\/v2\/types\/product"}],"wp:featuredmedia":[{"embeddable":true,"href":"https:\/\/www.italdibipack.com\/es\/wp-json\/wp\/v2\/media\/14236"}],"wp:attachment":[{"href":"https:\/\/www.italdibipack.com\/es\/wp-json\/wp\/v2\/media?parent=1316"}],"wp:term":[{"taxonomy":"product_brand","embeddable":true,"href":"https:\/\/www.italdibipack.com\/es\/wp-json\/wp\/v2\/product_brand?post=1316"},{"taxonomy":"product_cat","embeddable":true,"href":"https:\/\/www.italdibipack.com\/es\/wp-json\/wp\/v2\/product_cat?post=1316"},{"taxonomy":"product_tag","embeddable":true,"href":"https:\/\/www.italdibipack.com\/es\/wp-json\/wp\/v2\/product_tag?post=1316"},{"taxonomy":"settore_applicazione","embeddable":true,"href":"https:\/\/www.italdibipack.com\/es\/wp-json\/wp\/v2\/settore_applicazione?post=1316"},{"taxonomy":"campo_applicativo","embeddable":true,"href":"https:\/\/www.italdibipack.com\/es\/wp-json\/wp\/v2\/campo_applicativo?post=1316"}],"curies":[{"name":"wp","href":"https:\/\/api.w.org\/{rel}","templated":true}]}}