{"id":1317,"date":"2022-06-15T15:14:18","date_gmt":"2022-07-04T15:47:41","guid":{"rendered":"https:\/\/italdibipack.bozzaonline.it\/prodotto\/dibiflow-300\/"},"modified":"2024-07-15T17:15:28","modified_gmt":"2024-07-15T17:15:28","slug":"dibiflow-300","status":"publish","type":"product","link":"https:\/\/www.italdibipack.com\/es\/producto\/dibiflow-300\/","title":{"rendered":"DIBIFLOW 300"},"content":{"rendered":"<h3><strong>CONFECCIONADORA FLOWPACK PEQUE<\/strong><strong>\u00d1A DE TAMA<\/strong><strong>\u00d1O PERO GRANDE EN PRESTACIONES<\/strong><\/h3>\n<p style=\"background: white; margin: 0cm 0cm 7.5pt 0cm;\"><span lang=\"ES\" style=\"font-size: 10.5pt; font-family: 'Helvetica','sans-serif'; color: #333333; letter-spacing: .15pt;\">\u00a1DIBIFLOW 300 es la embolsadora autom\u00e1tica horizontal m\u00e1s peque\u00f1a pero con prestaciones elevadas!<\/span><\/p>\n<p style=\"background: white; margin: 0cm 0cm 7.5pt 0cm;\"><span lang=\"ES\" style=\"font-size: 10.5pt; font-family: 'Helvetica','sans-serif'; color: #333333; letter-spacing: .15pt;\">Ideal para el sector alimental, de reposter\u00eda y helados, cosm\u00e9tico, farmac\u00e9utico\u2026 pero tambi\u00e9n para partes mec\u00e1nicas, repuestos, kits electr\u00f3nicos y muchos m\u00e1s.<\/span><\/p>\n<p style=\"background: white; margin: 0cm 0cm 7.5pt 0cm;\"><span lang=\"ES\" style=\"font-size: 10.5pt; font-family: 'Helvetica','sans-serif'; color: #333333; letter-spacing: .15pt;\">DIBIFLOW 300 ha sido proyectada para cumplir las exigencias de protecci\u00f3n y conservaci\u00f3n, respetando las siempre m\u00e1s exigentes normas higi\u00e9nico-alimental y al mismo tiempo valorar la imagen y la presentaci\u00f3n del producto, a ventaja de su promoci\u00f3n en el mercado, no solamente para grandes empresas.<\/span><\/p>\n<p style=\"background: white; margin: 0cm 0cm 7.5pt 0cm;\"><span lang=\"ES\" style=\"font-size: 10.5pt; font-family: 'Helvetica','sans-serif'; color: #333333; letter-spacing: .15pt;\">Dibiflow 300 es la confeccionadora flowpack con un sistema totalmente electr\u00f3nico. Elevad\u00edsima calidad tecnol\u00f3gica\/constructiva: f\u00e1cil de usar, permite cambiar r\u00e1pidamente productos; vers\u00e1til, tiene hasta 99 programas de trabajo diferentes con par\u00e1metros personalizados. Trabaja con pantalla t\u00e1ctil para una configuraci\u00f3n sencilla y veloz. Dispone de varios accesorios bajo pedido.<\/span><\/p>\n<p style=\"background: white; margin: 0cm 0cm 7.5pt 0cm;\"><span lang=\"ES\" style=\"font-size: 10.5pt; font-family: 'Helvetica','sans-serif'; color: #333333; letter-spacing: .15pt;\">La m\u00e1quina dispone de:<\/span><\/p>\n<p style=\"background: white; margin: 0cm 0cm 7.5pt 0cm;\"><strong><span lang=\"ES\" style=\"font-size: 10.5pt; font-family: 'Helvetica','sans-serif'; color: #333333; letter-spacing: .15pt;\">Un grupo de mandos a 3 motores brushless independientes:<\/span><\/strong><\/p>\n<ul>\n<li>Remolque cadena cinta de entrada<\/li>\n<li>Rotaci\u00f3n ruedas de remolque del film<\/li>\n<li>Rotaci\u00f3n grupo corta-sella<\/li>\n<li>Corredor de salida<\/li>\n<li>Pantalla t\u00e1ctil a colores 4,3\u2019\u2019<\/li>\n<li>Voltaje 220V monof\u00e1sico 50 Hz<\/li>\n<li><\/li>\n<\/ul>\n<p><strong>Un grupo de carga de productos compuesto por:<\/strong><\/p>\n<ul>\n<li>Cinta de alimentaci\u00f3n a cadena con empujadores<\/li>\n<li>Partes a contacto con el producto en acero inoxidable<\/li>\n<li>Gu\u00edas laterales ajustables<\/li>\n<li>Conformador variable<\/li>\n<\/ul>\n<p>&nbsp;<\/p>\n<p><strong>OPCIONAL<\/strong><\/p>\n<ul>\n<li>Cinta de salida<\/li>\n<li>Impresora para fecha de caducidad y lote<\/li>\n<li>Fotoc\u00e9lula para la centradura del film<\/li>\n<li>Conformador fijo<\/li>\n<li>Corte a zig-zag (para abertura facilitada del paquete)<\/li>\n<li>Modelo completamente en acero inoxidable<\/li>\n<li>Corte a zig-zag de la selladura transversal<\/li>\n<\/ul>\n<p>&nbsp;<\/p>\n<p>&nbsp;<\/p>\n","protected":false},"excerpt":{"rendered":"<h3><strong>CONFECCIONADORA FLOWPACK PEQUE<\/strong><strong>\u00d1A DE TAMA<\/strong><strong>\u00d1O PERO GRANDE EN PRESTACIONES<\/strong><\/h3>\n<p style=\"background: white; margin: 0cm 0cm 7.5pt 0cm;\"><span lang=\"ES\" style=\"font-size: 10.5pt; font-family: 'Helvetica','sans-serif'; color: #333333; letter-spacing: .15pt;\">\u00a1DIBIFLOW 300 es la embolsadora autom\u00e1tica horizontal m\u00e1s peque\u00f1a pero con prestaciones elevadas!<\/span><\/p>\n<p style=\"background: white; margin: 0cm 0cm 7.5pt 0cm;\"><span lang=\"ES\" style=\"font-size: 10.5pt; font-family: 'Helvetica','sans-serif'; color: #333333; letter-spacing: .15pt;\">Ideal para el sector alimental, de reposter\u00eda y helados, cosm\u00e9tico, farmac\u00e9utico\u2026 pero tambi\u00e9n para partes mec\u00e1nicas, repuestos, kits electr\u00f3nicos y muchos m\u00e1s.<\/span><\/p>\n<p style=\"background: white; margin: 0cm 0cm 7.5pt 0cm;\"><span lang=\"ES\" style=\"font-size: 10.5pt; font-family: 'Helvetica','sans-serif'; color: #333333; letter-spacing: .15pt;\">DIBIFLOW 300 ha sido proyectada para cumplir las exigencias de protecci\u00f3n y conservaci\u00f3n, respetando las siempre m\u00e1s exigentes normas higi\u00e9nico-alimental y al mismo tiempo valorar la imagen y la presentaci\u00f3n del producto, a ventaja de su promoci\u00f3n en el mercado, no solamente para grandes empresas.<\/span><\/p>\n","protected":false},"featured_media":15304,"template":"","meta":{"_acf_changed":false,"_seopress_robots_primary_cat":"","_seopress_titles_title":"DIBIFLOW 300: Envasadora Flowpack | ITALDIBIPACK","_seopress_titles_desc":"Envasadora flowpack horizontal compacta y vers\u00e1til. Ideal para el envasado de productos alimentarios y t\u00e9cnicos.","_seopress_robots_index":"","_eb_attr":"","_gspb_post_css":"","_kad_blocks_custom_css":"","_kad_blocks_head_custom_js":"","_kad_blocks_body_custom_js":"","_kad_blocks_footer_custom_js":"","_eb_data_table":"","_kad_post_transparent":"default","_kad_post_title":"","_kad_post_layout":"default","_kad_post_sidebar_id":"","_kad_post_content_style":"default","_kad_post_vertical_padding":"default","_kad_post_feature":"","_kad_post_feature_position":"","_kad_post_header":false,"_kad_post_footer":false,"_kad_post_classname":""},"product_brand":[],"product_cat":[134],"product_tag":[],"settore_applicazione":[],"campo_applicativo":[],"class_list":{"0":"post-1317","1":"product","2":"type-product","3":"status-publish","4":"has-post-thumbnail","6":"product_cat-confeccionamiento-flowpack","8":"first","9":"instock","10":"taxable","11":"shipping-taxable","12":"product-type-simple","13":"entry","14":"content-bg","15":"loop-entry"},"acf":[],"taxonomy_info":{"product_cat":[{"value":134,"label":"Confeccionamiento flowpack"}]},"featured_image_src_large":["https:\/\/www.italdibipack.com\/wp-content\/uploads\/2024\/02\/DIBIFLOW-300-confezionatrici-flowpack-ITALDIBIPACK-griglia-1024x1024.jpg",1024,1024,true],"author_info":[],"comment_info":"","_links":{"self":[{"href":"https:\/\/www.italdibipack.com\/es\/wp-json\/wp\/v2\/product\/1317","targetHints":{"allow":["GET"]}}],"collection":[{"href":"https:\/\/www.italdibipack.com\/es\/wp-json\/wp\/v2\/product"}],"about":[{"href":"https:\/\/www.italdibipack.com\/es\/wp-json\/wp\/v2\/types\/product"}],"wp:featuredmedia":[{"embeddable":true,"href":"https:\/\/www.italdibipack.com\/es\/wp-json\/wp\/v2\/media\/15304"}],"wp:attachment":[{"href":"https:\/\/www.italdibipack.com\/es\/wp-json\/wp\/v2\/media?parent=1317"}],"wp:term":[{"taxonomy":"product_brand","embeddable":true,"href":"https:\/\/www.italdibipack.com\/es\/wp-json\/wp\/v2\/product_brand?post=1317"},{"taxonomy":"product_cat","embeddable":true,"href":"https:\/\/www.italdibipack.com\/es\/wp-json\/wp\/v2\/product_cat?post=1317"},{"taxonomy":"product_tag","embeddable":true,"href":"https:\/\/www.italdibipack.com\/es\/wp-json\/wp\/v2\/product_tag?post=1317"},{"taxonomy":"settore_applicazione","embeddable":true,"href":"https:\/\/www.italdibipack.com\/es\/wp-json\/wp\/v2\/settore_applicazione?post=1317"},{"taxonomy":"campo_applicativo","embeddable":true,"href":"https:\/\/www.italdibipack.com\/es\/wp-json\/wp\/v2\/campo_applicativo?post=1317"}],"curies":[{"name":"wp","href":"https:\/\/api.w.org\/{rel}","templated":true}]}}