{"id":1318,"date":"2022-06-15T15:14:18","date_gmt":"2022-07-04T15:47:41","guid":{"rendered":"https:\/\/italdibipack.bozzaonline.it\/prodotto\/dibiflow-500\/"},"modified":"2024-07-15T17:15:45","modified_gmt":"2024-07-15T17:15:45","slug":"dibiflow-500","status":"publish","type":"product","link":"https:\/\/www.italdibipack.com\/es\/producto\/dibiflow-500\/","title":{"rendered":"L\u00cdNEA DIBIFLOW"},"content":{"rendered":"<h3>L\u00cdNEA DIBIFLOW, ELEVAD\u00cdSIMA CALIDAD Y MUY F\u00c1CIL DE USAR<\/h3>\n<p style=\"background: white; margin: 0cm 0cm 7.5pt 0cm;\"><span lang=\"ES\" style=\"font-size: 10.5pt; font-family: 'Helvetica','sans-serif'; color: #333333; letter-spacing: .15pt;\">La l\u00ednea Dibiflow es la l\u00ednea de <\/span><span lang=\"ES\" style=\"font-size: 10.5pt; font-family: 'Helvetica','sans-serif'; color: #333333; letter-spacing: .15pt;\">confeccionadoras horizontales flowpack con elevados est\u00e1ndar de calidad y construcci\u00f3n, caracterizada por su sencillez de uso y concebida para adaptarse a las m\u00e1s variadas exigencias del confeccionamiento en flowpack. La l\u00ednea DIBIFLOW est\u00e1 disponible en diferentes versiones seg\u00fan el tama\u00f1o del producto que se va a empaquetar.<\/span><\/p>\n<p style=\"background: white; margin: 0cm 0cm 7.5pt 0cm;\"><span lang=\"ES\" style=\"font-size: 10.5pt; font-family: 'Helvetica','sans-serif'; color: #333333; letter-spacing: .15pt;\">La l\u00ednea Dibiflow se caracteriza por su elevada calidad tecnol\u00f3gica: f\u00e1cil de usar, permite cambiar r\u00e1pidamente producci\u00f3n; es tan vers\u00e1til que permite memorizar hasta 99 diferentes programas de trabajo con par\u00e1metros personalizados. Monta una pantalla t\u00e1ctil para ajustar sencillamente los par\u00e1metros. Bajo pedido est\u00e1n disponibles varios accesorios opcionales.<\/span><\/p>\n<p style=\"background: white; margin: 0cm 0cm 7.5pt 0cm;\"><span lang=\"ES\" style=\"font-size: 10.5pt; font-family: 'Helvetica','sans-serif'; color: #333333; letter-spacing: .15pt;\">La l\u00ednea Dibiflow dispone de:<\/span><\/p>\n<p><strong><span lang=\"ES\" style=\"font-size: 10.5pt; font-family: 'Helvetica','sans-serif'; color: #333333; letter-spacing: .15pt;\">Grupo motores (brushless a 400W):<\/span><\/strong><\/p>\n<ul>\n<li>Remolque de la cadena de la cinta de entrada<\/li>\n<li>Rotaci\u00f3n ruedas de remolque del film<\/li>\n<li>Rotaci\u00f3n grupo corta-sella<\/li>\n<li>Tapete de salida con motor indipendiente<\/li>\n<\/ul>\n<p style=\"background: white; margin: 0cm 0cm 7.5pt 0cm;\"><strong><span lang=\"ES\" style=\"font-size: 10.5pt; font-family: 'Helvetica','sans-serif'; color: #333333; letter-spacing: .15pt;\">Grupo de carga de los productos:<\/span><\/strong><\/p>\n<ul>\n<li>Gu\u00edas laterales ajustables<\/li>\n<li>Partes a contacto con el producto en acero inoxidable AISI 304<\/li>\n<li>Cinta de carga con empujadores, larga 1600 mm (est\u00e1ndar)<\/li>\n<li>Empujadores en pl\u00e1stico adapto para contacto alimentar y r\u00e1pidos para quitar<\/li>\n<li>T\u00fanel ajustable \/ conformador de pel\u00edcula (tipo fijo disponible bajo pedido)<\/li>\n<\/ul>\n<p>&nbsp;<\/p>\n<p style=\"background: white; margin: 0cm 0cm 7.5pt 0cm;\"><strong><span lang=\"ES\" style=\"font-size: 10.5pt; font-family: 'Helvetica','sans-serif'; color: #333333; letter-spacing: .15pt;\">Grupo porta-bobina:<\/span><\/strong><\/p>\n<ul>\n<li>Predisposici\u00f3n para montaje fotoc\u00e9lula para lectura de film impreso<\/li>\n<li>Estructura en aluminio y acero pintado (RAL 7035 gris \u2013 RAL 5002 blu) y c\u00e1rter en acero inoxidable<\/li>\n<li>Porta-bobina\u00a0 a expansi\u00f3n (Dibiflow 600 y 700)<\/li>\n<\/ul>\n<p><strong>Grupo ruedas de remolque:<\/strong><\/p>\n<ul>\n<li>Grupo de soldadura longitudinal con dos pares de ruedas. Soldadora transversal rotativa (Dibiflow 500)<\/li>\n<\/ul>\n<p><strong>Grupo de corte soldadura transversal:<\/strong><\/p>\n<ul>\n<li>Grupo de soldadura longitudinal con tres pares de ruedas. Soldador transversal rotativo (Dibiflow 600 y 700)<\/li>\n<li>Embrague de seguridad electr\u00f3nico para las ruedas soldantes transversales<\/li>\n<\/ul>\n<p>&nbsp;<\/p>\n<p style=\"background: white; margin: 0cm 0cm 7.5pt 0cm;\"><strong><span lang=\"ES\" style=\"font-size: 10.5pt; font-family: 'Helvetica','sans-serif'; color: #333333; letter-spacing: .15pt;\">OPCIONAL<\/span><\/strong><\/p>\n<ul>\n<li>Impresora para la fecha de caducidad y lote de producci\u00f3n<\/li>\n<li>Fotoc\u00e9lula para la centradura de la impresi\u00f3n<\/li>\n<li>Conformador variable<\/li>\n<li>Mordazas transversales dobles<\/li>\n<li>Corte a zig-zag (para abrir f\u00e1cilmente el paquete)<\/li>\n<li>Ruedas para el corte transversal a zig-zag<\/li>\n<li>Cargadores autom\u00e1ticos<\/li>\n<li>Predisposici\u00f3n para sincronizar una impresora con la m\u00e1quina, a trav\u00e9s de la pantalla t\u00e1ctil<\/li>\n<li>Alargue de 100 mm para la cinta de entrada<\/li>\n<li>Grupo de ruedas con agujeros para reducir el aire dentro del paquete<\/li>\n<li>Cinta de salida larga 800 mm<\/li>\n<li>Posibilidad de m\u00e1quina con porta bobinas abajo para soldadura superior<\/li>\n<\/ul>\n","protected":false},"excerpt":{"rendered":"<h3>L\u00cdNEA DIBIFLOW, ELEVAD\u00cdSIMA CALIDAD Y MUY F\u00c1CIL DE USAR<\/h3>\n<p style=\"background: white; margin: 0cm 0cm 7.5pt 0cm;\"><span lang=\"ES\" style=\"font-size: 10.5pt; font-family: 'Helvetica','sans-serif'; color: #333333; letter-spacing: .15pt;\">La l\u00ednea Dibiflow es la l\u00ednea de <\/span><span lang=\"ES\" style=\"font-size: 10.5pt; font-family: 'Helvetica','sans-serif'; color: #333333; letter-spacing: .15pt;\">confeccionadoras horizontales flowpack con elevados est\u00e1ndar de calidad y construcci\u00f3n, caracterizada por su sencillez de uso y concebida para adaptarse a las m\u00e1s variadas exigencias del confeccionamiento en flowpack. La l\u00ednea DIBIFLOW est\u00e1 disponible en diferentes versiones seg\u00fan el tama\u00f1o del producto que se va a empaquetar.<\/span><\/p>\n","protected":false},"featured_media":15319,"template":"","meta":{"_acf_changed":false,"_seopress_robots_primary_cat":"","_seopress_titles_title":"L\u00ednea DIBIFLOW: Envasadoras Flowpack | ITALDIBIPACK","_seopress_titles_desc":"Descubra la serie DIBIFLOW de m\u00e1quinas flowpack horizontales. Tecnolog\u00eda avanzada para un envasado flexible.","_seopress_robots_index":"","_eb_attr":"","_gspb_post_css":"","_kad_blocks_custom_css":"","_kad_blocks_head_custom_js":"","_kad_blocks_body_custom_js":"","_kad_blocks_footer_custom_js":"","_eb_data_table":"","_kad_post_transparent":"default","_kad_post_title":"","_kad_post_layout":"default","_kad_post_sidebar_id":"","_kad_post_content_style":"default","_kad_post_vertical_padding":"default","_kad_post_feature":"","_kad_post_feature_position":"","_kad_post_header":false,"_kad_post_footer":false,"_kad_post_classname":""},"product_brand":[],"product_cat":[134],"product_tag":[],"settore_applicazione":[],"campo_applicativo":[],"class_list":{"0":"post-1318","1":"product","2":"type-product","3":"status-publish","4":"has-post-thumbnail","6":"product_cat-confeccionamiento-flowpack","8":"first","9":"instock","10":"taxable","11":"shipping-taxable","12":"product-type-simple","13":"entry","14":"content-bg","15":"loop-entry"},"acf":[],"taxonomy_info":{"product_cat":[{"value":134,"label":"Confeccionamiento flowpack"}]},"featured_image_src_large":["https:\/\/www.italdibipack.com\/wp-content\/uploads\/2024\/02\/DIBIFLOW-500-confezionatrici-flowpack-ITALDIBIPACK-griglia-1024x1024.jpg",1024,1024,true],"author_info":[],"comment_info":"","_links":{"self":[{"href":"https:\/\/www.italdibipack.com\/es\/wp-json\/wp\/v2\/product\/1318","targetHints":{"allow":["GET"]}}],"collection":[{"href":"https:\/\/www.italdibipack.com\/es\/wp-json\/wp\/v2\/product"}],"about":[{"href":"https:\/\/www.italdibipack.com\/es\/wp-json\/wp\/v2\/types\/product"}],"wp:featuredmedia":[{"embeddable":true,"href":"https:\/\/www.italdibipack.com\/es\/wp-json\/wp\/v2\/media\/15319"}],"wp:attachment":[{"href":"https:\/\/www.italdibipack.com\/es\/wp-json\/wp\/v2\/media?parent=1318"}],"wp:term":[{"taxonomy":"product_brand","embeddable":true,"href":"https:\/\/www.italdibipack.com\/es\/wp-json\/wp\/v2\/product_brand?post=1318"},{"taxonomy":"product_cat","embeddable":true,"href":"https:\/\/www.italdibipack.com\/es\/wp-json\/wp\/v2\/product_cat?post=1318"},{"taxonomy":"product_tag","embeddable":true,"href":"https:\/\/www.italdibipack.com\/es\/wp-json\/wp\/v2\/product_tag?post=1318"},{"taxonomy":"settore_applicazione","embeddable":true,"href":"https:\/\/www.italdibipack.com\/es\/wp-json\/wp\/v2\/settore_applicazione?post=1318"},{"taxonomy":"campo_applicativo","embeddable":true,"href":"https:\/\/www.italdibipack.com\/es\/wp-json\/wp\/v2\/campo_applicativo?post=1318"}],"curies":[{"name":"wp","href":"https:\/\/api.w.org\/{rel}","templated":true}]}}