{"id":1320,"date":"2022-06-15T15:14:38","date_gmt":"2022-07-04T15:48:12","guid":{"rendered":"https:\/\/italdibipack.bozzaonline.it\/prodotto\/mitika\/"},"modified":"2024-07-15T17:04:05","modified_gmt":"2024-07-15T17:04:05","slug":"mitika","status":"publish","type":"product","link":"https:\/\/www.italdibipack.com\/es\/producto\/mitika\/","title":{"rendered":"MITIKA"},"content":{"rendered":"<p><strong>LA M\u00c1S PEQUE\u00d1A CONFECCIONADORA TERMORETR\u00c1CTIL<\/strong><\/p>\n<p>La tecnolog\u00eda m\u00e1s actualizada en el termoretr\u00e1ctil gracias a m\u00e1s de 40 a\u00f1os de experiencia aplicativa con el cliente.<\/p>\n<p>MITIKA 3246: la reci\u00e9n nacida en la l\u00ednea del confeccionamiento termoretr\u00e1ctil Italdibipack DIBIPACK.<\/p>\n<p>La m\u00e1quina de embalaje termoretraible m\u00e1s peque\u00f1a y ligera. MITIKA ha sido realizada por R&amp;D Italdibipack para celebrar nuestros 40 a\u00f1os de historia.<\/p>\n<p>Sencilla de usar como los modelos est\u00e1ndares Dibipack, ofrece pero una gran flexibilidad en las aplicaciones y garantiza elevadas prestaciones gracias a los controles completamente electr\u00f3nicos y a los dispositivos innovadores patentados. La selladora ideal para el confeccionamiento de peque\u00f1as y medianas producciones y competitiva gracias a su \u00f3ptimo precio.<\/p>\n<h5><strong>FUNCIONES OPERATIVAS<\/strong><\/h5>\n<ul>\n<li>Un sistema avanzado de control multi-funci\u00f3n de R&amp;D ITALDIBIPACK<\/li>\n<li>Controles totalmente electr\u00f3nicos (tablero de segunda generaci\u00f3n)<\/li>\n<li>Ajuste autom\u00e1tico del tiempo de soldadura en funci\u00f3n de la velocidad de producci\u00f3n<\/li>\n<li>Posibilidad de empezar la retracci\u00f3n despu\u00e9s del sellado (a veces es \u00fatil con poleolefina)<\/li>\n<li>Posibilidad de levantar la campana despu\u00e9s de que el ventilador se haya detenido<\/li>\n<li>Contador autom\u00e1tico de unidades de reserva (ahorro de energ\u00eda)<\/li>\n<\/ul>\n","protected":false},"excerpt":{"rendered":"<p><strong>LA M\u00c1S PEQUE\u00d1A CONFECCIONADORA TERMORETR\u00c1CTIL<\/strong><\/p>\n<p>La tecnolog\u00eda m\u00e1s actualizada en el termoretr\u00e1ctil gracias a m\u00e1s de 40 a\u00f1os de experiencia aplicativa con el cliente.<\/p>\n<p>MITIKA 3246: la reci\u00e9n nacida en la l\u00ednea del confeccionamiento termoretr\u00e1ctil Italdibipack DIBIPACK.<\/p>\n<p>La m\u00e1quina de embalaje termoretraible m\u00e1s peque\u00f1a y ligera. MITIKA ha sido realizada por R&amp;D Italdibipack para celebrar nuestros 40 a\u00f1os de historia.<\/p>\n<p>Sencilla de usar como los modelos est\u00e1ndares Dibipack, ofrece pero una gran flexibilidad en las aplicaciones y garantiza elevadas prestaciones gracias a los controles completamente electr\u00f3nicos y a los dispositivos innovadores patentados. La selladora ideal para el confeccionamiento de peque\u00f1as y medianas producciones y competitiva gracias a su \u00f3ptimo precio.<\/p>\n","protected":false},"featured_media":16349,"template":"","meta":{"_acf_changed":false,"_seopress_robots_primary_cat":"","_seopress_titles_title":"MITIKA: Envasadora Angular Autom\u00e1tica | ITALDIBIPACK","_seopress_titles_desc":"MITIKA es la soldadora en L autom\u00e1tica de alta velocidad para film retr\u00e1ctil. Soluci\u00f3n ideal para grandes vol\u00famenes.","_seopress_robots_index":"","_eb_attr":"","_gspb_post_css":"","_kad_blocks_custom_css":"","_kad_blocks_head_custom_js":"","_kad_blocks_body_custom_js":"","_kad_blocks_footer_custom_js":"","_eb_data_table":"","_kad_post_transparent":"default","_kad_post_title":"","_kad_post_layout":"default","_kad_post_sidebar_id":"","_kad_post_content_style":"default","_kad_post_vertical_padding":"default","_kad_post_feature":"","_kad_post_feature_position":"","_kad_post_header":false,"_kad_post_footer":false,"_kad_post_classname":""},"product_brand":[],"product_cat":[263,130],"product_tag":[],"settore_applicazione":[],"campo_applicativo":[351],"class_list":{"0":"post-1320","1":"product","2":"type-product","3":"status-publish","4":"has-post-thumbnail","6":"product_cat-embalaje-retractil","7":"product_cat-soldadoras-termoretractiles-manuales-de-campana","8":"campo_applicativo-alimentare-es","10":"first","11":"instock","12":"taxable","13":"shipping-taxable","14":"product-type-simple","15":"entry","16":"content-bg","17":"loop-entry"},"acf":[],"taxonomy_info":{"product_cat":[{"value":263,"label":"embalaje retr\u00e1ctil"},{"value":130,"label":"Soldadoras termoretr\u00e1ctiles manuales de campana"}],"campo_applicativo":[{"value":351,"label":"alimentare"}]},"featured_image_src_large":["https:\/\/www.italdibipack.com\/wp-content\/uploads\/2024\/02\/MITIKA-macchine-confezionatrici-confezionatrici-manuali-termoretraibili-ITALDIBIPACK-griglia-1024x1024.jpg",1024,1024,true],"author_info":[],"comment_info":"","_links":{"self":[{"href":"https:\/\/www.italdibipack.com\/es\/wp-json\/wp\/v2\/product\/1320","targetHints":{"allow":["GET"]}}],"collection":[{"href":"https:\/\/www.italdibipack.com\/es\/wp-json\/wp\/v2\/product"}],"about":[{"href":"https:\/\/www.italdibipack.com\/es\/wp-json\/wp\/v2\/types\/product"}],"wp:featuredmedia":[{"embeddable":true,"href":"https:\/\/www.italdibipack.com\/es\/wp-json\/wp\/v2\/media\/16349"}],"wp:attachment":[{"href":"https:\/\/www.italdibipack.com\/es\/wp-json\/wp\/v2\/media?parent=1320"}],"wp:term":[{"taxonomy":"product_brand","embeddable":true,"href":"https:\/\/www.italdibipack.com\/es\/wp-json\/wp\/v2\/product_brand?post=1320"},{"taxonomy":"product_cat","embeddable":true,"href":"https:\/\/www.italdibipack.com\/es\/wp-json\/wp\/v2\/product_cat?post=1320"},{"taxonomy":"product_tag","embeddable":true,"href":"https:\/\/www.italdibipack.com\/es\/wp-json\/wp\/v2\/product_tag?post=1320"},{"taxonomy":"settore_applicazione","embeddable":true,"href":"https:\/\/www.italdibipack.com\/es\/wp-json\/wp\/v2\/settore_applicazione?post=1320"},{"taxonomy":"campo_applicativo","embeddable":true,"href":"https:\/\/www.italdibipack.com\/es\/wp-json\/wp\/v2\/campo_applicativo?post=1320"}],"curies":[{"name":"wp","href":"https:\/\/api.w.org\/{rel}","templated":true}]}}