{"id":1321,"date":"2022-06-15T15:14:38","date_gmt":"2022-07-04T15:48:12","guid":{"rendered":"https:\/\/italdibipack.bozzaonline.it\/prodotto\/deltareg-aa-132\/"},"modified":"2022-08-26T10:25:33","modified_gmt":"2022-08-26T10:25:33","slug":"deltareg-aa-132","status":"publish","type":"product","link":"https:\/\/www.italdibipack.com\/es\/producto\/deltareg-aa-132\/","title":{"rendered":"DELTAREG AA 132"},"content":{"rendered":"<h3><strong>FLEJADORA SEMIAUTOM\u00c1TICA CON CABEZA LATERAL Y BAYONETA<\/strong><\/h3>\n<p>Las m\u00e1quinas flejadoras semiautom\u00e1ticas son particularmente adecuadas para resolver los problemas de empaque de palets peque\u00f1os.<\/p>\n<p>Equipada con bayoneta que se puede cerrar a 90\u00ba, permite ahorrar espacio cuando no se utiliza. Con sus cuatro ruedas pivotantes permite un posicionamiento r\u00e1pido de la m\u00e1quina, facilitando la entrada en el palet a trav\u00e9s del palet para ser atado. Simplemente toca insertar el fleje en la abertura prepuesta para activar el ciclo de flejado. La soldadura se lleva a cabo por fusi\u00f3n de esta, por efecto de una cuchilla caliente cuya temperatura, ajustable, se mantiene constante gracias a un termorregulador.<\/p>\n<p>Tensi\u00f3n ajustable electr\u00f3nicamente y salida del fleje regulable a trav\u00e9s de un potenci\u00f3metro.<\/p>\n<p><strong>VERSI\u00d3N CON ALIMENTACI\u00d3N A BATER\u00cdA<\/strong><\/p>\n<ul>\n<li>M\u00e1quina de flejado semiautom\u00e1tica para correa en P.P. con ancho de 9 a 15 mm<\/li>\n<li>N\u00b0 4 ruedas giratorias<\/li>\n<li>Bater\u00eda incluida a 200 A, con cargador<\/li>\n<li>Pantalla con indicador de porcentaje de carga<\/li>\n<li>Bayoneta que se puede levantar en condiciones de reposo<\/li>\n<li>Bayoneta de longitud reducida para paletas de W800 con punta adicional (opcional)<\/li>\n<li>Fleja palet con altura m\u00ednima que llega hasta 380 mm<\/li>\n<li>Control de la fuerza de tensi\u00f3n electr\u00f3nica<\/li>\n<li>Cantidad de fleje para utilizar programable con el potenci\u00f3metro<\/li>\n<li><strong>Tensi\u00f3n m\u00edn. 8 Kg., m\u00e1x. 70 Kg <\/strong><\/li>\n<li>Tiempo de enfriamiento soldadura ajustable<\/li>\n<li>Ancho de la correa utilizable: 9, 12, 15 mm<\/li>\n<li>Di\u00e1metro interior bobina del fleje: 200 o 280 mm.<\/li>\n<li>Fuente de alimentaci\u00f3n: 230 V 50 Hz<\/li>\n<li>Peso bruto: 153 Kg.<\/li>\n<li>Capacidad de trabajo: hasta 400\/500 ciclos por carga<\/li>\n<\/ul>\n","protected":false},"excerpt":{"rendered":"<h3><strong>FLEJADORA SEMIAUTOM\u00c1TICA CON CABEZA LATERAL Y BAYONETA<\/strong><\/h3>\n<p>Las m\u00e1quinas flejadoras semiautom\u00e1ticas son particularmente adecuadas para resolver los problemas de empaque de palets peque\u00f1os.<\/p>\n<p>Equipada con bayoneta que se puede cerrar a 90\u00ba, permite ahorrar espacio cuando no se utiliza. Con sus cuatro ruedas pivotantes permite un posicionamiento r\u00e1pido de la m\u00e1quina, facilitando la entrada en el palet a trav\u00e9s del palet para ser atado. Simplemente toca insertar el fleje en la abertura prepuesta para activar el ciclo de flejado. La soldadura se lleva a cabo por fusi\u00f3n de esta, por efecto de una cuchilla caliente cuya temperatura, ajustable, se mantiene constante gracias a un termorregulador.<\/p>\n<p>Tensi\u00f3n ajustable electr\u00f3nicamente y salida del fleje regulable a trav\u00e9s de un potenci\u00f3metro.<\/p>\n","protected":false},"featured_media":15244,"template":"","meta":{"_acf_changed":false,"_seopress_robots_primary_cat":"","_seopress_titles_title":"DELTAREG AA 132: Envasadora Flowpack | ITALDIBIPACK","_seopress_titles_desc":"Descubra DELTAREG AA 132, la envasadora flowpack horizontal electr\u00f3nica. Versatilidad y precisi\u00f3n para envases diversos.","_seopress_robots_index":"","_eb_attr":"","_gspb_post_css":"","_kad_blocks_custom_css":"","_kad_blocks_head_custom_js":"","_kad_blocks_body_custom_js":"","_kad_blocks_footer_custom_js":"","_eb_data_table":"","_kad_post_transparent":"","_kad_post_title":"","_kad_post_layout":"","_kad_post_sidebar_id":"","_kad_post_content_style":"","_kad_post_vertical_padding":"","_kad_post_feature":"","_kad_post_feature_position":"","_kad_post_header":false,"_kad_post_footer":false,"_kad_post_classname":""},"product_brand":[],"product_cat":[143,15],"product_tag":[],"settore_applicazione":[],"campo_applicativo":[],"class_list":{"0":"post-1321","1":"product","2":"type-product","3":"status-publish","4":"has-post-thumbnail","6":"product_cat-flejadoras","7":"product_cat-senza-categoria","9":"first","10":"instock","11":"taxable","12":"shipping-taxable","13":"product-type-simple","14":"entry","15":"content-bg","16":"loop-entry"},"acf":[],"taxonomy_info":{"product_cat":[{"value":143,"label":"Flejadoras"},{"value":15,"label":"Senza categoria"}]},"featured_image_src_large":["https:\/\/www.italdibipack.com\/wp-content\/uploads\/2024\/02\/DELTAREG-AA-132-reggiatrici-ITALDIBIPACK-griglia-1024x1024.jpg",1024,1024,true],"author_info":[],"comment_info":"","_links":{"self":[{"href":"https:\/\/www.italdibipack.com\/es\/wp-json\/wp\/v2\/product\/1321","targetHints":{"allow":["GET"]}}],"collection":[{"href":"https:\/\/www.italdibipack.com\/es\/wp-json\/wp\/v2\/product"}],"about":[{"href":"https:\/\/www.italdibipack.com\/es\/wp-json\/wp\/v2\/types\/product"}],"wp:featuredmedia":[{"embeddable":true,"href":"https:\/\/www.italdibipack.com\/es\/wp-json\/wp\/v2\/media\/15244"}],"wp:attachment":[{"href":"https:\/\/www.italdibipack.com\/es\/wp-json\/wp\/v2\/media?parent=1321"}],"wp:term":[{"taxonomy":"product_brand","embeddable":true,"href":"https:\/\/www.italdibipack.com\/es\/wp-json\/wp\/v2\/product_brand?post=1321"},{"taxonomy":"product_cat","embeddable":true,"href":"https:\/\/www.italdibipack.com\/es\/wp-json\/wp\/v2\/product_cat?post=1321"},{"taxonomy":"product_tag","embeddable":true,"href":"https:\/\/www.italdibipack.com\/es\/wp-json\/wp\/v2\/product_tag?post=1321"},{"taxonomy":"settore_applicazione","embeddable":true,"href":"https:\/\/www.italdibipack.com\/es\/wp-json\/wp\/v2\/settore_applicazione?post=1321"},{"taxonomy":"campo_applicativo","embeddable":true,"href":"https:\/\/www.italdibipack.com\/es\/wp-json\/wp\/v2\/campo_applicativo?post=1321"}],"curies":[{"name":"wp","href":"https:\/\/api.w.org\/{rel}","templated":true}]}}