{"id":1323,"date":"2022-06-15T15:14:38","date_gmt":"2022-07-04T15:48:12","guid":{"rendered":"https:\/\/italdibipack.bozzaonline.it\/prodotto\/dibipack-4255-sa-ev\/"},"modified":"2024-07-15T17:06:31","modified_gmt":"2024-07-15T17:06:31","slug":"dibipack-4255-sa-ev","status":"publish","type":"product","link":"https:\/\/www.italdibipack.com\/es\/producto\/dibipack-4255-sa-ev\/","title":{"rendered":"DIBIPACK 4255 SA EV"},"content":{"rendered":"<h3><b><span lang=\"ES\">DIBIPACK EVOLUTION: la tecnolog\u00eda innovadora en termoretracci\u00f3n<\/span><\/b><\/h3>\n<p>Se necesita solo un operador. Mejor control para una producci\u00f3n m\u00e1s elevada. L\u00f3gica de control y de gesti\u00f3n del ciclo de trabajo.<\/p>\n<ul>\n<li>Control totalmente electr\u00f3nico con tarjeta de segunda generaci\u00f3n<\/li>\n<li>Regulaci\u00f3n autom\u00e1tica del tiempo de soldadura (la m\u00e1quina se ajusta autom\u00e1ticamente a la velocidad de trabajo)<\/li>\n<li>Funci\u00f3n de stand-by despu\u00e9s de unos minutos de inactividad<\/li>\n<li>Cuentapiezas<\/li>\n<li>Abertura campana por medio de un muelle a gas<\/li>\n<li>El im\u00e1n de serie mantiene cerrada la campana hasta el terminar del ciclo de trabajo<\/li>\n<li>Il magnete di autoritenuta (di serie) mantiene chiusa la campana fino al termine del ciclo<\/li>\n<li>Cinta de salida autom\u00e1tica en inox., controlado por un temporizador; con altura ajustable<\/li>\n<li>Aspirador con filtro a carbones de serie<\/li>\n<li>Control totalmente electr\u00f3nico<\/li>\n<\/ul>\n","protected":false},"excerpt":{"rendered":"<h3><b><span lang=\"ES\">DIBIPACK EVOLUTION: la tecnolog\u00eda innovadora en termoretracci\u00f3n<\/span><\/b><\/h3>\n<p>Se necesita solo un operador. Mejor control para una producci\u00f3n m\u00e1s elevada. L\u00f3gica de control y de gesti\u00f3n del ciclo de trabajo.<\/p>\n","protected":false},"featured_media":10219,"template":"","meta":{"_acf_changed":false,"_seopress_robots_primary_cat":"","_seopress_titles_title":"DIBIPACK 4255 SA EV: Envasadora de Campana | ITALDIBIPACK","_seopress_titles_desc":"La cl\u00e1sica envasadora de campana DIBIPACK 4255 SA EV. Fiable, f\u00e1cil de usar y perfecta para producciones medias.","_seopress_robots_index":"","_eb_attr":"","_gspb_post_css":"","_kad_blocks_custom_css":"","_kad_blocks_head_custom_js":"","_kad_blocks_body_custom_js":"","_kad_blocks_footer_custom_js":"","_eb_data_table":"","_kad_post_transparent":"default","_kad_post_title":"","_kad_post_layout":"default","_kad_post_sidebar_id":"","_kad_post_content_style":"default","_kad_post_vertical_padding":"default","_kad_post_feature":"","_kad_post_feature_position":"","_kad_post_header":false,"_kad_post_footer":false,"_kad_post_classname":""},"product_brand":[],"product_cat":[130,263],"product_tag":[],"settore_applicazione":[],"campo_applicativo":[363,359,355,351],"class_list":{"0":"post-1323","1":"product","2":"type-product","3":"status-publish","4":"has-post-thumbnail","6":"product_cat-soldadoras-termoretractiles-manuales-de-campana","7":"product_cat-embalaje-retractil","8":"campo_applicativo-cosmetica-es","9":"campo_applicativo-farmaceutico-es","10":"campo_applicativo-dolciario-es","11":"campo_applicativo-alimentare-es","13":"first","14":"instock","15":"taxable","16":"shipping-taxable","17":"product-type-simple","18":"entry","19":"content-bg","20":"loop-entry"},"acf":[],"taxonomy_info":{"product_cat":[{"value":130,"label":"Soldadoras termoretr\u00e1ctiles manuales de campana"},{"value":263,"label":"embalaje retr\u00e1ctil"}],"campo_applicativo":[{"value":363,"label":"cosmetica"},{"value":359,"label":"farmaceutico"},{"value":355,"label":"dolciario"},{"value":351,"label":"alimentare"}]},"featured_image_src_large":["https:\/\/www.italdibipack.com\/wp-content\/uploads\/2022\/06\/DIBIPACK-4255-SA-EV-macchine-confezionatrici-confezionatrici-manuali-termoretraibili-ITALDIBIPACK-1024x1024.png",1024,1024,true],"author_info":[],"comment_info":"","_links":{"self":[{"href":"https:\/\/www.italdibipack.com\/es\/wp-json\/wp\/v2\/product\/1323","targetHints":{"allow":["GET"]}}],"collection":[{"href":"https:\/\/www.italdibipack.com\/es\/wp-json\/wp\/v2\/product"}],"about":[{"href":"https:\/\/www.italdibipack.com\/es\/wp-json\/wp\/v2\/types\/product"}],"wp:featuredmedia":[{"embeddable":true,"href":"https:\/\/www.italdibipack.com\/es\/wp-json\/wp\/v2\/media\/10219"}],"wp:attachment":[{"href":"https:\/\/www.italdibipack.com\/es\/wp-json\/wp\/v2\/media?parent=1323"}],"wp:term":[{"taxonomy":"product_brand","embeddable":true,"href":"https:\/\/www.italdibipack.com\/es\/wp-json\/wp\/v2\/product_brand?post=1323"},{"taxonomy":"product_cat","embeddable":true,"href":"https:\/\/www.italdibipack.com\/es\/wp-json\/wp\/v2\/product_cat?post=1323"},{"taxonomy":"product_tag","embeddable":true,"href":"https:\/\/www.italdibipack.com\/es\/wp-json\/wp\/v2\/product_tag?post=1323"},{"taxonomy":"settore_applicazione","embeddable":true,"href":"https:\/\/www.italdibipack.com\/es\/wp-json\/wp\/v2\/settore_applicazione?post=1323"},{"taxonomy":"campo_applicativo","embeddable":true,"href":"https:\/\/www.italdibipack.com\/es\/wp-json\/wp\/v2\/campo_applicativo?post=1323"}],"curies":[{"name":"wp","href":"https:\/\/api.w.org\/{rel}","templated":true}]}}