{"id":1324,"date":"2022-06-15T15:14:38","date_gmt":"2022-07-04T15:48:12","guid":{"rendered":"https:\/\/italdibipack.bozzaonline.it\/prodotto\/turbopack-5040-7555-ev\/"},"modified":"2024-07-15T17:09:26","modified_gmt":"2024-07-15T17:09:26","slug":"turbopack-5040-7555-ev","status":"publish","type":"product","link":"https:\/\/www.italdibipack.com\/es\/producto\/turbopack-5040-7555-ev\/","title":{"rendered":"TURBOPACK 5040 &#8211; 7555 EV"},"content":{"rendered":"<h3>M\u00c1QUINAS DE EMBALAJE RETRACTILADORA COMPACTA SEMIAUTOM\u00c1TICO: DISE\u00d1O INNOVADOR, EST\u00c1NDARES DE ALTA CALIDAD, ALTOS RESULTADOS DE PRODUCCI\u00d3N<\/h3>\n<p>Ideal para realidades de producci\u00f3n de tama\u00f1o medio, con el fin de embalar tanto piezas individuales como m\u00faltiples. Simple cambio \u00a0del formato. Alternativas a las m\u00e1quinas de campana para implementar la producci\u00f3n con la misma facilidad de uso. Las m\u00e1quinas Turbopack trabajan con cualquier tipo de film retr\u00e1ctil \/ poliolef\u00ednico (GREEN FILM &#8211; GOLDEN FILM), con PVC (BLUE FILM) y posiblemente con film termosellable.<\/p>\n<ul>\n<li>Dise\u00f1o innovador<\/li>\n<li>Est\u00e1ndares de alta calidad<\/li>\n<li>Altos resultados de producci\u00f3n<\/li>\n<\/ul>\n","protected":false},"excerpt":{"rendered":"<h3>M\u00c1QUINAS DE EMBALAJE RETRACTILADORA COMPACTA SEMIAUTOM\u00c1TICO: DISE\u00d1O INNOVADOR, EST\u00c1NDARES DE ALTA CALIDAD, ALTOS RESULTADOS DE PRODUCCI\u00d3N<\/h3>\n<p>Ideal para realidades de producci\u00f3n de tama\u00f1o medio, con el fin de embalar tanto piezas individuales como m\u00faltiples. Simple cambio \u00a0del formato. Alternativas a las m\u00e1quinas de campana para implementar la producci\u00f3n con la misma facilidad de uso. Las m\u00e1quinas Turbopack trabajan con cualquier tipo de film retr\u00e1ctil \/ poliolef\u00ednico (GREEN FILM &#8211; GOLDEN FILM), con PVC (BLUE FILM) y posiblemente con film termosellable.<\/p>\n","protected":false},"featured_media":16479,"template":"","meta":{"_acf_changed":false,"_seopress_robots_primary_cat":"","_seopress_titles_title":"TURBOPACK 5040 - 7555 EV: T\u00fanel de Retractilado | ITALDIBIPACK","_seopress_titles_desc":"T\u00faneles de retractilado profesionales TURBOPACK. Alta eficiencia en el envasado con film retr\u00e1ctil.","_seopress_robots_index":"","_eb_attr":"","_gspb_post_css":"","_kad_blocks_custom_css":"","_kad_blocks_head_custom_js":"","_kad_blocks_body_custom_js":"","_kad_blocks_footer_custom_js":"","_eb_data_table":"","_kad_post_transparent":"default","_kad_post_title":"","_kad_post_layout":"default","_kad_post_sidebar_id":"","_kad_post_content_style":"default","_kad_post_vertical_padding":"default","_kad_post_feature":"","_kad_post_feature_position":"","_kad_post_header":false,"_kad_post_footer":false,"_kad_post_classname":""},"product_brand":[],"product_cat":[131,263],"product_tag":[],"settore_applicazione":[],"campo_applicativo":[],"class_list":{"0":"post-1324","1":"product","2":"type-product","3":"status-publish","4":"has-post-thumbnail","6":"product_cat-termoretractiladoras-angulares-con-tunel-de-retraccion-semiautomaticas","7":"product_cat-embalaje-retractil","9":"first","10":"instock","11":"taxable","12":"shipping-taxable","13":"product-type-simple","14":"entry","15":"content-bg","16":"loop-entry"},"acf":[],"taxonomy_info":{"product_cat":[{"value":131,"label":"Termoretr\u00e1ctiladoras angulares con t\u00fanel de retracci\u00f3n semiautom\u00e1ticas"},{"value":263,"label":"embalaje retr\u00e1ctil"}]},"featured_image_src_large":["https:\/\/www.italdibipack.com\/wp-content\/uploads\/2024\/02\/TURBOPACK-5040-\u2013-7555-EV-macchine-confezionatrici-confezionatrici-con-tunnel-di-retrazione-semi-automatiche-ITALDIBIPACK-griglia-1024x1024.jpg",1024,1024,true],"author_info":[],"comment_info":"","_links":{"self":[{"href":"https:\/\/www.italdibipack.com\/es\/wp-json\/wp\/v2\/product\/1324","targetHints":{"allow":["GET"]}}],"collection":[{"href":"https:\/\/www.italdibipack.com\/es\/wp-json\/wp\/v2\/product"}],"about":[{"href":"https:\/\/www.italdibipack.com\/es\/wp-json\/wp\/v2\/types\/product"}],"wp:featuredmedia":[{"embeddable":true,"href":"https:\/\/www.italdibipack.com\/es\/wp-json\/wp\/v2\/media\/16479"}],"wp:attachment":[{"href":"https:\/\/www.italdibipack.com\/es\/wp-json\/wp\/v2\/media?parent=1324"}],"wp:term":[{"taxonomy":"product_brand","embeddable":true,"href":"https:\/\/www.italdibipack.com\/es\/wp-json\/wp\/v2\/product_brand?post=1324"},{"taxonomy":"product_cat","embeddable":true,"href":"https:\/\/www.italdibipack.com\/es\/wp-json\/wp\/v2\/product_cat?post=1324"},{"taxonomy":"product_tag","embeddable":true,"href":"https:\/\/www.italdibipack.com\/es\/wp-json\/wp\/v2\/product_tag?post=1324"},{"taxonomy":"settore_applicazione","embeddable":true,"href":"https:\/\/www.italdibipack.com\/es\/wp-json\/wp\/v2\/settore_applicazione?post=1324"},{"taxonomy":"campo_applicativo","embeddable":true,"href":"https:\/\/www.italdibipack.com\/es\/wp-json\/wp\/v2\/campo_applicativo?post=1324"}],"curies":[{"name":"wp","href":"https:\/\/api.w.org\/{rel}","templated":true}]}}