{"id":1325,"date":"2022-06-15T15:14:38","date_gmt":"2022-07-04T15:48:12","guid":{"rendered":"https:\/\/italdibipack.bozzaonline.it\/prodotto\/jolly-work\/"},"modified":"2025-06-27T13:49:27","modified_gmt":"2025-06-27T13:49:27","slug":"jolly-work","status":"publish","type":"product","link":"https:\/\/www.italdibipack.com\/es\/producto\/jolly-work\/","title":{"rendered":"JOLLY WORK"},"content":{"rendered":"<p><strong>LA\u00a0\u00daLTIMA IDEA INNOVADORE INCRE\u00cdBLE DE ITALDIBIPACK. \u00a1DOS M\u00c1QUINAS AL PRECIO DE UNA!<\/strong><\/p>\n<p>ELEVADOR Y ENVOLVEDORA<\/p>\n<p>JOLLY WORK, es el m\u00e1s genial elevador y paletizador manual, gracias al dispositivo \u201cTRANSFORMER\u201d <strong>\u00ae <\/strong>se convierte de inmediato y sin ninguna operaci\u00f3n de montaje y desmontaje, en Envolvedor de film estirable para todos los tipos de cargas. CON JOLLY WORK SE ACABAN TODOS LOS PROBLEMAS Y DOLORES. Ahorra fatiga al operador y aumenta la productividad y la calidad del trabajo, mejora el resultado, facilite y permite envolver las cargas de mayor altura. Es la m\u00e1quina de ayuda en envolver manualmente.<\/p>\n","protected":false},"excerpt":{"rendered":"<p><strong>LA\u00a0\u00daLTIMA IDEA INNOVADORE INCRE\u00cdBLE DE ITALDIBIPACK. \u00a1DOS M\u00c1QUINAS AL PRECIO DE UNA!<\/strong><\/p>\n<p>ELEVADOR Y ENVOLVEDORA<\/p>\n<p>JOLLY WORK, es el m\u00e1s genial elevador y paletizador manual, gracias al dispositivo \u201cTRANSFORMER\u201d <strong>\u00ae <\/strong>se convierte de inmediato y sin ninguna operaci\u00f3n de montaje y desmontaje, en Envolvedor de film estirable para todos los tipos de cargas. CON JOLLY WORK SE ACABAN TODOS LOS PROBLEMAS Y DOLORES. Ahorra fatiga al operador y aumenta la productividad y la calidad del trabajo, mejora el resultado, facilite y permite envolver las cargas de mayor altura. Es la m\u00e1quina de ayuda en envolver manualmente.<\/p>\n","protected":false},"featured_media":16519,"template":"","meta":{"_acf_changed":false,"_seopress_robots_primary_cat":"none","_seopress_titles_title":"JOLLY WORK: Sistema Manual Multifunci\u00f3n | ITALDIBIPACK","_seopress_titles_desc":"El robot manual Jolly Work para enfardado y elevaci\u00f3n. Ergon\u00f3mico, ligero y vers\u00e1til: tres sistemas en uno.","_seopress_robots_index":"","_eb_attr":"","_gspb_post_css":"","_kad_blocks_custom_css":"","_kad_blocks_head_custom_js":"","_kad_blocks_body_custom_js":"","_kad_blocks_footer_custom_js":"","_eb_data_table":"","_kad_post_transparent":"default","_kad_post_title":"","_kad_post_layout":"default","_kad_post_sidebar_id":"","_kad_post_content_style":"default","_kad_post_vertical_padding":"default","_kad_post_feature":"","_kad_post_feature_position":"","_kad_post_header":false,"_kad_post_footer":false,"_kad_post_classname":""},"product_brand":[],"product_cat":[323,324],"product_tag":[],"settore_applicazione":[],"campo_applicativo":[],"class_list":{"0":"post-1325","1":"product","2":"type-product","3":"status-publish","4":"has-post-thumbnail","6":"product_cat-envolvedora-manual-de-palets","7":"product_cat-envolvimento-de-palets","9":"first","10":"instock","11":"taxable","12":"shipping-taxable","13":"purchasable","14":"product-type-simple","15":"entry","16":"content-bg","17":"loop-entry"},"acf":[],"taxonomy_info":{"product_cat":[{"value":323,"label":"Envolvedora manual de palets"},{"value":324,"label":"Envolvimento de palets"}]},"featured_image_src_large":["https:\/\/www.italdibipack.com\/wp-content\/uploads\/2022\/06\/JOLLY-WORK-avvolgitori-avvolgitori-manuali-ITALDIBIPACK-griglia-1024x1024.jpg",1024,1024,true],"author_info":[],"comment_info":"","_links":{"self":[{"href":"https:\/\/www.italdibipack.com\/es\/wp-json\/wp\/v2\/product\/1325","targetHints":{"allow":["GET"]}}],"collection":[{"href":"https:\/\/www.italdibipack.com\/es\/wp-json\/wp\/v2\/product"}],"about":[{"href":"https:\/\/www.italdibipack.com\/es\/wp-json\/wp\/v2\/types\/product"}],"wp:featuredmedia":[{"embeddable":true,"href":"https:\/\/www.italdibipack.com\/es\/wp-json\/wp\/v2\/media\/16519"}],"wp:attachment":[{"href":"https:\/\/www.italdibipack.com\/es\/wp-json\/wp\/v2\/media?parent=1325"}],"wp:term":[{"taxonomy":"product_brand","embeddable":true,"href":"https:\/\/www.italdibipack.com\/es\/wp-json\/wp\/v2\/product_brand?post=1325"},{"taxonomy":"product_cat","embeddable":true,"href":"https:\/\/www.italdibipack.com\/es\/wp-json\/wp\/v2\/product_cat?post=1325"},{"taxonomy":"product_tag","embeddable":true,"href":"https:\/\/www.italdibipack.com\/es\/wp-json\/wp\/v2\/product_tag?post=1325"},{"taxonomy":"settore_applicazione","embeddable":true,"href":"https:\/\/www.italdibipack.com\/es\/wp-json\/wp\/v2\/settore_applicazione?post=1325"},{"taxonomy":"campo_applicativo","embeddable":true,"href":"https:\/\/www.italdibipack.com\/es\/wp-json\/wp\/v2\/campo_applicativo?post=1325"}],"curies":[{"name":"wp","href":"https:\/\/api.w.org\/{rel}","templated":true}]}}