{"id":20538,"date":"2024-10-01T10:41:59","date_gmt":"2024-10-01T10:41:59","guid":{"rendered":"https:\/\/www.italdibipack.com\/?page_id=20538"},"modified":"2024-10-01T10:42:00","modified_gmt":"2024-10-01T10:42:00","slug":"gestion-des-preferences-de-cookies","status":"publish","type":"page","link":"https:\/\/www.italdibipack.com\/fr\/gestion-des-preferences-de-cookies\/","title":{"rendered":"Gestion des pr\u00e9f\u00e9rences de cookies"},"content":{"rendered":"<style>.kb-row-layout-id20538_140cd9-ed > .kt-row-column-wrap{align-content:start;}:where(.kb-row-layout-id20538_140cd9-ed > .kt-row-column-wrap) > .wp-block-kadence-column{justify-content:start;}.kb-row-layout-id20538_140cd9-ed > .kt-row-column-wrap{column-gap:var(--global-kb-gap-lg, 4rem);row-gap:var(--global-kb-gap-md, 2rem);max-width:var( --global-content-width, 1400px );padding-left:var(--global-content-edge-padding);padding-right:var(--global-content-edge-padding);padding-top:var(--global-kb-spacing-xl, 4rem);padding-bottom:var(--global-kb-spacing-3xl, 6.5rem);grid-template-columns:minmax(0, 1fr);}.kb-row-layout-id20538_140cd9-ed > .kt-row-layout-overlay{opacity:0.30;}@media all and (max-width: 1024px){.kb-row-layout-id20538_140cd9-ed > .kt-row-column-wrap{padding-top:var(--global-kb-spacing-xxl, 5rem);padding-bottom:var(--global-kb-spacing-xxl, 5rem);grid-template-columns:minmax(0, 1fr);}}@media all and (max-width: 1024px){.kb-row-layout-id20538_140cd9-ed > .kt-row-layout-overlay{opacity:0.20;}}@media all and (max-width: 767px){.kb-row-layout-id20538_140cd9-ed > .kt-row-column-wrap{grid-template-columns:minmax(0, 1fr);}}<\/style><div class=\"kb-row-layout-wrap kb-row-layout-id20538_140cd9-ed alignfull wp-block-kadence-rowlayout\"><div class=\"kt-row-column-wrap kt-has-1-columns kt-row-layout-equal kt-tab-layout-row kt-mobile-layout-row kt-row-valign-top kb-theme-content-width\">\n<style>.kadence-column20538_b62a7b-93 > .kt-inside-inner-col,.kadence-column20538_b62a7b-93 > .kt-inside-inner-col:before{border-top-left-radius:0px;border-top-right-radius:0px;border-bottom-right-radius:0px;border-bottom-left-radius:0px;}.kadence-column20538_b62a7b-93 > .kt-inside-inner-col{column-gap:var(--global-kb-gap-sm, 1rem);}.kadence-column20538_b62a7b-93 > .kt-inside-inner-col{flex-direction:column;}.kadence-column20538_b62a7b-93 > .kt-inside-inner-col > .aligncenter{width:100%;}.kadence-column20538_b62a7b-93 > .kt-inside-inner-col:before{opacity:0.3;}.kadence-column20538_b62a7b-93{position:relative;}@media all and (max-width: 1024px){.kadence-column20538_b62a7b-93 > .kt-inside-inner-col{flex-direction:column;justify-content:center;}}@media all and (max-width: 767px){.kadence-column20538_b62a7b-93 > .kt-inside-inner-col{flex-direction:column;justify-content:center;}}<\/style>\n<div class=\"wp-block-kadence-column kadence-column20538_b62a7b-93\"><div class=\"kt-inside-inner-col\">\n<p>Sur notre site, nous utilisons des cookies pour personnaliser le contenu et les annonces, fournir des fonctionnalit\u00e9s sociales et analyser notre trafic. Lors de votre premi\u00e8re visite, vous avez eu la possibilit\u00e9 d&rsquo;accepter ou de refuser l&rsquo;utilisation des cookies via la banni\u00e8re d&rsquo;information. Cependant, vous pouvez toujours modifier vos pr\u00e9f\u00e9rences \u00e0 tout moment en cliquant sur le bouton ci-dessous:<\/p>\n\n\n<style>.wp-block-kadence-advancedbtn.kt-btns20538_3cb469-38, .site .entry-content .wp-block-kadence-advancedbtn.kt-btns20538_3cb469-38, .wp-block-kadence-advancedbtn.kb-btns20538_3cb469-38, .site .entry-content .wp-block-kadence-advancedbtn.kb-btns20538_3cb469-38{margin-top:var(--global-kb-spacing-md, 2rem);margin-bottom:var(--global-kb-spacing-md, 2rem);}.wp-block-kadence-advancedbtn.kb-btns20538_3cb469-38{gap:var(--global-kb-gap-xs, 0.5rem );justify-content:flex-start;align-items:center;}.kt-btns20538_3cb469-38 .kt-button{font-weight:normal;font-style:normal;}.kt-btns20538_3cb469-38 .kt-btn-wrap-0{margin-right:5px;}.wp-block-kadence-advancedbtn.kt-btns20538_3cb469-38 .kt-btn-wrap-0 .kt-button{color:#555555;border-color:#555555;}.wp-block-kadence-advancedbtn.kt-btns20538_3cb469-38 .kt-btn-wrap-0 .kt-button:hover, .wp-block-kadence-advancedbtn.kt-btns20538_3cb469-38 .kt-btn-wrap-0 .kt-button:focus{color:#ffffff;border-color:#444444;}.wp-block-kadence-advancedbtn.kt-btns20538_3cb469-38 .kt-btn-wrap-0 .kt-button::before{display:none;}.wp-block-kadence-advancedbtn.kt-btns20538_3cb469-38 .kt-btn-wrap-0 .kt-button:hover, .wp-block-kadence-advancedbtn.kt-btns20538_3cb469-38 .kt-btn-wrap-0 .kt-button:focus{background:#444444;}<\/style>\n<div class=\"wp-block-kadence-advancedbtn kb-buttons-wrap kb-btns20538_3cb469-38 iubenda-cs-preferences-link\"><style>ul.menu .wp-block-kadence-advancedbtn .kb-btn20538_b0a83c-37.kb-button{width:initial;}<\/style><span class=\"kb-button kt-button button kb-btn20538_b0a83c-37 kt-btn-size-standard kt-btn-width-type-auto kb-btn-global-fill  kt-btn-has-text-true kt-btn-has-svg-false  cmplz-show-banner wp-block-kadence-singlebtn\"><span class=\"kt-btn-inner-text\"><strong>Modifier les pr\u00e9f\u00e9rences de cookies<\/strong><\/span><\/span><\/div>\n\n\n\n<p>En cliquant sur ce bouton, vous pourrez revoir la banni\u00e8re des cookies et mettre \u00e0 jour vos choix concernant les diff\u00e9rentes cat\u00e9gories de cookies que nous utilisons.<\/p>\n\n\n\n<p>Vous pouvez consentir ou refuser chaque cat\u00e9gorie, \u00e0 l&rsquo;exception des cookies techniques essentiels, et votre choix sera enregistr\u00e9 et respect\u00e9 lors de vos prochaines visites.<\/p>\n\n\n\n<p>Pour plus de d\u00e9tails sur la fa\u00e7on dont nous utilisons les cookies et comment nous traitons vos donn\u00e9es personnelles, veuillez consulter notre <a href=\"https:\/\/www.italdibipack.com\/fr\/politique-de-confidentialite\/\" data-type=\"page\" data-id=\"20421\">Politique de confidentialit\u00e9<\/a> et notre<a href=\"https:\/\/www.italdibipack.com\/fr\/cookie-policy\/\" data-type=\"page\" data-id=\"20526\"> Politique de cookies<\/a>.<\/p>\n<\/div><\/div>\n\n<\/div><\/div>","protected":false},"excerpt":{"rendered":"<p>Sur notre site, nous utilisons des cookies pour personnaliser le contenu et les annonces, fournir des fonctionnalit\u00e9s sociales et analyser notre trafic. Lors de votre premi\u00e8re visite, vous avez eu la possibilit\u00e9 d&rsquo;accepter ou de refuser l&rsquo;utilisation des cookies via la banni\u00e8re d&rsquo;information. Cependant, vous pouvez toujours modifier vos pr\u00e9f\u00e9rences \u00e0 tout moment en cliquant&#8230;<\/p>\n","protected":false},"author":1,"featured_media":0,"parent":0,"menu_order":31,"comment_status":"closed","ping_status":"closed","template":"","meta":{"_acf_changed":false,"_seopress_robots_primary_cat":"","_seopress_titles_title":"Gestion des Pr\u00e9f\u00e9rences de Cookies | ITALDIBIPACK","_seopress_titles_desc":"G\u00e9rez vos pr\u00e9f\u00e9rences en mati\u00e8re de cookies et vos param\u00e8tres de confidentialit\u00e9 sur notre site web.","_seopress_robots_index":"","_eb_attr":"","_gspb_post_css":"","_kad_blocks_custom_css":"","_kad_blocks_head_custom_js":"","_kad_blocks_body_custom_js":"","_kad_blocks_footer_custom_js":"","_eb_data_table":"","_kad_post_transparent":"","_kad_post_title":"","_kad_post_layout":"","_kad_post_sidebar_id":"","_kad_post_content_style":"","_kad_post_vertical_padding":"","_kad_post_feature":"","_kad_post_feature_position":"","_kad_post_header":false,"_kad_post_footer":false,"_kad_post_classname":"","footnotes":""},"class_list":["post-20538","page","type-page","status-publish","hentry"],"acf":[],"taxonomy_info":[],"featured_image_src_large":false,"author_info":{"display_name":"adminer","author_link":"https:\/\/www.italdibipack.com\/fr\/author\/adminer\/"},"comment_info":0,"_links":{"self":[{"href":"https:\/\/www.italdibipack.com\/fr\/wp-json\/wp\/v2\/pages\/20538","targetHints":{"allow":["GET"]}}],"collection":[{"href":"https:\/\/www.italdibipack.com\/fr\/wp-json\/wp\/v2\/pages"}],"about":[{"href":"https:\/\/www.italdibipack.com\/fr\/wp-json\/wp\/v2\/types\/page"}],"author":[{"embeddable":true,"href":"https:\/\/www.italdibipack.com\/fr\/wp-json\/wp\/v2\/users\/1"}],"replies":[{"embeddable":true,"href":"https:\/\/www.italdibipack.com\/fr\/wp-json\/wp\/v2\/comments?post=20538"}],"version-history":[{"count":1,"href":"https:\/\/www.italdibipack.com\/fr\/wp-json\/wp\/v2\/pages\/20538\/revisions"}],"predecessor-version":[{"id":20571,"href":"https:\/\/www.italdibipack.com\/fr\/wp-json\/wp\/v2\/pages\/20538\/revisions\/20571"}],"wp:attachment":[{"href":"https:\/\/www.italdibipack.com\/fr\/wp-json\/wp\/v2\/media?parent=20538"}],"curies":[{"name":"wp","href":"https:\/\/api.w.org\/{rel}","templated":true}]}}