{"id":6877,"date":"2022-10-07T16:55:47","date_gmt":"2022-10-07T16:55:47","guid":{"rendered":"https:\/\/italdibipack.esempioweb.it\/qui-sommes-nous\/storia\/"},"modified":"2024-12-19T08:40:14","modified_gmt":"2024-12-19T08:40:14","slug":"histoire","status":"publish","type":"page","link":"https:\/\/www.italdibipack.com\/fr\/qui-sommes-nous\/histoire\/","title":{"rendered":"Histoire"},"content":{"rendered":"<style>.kb-row-layout-id6877_660c6c-a0 > .kt-row-column-wrap{align-content:start;}:where(.kb-row-layout-id6877_660c6c-a0 > .kt-row-column-wrap) > .wp-block-kadence-column{justify-content:start;}.kb-row-layout-id6877_660c6c-a0 > .kt-row-column-wrap{column-gap:var(--global-kb-gap-md, 2rem);row-gap:var(--global-kb-gap-md, 2rem);max-width:var( --global-content-width, 1400px );padding-left:var(--global-content-edge-padding);padding-right:var(--global-content-edge-padding);padding-top:var(--global-kb-spacing-xl, 4rem);padding-bottom:var(--global-kb-spacing-4xl, 8rem);grid-template-columns:minmax(0, 1fr);}.kb-row-layout-id6877_660c6c-a0 > .kt-row-layout-overlay{opacity:0.30;}@media all and (max-width: 1024px){.kb-row-layout-id6877_660c6c-a0 > .kt-row-column-wrap{grid-template-columns:minmax(0, 1fr);}}@media all and (max-width: 767px){.kb-row-layout-id6877_660c6c-a0 > .kt-row-column-wrap{grid-template-columns:minmax(0, 1fr);}}<\/style><div class=\"kb-row-layout-wrap kb-row-layout-id6877_660c6c-a0 alignfull giustificato wp-block-kadence-rowlayout\"><div class=\"kt-row-column-wrap kt-has-1-columns kt-row-layout-equal kt-tab-layout-inherit kt-mobile-layout-row kt-row-valign-top kb-theme-content-width\">\n<style>.kadence-column6877_076e7c-50 > .kt-inside-inner-col,.kadence-column6877_076e7c-50 > .kt-inside-inner-col:before{border-top-left-radius:0px;border-top-right-radius:0px;border-bottom-right-radius:0px;border-bottom-left-radius:0px;}.kadence-column6877_076e7c-50 > .kt-inside-inner-col{column-gap:var(--global-kb-gap-sm, 1rem);}.kadence-column6877_076e7c-50 > .kt-inside-inner-col{flex-direction:column;}.kadence-column6877_076e7c-50 > .kt-inside-inner-col > .aligncenter{width:100%;}.kadence-column6877_076e7c-50 > .kt-inside-inner-col:before{opacity:0.3;}.kadence-column6877_076e7c-50{position:relative;}@media all and (max-width: 1024px){.kadence-column6877_076e7c-50 > .kt-inside-inner-col{flex-direction:column;justify-content:center;}}@media all and (max-width: 767px){.kadence-column6877_076e7c-50 > .kt-inside-inner-col{flex-direction:column;justify-content:center;}}<\/style>\n<div class=\"wp-block-kadence-column kadence-column6877_076e7c-50 inner-column-1\"><div class=\"kt-inside-inner-col\"><style>.wp-block-kadence-advancedheading.kt-adv-heading6877_5676f1-7a, .wp-block-kadence-advancedheading.kt-adv-heading6877_5676f1-7a[data-kb-block=\"kb-adv-heading6877_5676f1-7a\"]{font-style:normal;}.wp-block-kadence-advancedheading.kt-adv-heading6877_5676f1-7a mark.kt-highlight, .wp-block-kadence-advancedheading.kt-adv-heading6877_5676f1-7a[data-kb-block=\"kb-adv-heading6877_5676f1-7a\"] mark.kt-highlight{font-style:normal;color:#f76a0c;-webkit-box-decoration-break:clone;box-decoration-break:clone;padding-top:0px;padding-right:0px;padding-bottom:0px;padding-left:0px;}.wp-block-kadence-advancedheading.kt-adv-heading6877_5676f1-7a img.kb-inline-image, .wp-block-kadence-advancedheading.kt-adv-heading6877_5676f1-7a[data-kb-block=\"kb-adv-heading6877_5676f1-7a\"] img.kb-inline-image{width:150px;vertical-align:baseline;}<\/style>\n<h2 class=\"kt-adv-heading6877_5676f1-7a wp-block-kadence-advancedheading\" data-kb-block=\"kb-adv-heading6877_5676f1-7a\">EN 1975,&nbsp;LA NAISSANCE D\u2019UNE ETOILE DANS LE MONDE DE L\u2019EMBALLAGE: ITALDIBIPACK GROUP<\/h2>\n\n\n\n<p>Encore aujourd\u2019hui la source d\u2019inspiration de plusieurs soci\u00e9t\u00e9s en Italie et partout dans le monde.<\/p>\n\n\n\n<p>L\u2019exp\u00e9rience&nbsp;de <strong>Mr. Luciano Butturini<\/strong> vis \u00e0 vis la demande quotidienne toujours plus exigente l\u2019a inspir\u00e9 \u00e0 fonder la soci\u00e9t\u00e9. Il a su interpr\u00e9ter les possibilit\u00e9es d\u2019une p\u00e9riode historique en \u00e9volution, r\u00e9ussissant en peu d\u2019ann\u00e9es \u00e0 s\u2019imposer avec des solutions toujours exceptionnelles, innovatives et \u00e0 l\u2019avant guarde. Sa volont\u00e9 : r\u00e9pondre aux probl\u00e9matiques complexes avec des formules tr\u00e8s simples.<\/p>\n\n\n\n<p>donc nous assistons au d\u00e9but de la simplification du conditionnement. Une vraie d\u00e9mocratie de l\u2019emballage, o\u00f9 chaque r\u00e9alit\u00e9 tend vers l\u2019\u00e9mancipation sur la r\u00e9solution des propres exigences internes.<\/p>\n\n\n\n<p>les premi\u00e8res versions de la ligne <strong>DIBIPACK<\/strong> \u00e0 l\u2019horizon, innoubliables et indispensables pour toutes les r\u00e9alit\u00e9s du conditionnement manuel, <strong>ESPERT<\/strong>, pour les soci\u00e9t\u00e9s de media-grande production, pour arriver \u00e0 la plus grande r\u00e9alisation de l\u2019<strong>ITALDIBIPACK<\/strong>, la ligne <strong>MECPACK<\/strong>: machine automatique pour un monde industriel d\u00e9sormais mature et conscient des propres potentialit\u00e9s et qui n\u2019a pas peur de revendiquer sa place avec la n\u00e9cessit\u00e9 de faire des choix plus performantes et une technologie avanc\u00e9e.<\/p>\n\n\n\n<p>Attachant et s\u00e9duisant, ITALDIBIPACK commence \u00e0 se faire remarquer dans les ann\u00e9es 80, en capitalisant les efforts productifs et d\u2019am\u00e9lioration des ann\u00e9es pr\u00e9c\u00e9dantes tout en resant fid\u00e8le \u00e0 la propre vocation et au gout du d\u00e9fit.<\/p>\n\n\n\n<p>les ann\u00e9es 90 seront la suite logique de l\u2019histoire d\u00e9j\u00e0 \u00e9crite des ann\u00e9es pr\u00e9c\u00e9dentes.<\/p>\n\n\n\n<p>l\u2019Europe voit ses barri\u00e8res s\u2019\u00e9ffondre, une fl\u00e9xibilit\u00e9 des murs politiques et ideologiques invite tout le monde \u00e0 s\u2019integrer dans un nouveau monde o\u00f9 la possibilit\u00e9 du renouvellement est l\u2019unique alternative pour ne pas rester li\u00e9 \u00e0 un pass\u00e9 rassis. d\u2019o\u00f9 la naissance \u00e0 la fin de la d\u00e9cennie d\u2019une nouvelle vision <strong>\u201cEnd line\u201d<\/strong>.<\/p>\n\n\n\n<p>une vraie et propre structure pour la construction des meilleures solutions pour le banderolage de palettes sous forme de table rotante comme premi\u00e8re ligne pour ensuite devenir la plus geniale famille des robot dans le monde:&nbsp;<strong>LEONARDO<\/strong>.<\/p>\n\n\n\n<p>c\u2019est officiel, l\u2019entreprise pr\u00e9curseur du conditionnement dans le monde, agrandie sa gamme en s\u2019ouvrant dans le monde de la logistique. Non seulement le banderolage des palettes mais aussi toutes les op\u00e9rations de fermeture avec scotch et syst\u00e8mes feuillard qui sont n\u00e9cessaires avant le banderolage.<\/p>\n\n\n<style>.wp-block-kadence-spacer.kt-block-spacer-6877_536e33-41 .kt-block-spacer{height:120px;}.wp-block-kadence-spacer.kt-block-spacer-6877_536e33-41 .kt-divider-stripe{height:1px;width:600px;}<\/style>\n<div class=\"wp-block-kadence-spacer aligncenter kt-block-spacer-6877_536e33-41\"><div class=\"kt-block-spacer kt-block-spacer-halign-left\"><span class=\"kt-divider-stripe\"><svg xmlns=\"http:\/\/www.w3.org\/2000\/svg\" width=\"100%\" height=\"100%\" class=\"kb-pattern-svg-divider kb-stripes-svg\"><defs><pattern id=\"pat6877_536e33-41\" width=\"7\" height=\"7\" patternTransform=\"rotate(40)\" patternUnits=\"userSpaceOnUse\"><line x1=\"0\" y=\"0\" x2=\"0\" y2=\"7\" stroke=\"#eee\" stroke-width=\"4\"><\/line><\/pattern><\/defs><rect width=\"100%\" height=\"100%\" fill=\"url(#pat6877_536e33-41)\" opacity=\"1\"><\/rect><\/svg><\/span><\/div><\/div>\n\n\n<style>.wp-block-kadence-advancedgallery.kb-gallery-wrap-id-6877_e25ccc-50{margin-top:0px;margin-right:0px;margin-bottom:80px;margin-left:0px;}.wp-block-kadence-advancedgallery .kb-gallery-type-grid.kb-gallery-id-6877_e25ccc-50{margin:-5px;}.kb-gallery-type-grid.kb-gallery-id-6877_e25ccc-50 .kadence-blocks-gallery-item{padding:5px;}.kb-gallery-id-6877_e25ccc-50 .kadence-blocks-gallery-item .kb-gal-image-radius, .kb-gallery-id-6877_e25ccc-50 .kb-slide-item .kb-gal-image-radius img{border-radius:0px 0px 0px 0px;;}.kb-gallery-id-6877_e25ccc-50 .kadence-blocks-gallery-item .kadence-blocks-gallery-item-inner .kadence-blocks-gallery-item__caption{color:var(--global-palette6, #718096);}.kb-gallery-caption-style-cover-hover.kb-gallery-id-6877_e25ccc-50 .kadence-blocks-gallery-item .kadence-blocks-gallery-item-inner .kadence-blocks-gallery-item__caption, .kb-gallery-caption-style-below.kb-gallery-id-6877_e25ccc-50 .kadence-blocks-gallery-item .kadence-blocks-gallery-item-inner .kadence-blocks-gallery-item__caption{background:rgba(255, 255, 255, 0);}<\/style><div class=\"kb-gallery-wrap-id-6877_e25ccc-50 alignnone wp-block-kadence-advancedgallery\"><ul class=\"kb-gallery-ul kb-gallery-non-static kb-gallery-type-grid kb-gallery-id-6877_e25ccc-50 kb-gallery-caption-style-below kb-gallery-filter-none kb-gallery-magnific-init\" data-image-filter=\"none\" data-item-selector=\".kadence-blocks-gallery-item\" data-lightbox-caption=\"true\" data-columns-xxl=\"4\" data-columns-xl=\"4\" data-columns-md=\"4\" data-columns-sm=\"2\" data-columns-xs=\"2\" data-columns-ss=\"1\"><li class=\"kadence-blocks-gallery-item\"><div class=\"kadence-blocks-gallery-item-inner\"><figure class=\"kb-gallery-figure kb-gallery-item-has-link kadence-blocks-gallery-item-has-caption\"><a href=\"https:\/\/www.italdibipack.com\/wp-content\/uploads\/2022\/10\/ITALDIBIPACK-storia-Ipack-ima-1980.jpg\" data-description=\"IPACKIMA 1982\" class=\"kb-gallery-item-link\"   role=\"button\" aria-haspopup=\"dialog\"><div class=\"kb-gal-image-radius\"><div class=\"kb-gallery-image-contain kadence-blocks-gallery-intrinsic kb-gallery-image-ratio-land32 kb-has-image-ratio-land32\" ><img loading=\"lazy\" decoding=\"async\" src=\"https:\/\/www.italdibipack.com\/wp-content\/uploads\/2022\/10\/ITALDIBIPACK-storia-Ipack-ima-1980.jpg\" width=\"1200\" height=\"961\" alt=\"\" data-full-image=\"https:\/\/www.italdibipack.com\/wp-content\/uploads\/2022\/10\/ITALDIBIPACK-storia-Ipack-ima-1980.jpg\" data-light-image=\"https:\/\/www.italdibipack.com\/wp-content\/uploads\/2022\/10\/ITALDIBIPACK-storia-Ipack-ima-1980.jpg\" data-id=\"5958\" class=\"wp-image-5958\" srcset=\"https:\/\/www.italdibipack.com\/wp-content\/uploads\/2022\/10\/ITALDIBIPACK-storia-Ipack-ima-1980.jpg 1200w, https:\/\/www.italdibipack.com\/wp-content\/uploads\/2022\/10\/ITALDIBIPACK-storia-Ipack-ima-1980-300x240.jpg 300w, https:\/\/www.italdibipack.com\/wp-content\/uploads\/2022\/10\/ITALDIBIPACK-storia-Ipack-ima-1980-768x615.jpg 768w, https:\/\/www.italdibipack.com\/wp-content\/uploads\/2022\/10\/ITALDIBIPACK-storia-Ipack-ima-1980-1024x820.jpg 1024w, https:\/\/www.italdibipack.com\/wp-content\/uploads\/2022\/10\/ITALDIBIPACK-storia-Ipack-ima-1980-600x481.jpg 600w\" sizes=\"auto, (max-width: 1200px) 100vw, 1200px\" \/><\/div><\/div><div class=\"kadence-blocks-gallery-item__caption\">IPACKIMA 1982<\/div><\/a><\/figure><\/div><\/li><li class=\"kadence-blocks-gallery-item\"><div class=\"kadence-blocks-gallery-item-inner\"><figure class=\"kb-gallery-figure kb-gallery-item-has-link kadence-blocks-gallery-item-has-caption\"><a href=\"https:\/\/www.italdibipack.com\/wp-content\/uploads\/2022\/10\/ITALDIBIPACK-storia-Tokyopack-1994.jpg\" data-description=\"PLAST 85\" class=\"kb-gallery-item-link\"   role=\"button\" aria-haspopup=\"dialog\"><div class=\"kb-gal-image-radius\"><div class=\"kb-gallery-image-contain kadence-blocks-gallery-intrinsic kb-gallery-image-ratio-land32 kb-has-image-ratio-land32\" ><img loading=\"lazy\" decoding=\"async\" src=\"https:\/\/www.italdibipack.com\/wp-content\/uploads\/2022\/10\/ITALDIBIPACK-storia-Tokyopack-1994.jpg\" width=\"971\" height=\"726\" alt=\"\" data-full-image=\"https:\/\/www.italdibipack.com\/wp-content\/uploads\/2022\/10\/ITALDIBIPACK-storia-Tokyopack-1994.jpg\" data-light-image=\"https:\/\/www.italdibipack.com\/wp-content\/uploads\/2022\/10\/ITALDIBIPACK-storia-Tokyopack-1994.jpg\" data-id=\"5968\" class=\"wp-image-5968\" srcset=\"https:\/\/www.italdibipack.com\/wp-content\/uploads\/2022\/10\/ITALDIBIPACK-storia-Tokyopack-1994.jpg 971w, https:\/\/www.italdibipack.com\/wp-content\/uploads\/2022\/10\/ITALDIBIPACK-storia-Tokyopack-1994-300x224.jpg 300w, https:\/\/www.italdibipack.com\/wp-content\/uploads\/2022\/10\/ITALDIBIPACK-storia-Tokyopack-1994-768x574.jpg 768w, https:\/\/www.italdibipack.com\/wp-content\/uploads\/2022\/10\/ITALDIBIPACK-storia-Tokyopack-1994-600x449.jpg 600w\" sizes=\"auto, (max-width: 971px) 100vw, 971px\" \/><\/div><\/div><div class=\"kadence-blocks-gallery-item__caption\">PLAST 85<\/div><\/a><\/figure><\/div><\/li><li class=\"kadence-blocks-gallery-item\"><div class=\"kadence-blocks-gallery-item-inner\"><figure class=\"kb-gallery-figure kb-gallery-item-has-link kadence-blocks-gallery-item-has-caption\"><a href=\"https:\/\/www.italdibipack.com\/wp-content\/uploads\/2022\/10\/ITALDIBIPACK-storia-Smau-1993.jpg\" data-description=\"SMAU 1993\" class=\"kb-gallery-item-link\"   role=\"button\" aria-haspopup=\"dialog\"><div class=\"kb-gal-image-radius\"><div class=\"kb-gallery-image-contain kadence-blocks-gallery-intrinsic kb-gallery-image-ratio-land32 kb-has-image-ratio-land32\" ><img loading=\"lazy\" decoding=\"async\" src=\"https:\/\/www.italdibipack.com\/wp-content\/uploads\/2022\/10\/ITALDIBIPACK-storia-Smau-1993.jpg\" width=\"1200\" height=\"954\" alt=\"\" data-full-image=\"https:\/\/www.italdibipack.com\/wp-content\/uploads\/2022\/10\/ITALDIBIPACK-storia-Smau-1993.jpg\" data-light-image=\"https:\/\/www.italdibipack.com\/wp-content\/uploads\/2022\/10\/ITALDIBIPACK-storia-Smau-1993.jpg\" data-id=\"5963\" class=\"wp-image-5963\" srcset=\"https:\/\/www.italdibipack.com\/wp-content\/uploads\/2022\/10\/ITALDIBIPACK-storia-Smau-1993.jpg 1200w, https:\/\/www.italdibipack.com\/wp-content\/uploads\/2022\/10\/ITALDIBIPACK-storia-Smau-1993-300x239.jpg 300w, https:\/\/www.italdibipack.com\/wp-content\/uploads\/2022\/10\/ITALDIBIPACK-storia-Smau-1993-1024x814.jpg 1024w, https:\/\/www.italdibipack.com\/wp-content\/uploads\/2022\/10\/ITALDIBIPACK-storia-Smau-1993-768x611.jpg 768w, https:\/\/www.italdibipack.com\/wp-content\/uploads\/2022\/10\/ITALDIBIPACK-storia-Smau-1993-600x477.jpg 600w\" sizes=\"auto, (max-width: 1200px) 100vw, 1200px\" \/><\/div><\/div><div class=\"kadence-blocks-gallery-item__caption\">SMAU 1993<\/div><\/a><\/figure><\/div><\/li><li class=\"kadence-blocks-gallery-item\"><div class=\"kadence-blocks-gallery-item-inner\"><figure class=\"kb-gallery-figure kb-gallery-item-has-link kadence-blocks-gallery-item-has-caption\"><a href=\"https:\/\/www.italdibipack.com\/wp-content\/uploads\/2022\/10\/ITALDIBIPACK-storia-Grafitalia-1996.jpg\" data-description=\"GRAFITALIA 1996\" class=\"kb-gallery-item-link\"   role=\"button\" aria-haspopup=\"dialog\"><div class=\"kb-gal-image-radius\"><div class=\"kb-gallery-image-contain kadence-blocks-gallery-intrinsic kb-gallery-image-ratio-land32 kb-has-image-ratio-land32\" ><img loading=\"lazy\" decoding=\"async\" src=\"https:\/\/www.italdibipack.com\/wp-content\/uploads\/2022\/10\/ITALDIBIPACK-storia-Grafitalia-1996.jpg\" width=\"1200\" height=\"896\" alt=\"\" data-full-image=\"https:\/\/www.italdibipack.com\/wp-content\/uploads\/2022\/10\/ITALDIBIPACK-storia-Grafitalia-1996.jpg\" data-light-image=\"https:\/\/www.italdibipack.com\/wp-content\/uploads\/2022\/10\/ITALDIBIPACK-storia-Grafitalia-1996.jpg\" data-id=\"5973\" class=\"wp-image-5973\" srcset=\"https:\/\/www.italdibipack.com\/wp-content\/uploads\/2022\/10\/ITALDIBIPACK-storia-Grafitalia-1996.jpg 1200w, https:\/\/www.italdibipack.com\/wp-content\/uploads\/2022\/10\/ITALDIBIPACK-storia-Grafitalia-1996-300x224.jpg 300w, https:\/\/www.italdibipack.com\/wp-content\/uploads\/2022\/10\/ITALDIBIPACK-storia-Grafitalia-1996-768x573.jpg 768w, https:\/\/www.italdibipack.com\/wp-content\/uploads\/2022\/10\/ITALDIBIPACK-storia-Grafitalia-1996-1024x765.jpg 1024w, https:\/\/www.italdibipack.com\/wp-content\/uploads\/2022\/10\/ITALDIBIPACK-storia-Grafitalia-1996-600x448.jpg 600w\" sizes=\"auto, (max-width: 1200px) 100vw, 1200px\" \/><\/div><\/div><div class=\"kadence-blocks-gallery-item__caption\">GRAFITALIA 1996<\/div><\/a><\/figure><\/div><\/li><\/ul><\/div><\/div><\/div>\n\n<\/div><\/div>","protected":false},"excerpt":{"rendered":"<p>EN 1975,&nbsp;LA NAISSANCE D\u2019UNE ETOILE DANS LE MONDE DE L\u2019EMBALLAGE: ITALDIBIPACK GROUP Encore aujourd\u2019hui la source d\u2019inspiration de plusieurs soci\u00e9t\u00e9s en Italie et partout dans le monde. L\u2019exp\u00e9rience&nbsp;de Mr. Luciano Butturini vis \u00e0 vis la demande quotidienne toujours plus exigente l\u2019a inspir\u00e9 \u00e0 fonder la soci\u00e9t\u00e9. Il a su interpr\u00e9ter les possibilit\u00e9es d\u2019une p\u00e9riode historique&#8230;<\/p>\n","protected":false},"author":1,"featured_media":0,"parent":6822,"menu_order":68,"comment_status":"closed","ping_status":"closed","template":"","meta":{"_acf_changed":false,"_seopress_robots_primary_cat":"","_seopress_titles_title":"L'Histoire d'ITALDIBIPACK: Innovateurs depuis 1975","_seopress_titles_desc":"D\u00e9couvrez les \u00e9tapes cl\u00e9s du Groupe ITALDIBIPACK. De Luciano Butturini \u00e0 leader mondial de l'emballage.","_seopress_robots_index":"","_eb_attr":"","_gspb_post_css":"","_kad_blocks_custom_css":"","_kad_blocks_head_custom_js":"","_kad_blocks_body_custom_js":"","_kad_blocks_footer_custom_js":"","_eb_data_table":"","_kad_post_transparent":"","_kad_post_title":"","_kad_post_layout":"","_kad_post_sidebar_id":"","_kad_post_content_style":"","_kad_post_vertical_padding":"","_kad_post_feature":"","_kad_post_feature_position":"","_kad_post_header":false,"_kad_post_footer":false,"_kad_post_classname":"","footnotes":""},"class_list":["post-6877","page","type-page","status-publish","hentry"],"acf":[],"taxonomy_info":[],"featured_image_src_large":false,"author_info":{"display_name":"adminer","author_link":"https:\/\/www.italdibipack.com\/fr\/author\/adminer\/"},"comment_info":0,"_links":{"self":[{"href":"https:\/\/www.italdibipack.com\/fr\/wp-json\/wp\/v2\/pages\/6877","targetHints":{"allow":["GET"]}}],"collection":[{"href":"https:\/\/www.italdibipack.com\/fr\/wp-json\/wp\/v2\/pages"}],"about":[{"href":"https:\/\/www.italdibipack.com\/fr\/wp-json\/wp\/v2\/types\/page"}],"author":[{"embeddable":true,"href":"https:\/\/www.italdibipack.com\/fr\/wp-json\/wp\/v2\/users\/1"}],"replies":[{"embeddable":true,"href":"https:\/\/www.italdibipack.com\/fr\/wp-json\/wp\/v2\/comments?post=6877"}],"version-history":[{"count":5,"href":"https:\/\/www.italdibipack.com\/fr\/wp-json\/wp\/v2\/pages\/6877\/revisions"}],"predecessor-version":[{"id":21166,"href":"https:\/\/www.italdibipack.com\/fr\/wp-json\/wp\/v2\/pages\/6877\/revisions\/21166"}],"up":[{"embeddable":true,"href":"https:\/\/www.italdibipack.com\/fr\/wp-json\/wp\/v2\/pages\/6822"}],"wp:attachment":[{"href":"https:\/\/www.italdibipack.com\/fr\/wp-json\/wp\/v2\/media?parent=6877"}],"curies":[{"name":"wp","href":"https:\/\/api.w.org\/{rel}","templated":true}]}}