{"id":6893,"date":"2022-10-13T17:29:03","date_gmt":"2022-10-13T17:29:03","guid":{"rendered":"https:\/\/italdibipack.esempioweb.it\/qui-sommes-nous\/design-ricerca-e-sviluppo\/"},"modified":"2024-09-26T16:08:08","modified_gmt":"2024-09-26T16:08:08","slug":"design-recherche-et-progres","status":"publish","type":"page","link":"https:\/\/www.italdibipack.com\/fr\/qui-sommes-nous\/design-recherche-et-progres\/","title":{"rendered":"Design, Recherche et progr\u00e8s"},"content":{"rendered":"<style>.kb-row-layout-id6893_f7641d-41 > .kt-row-column-wrap{align-content:start;}:where(.kb-row-layout-id6893_f7641d-41 > .kt-row-column-wrap) > .wp-block-kadence-column{justify-content:start;}.kb-row-layout-id6893_f7641d-41 > .kt-row-column-wrap{column-gap:var(--global-kb-gap-md, 2rem);row-gap:var(--global-kb-gap-md, 2rem);max-width:var( --global-content-width, 1400px );padding-left:var(--global-content-edge-padding);padding-right:var(--global-content-edge-padding);padding-top:var(--global-kb-spacing-xl, 4rem);padding-bottom:var(--global-kb-spacing-4xl, 8rem);grid-template-columns:minmax(0, 1fr);}.kb-row-layout-id6893_f7641d-41 > .kt-row-layout-overlay{opacity:0.30;}@media all and (max-width: 1024px){.kb-row-layout-id6893_f7641d-41 > .kt-row-column-wrap{grid-template-columns:minmax(0, 1fr);}}@media all and (max-width: 767px){.kb-row-layout-id6893_f7641d-41 > .kt-row-column-wrap{grid-template-columns:minmax(0, 1fr);}}<\/style><div class=\"kb-row-layout-wrap kb-row-layout-id6893_f7641d-41 alignfull giustificato wp-block-kadence-rowlayout\"><div class=\"kt-row-column-wrap kt-has-1-columns kt-row-layout-equal kt-tab-layout-inherit kt-mobile-layout-row kt-row-valign-top kb-theme-content-width\">\n<style>.kadence-column6893_8a8cea-d5 > .kt-inside-inner-col,.kadence-column6893_8a8cea-d5 > .kt-inside-inner-col:before{border-top-left-radius:0px;border-top-right-radius:0px;border-bottom-right-radius:0px;border-bottom-left-radius:0px;}.kadence-column6893_8a8cea-d5 > .kt-inside-inner-col{column-gap:var(--global-kb-gap-sm, 1rem);}.kadence-column6893_8a8cea-d5 > .kt-inside-inner-col{flex-direction:column;}.kadence-column6893_8a8cea-d5 > .kt-inside-inner-col > .aligncenter{width:100%;}.kadence-column6893_8a8cea-d5 > .kt-inside-inner-col:before{opacity:0.3;}.kadence-column6893_8a8cea-d5{position:relative;}@media all and (max-width: 1024px){.kadence-column6893_8a8cea-d5 > .kt-inside-inner-col{flex-direction:column;justify-content:center;}}@media all and (max-width: 767px){.kadence-column6893_8a8cea-d5 > .kt-inside-inner-col{flex-direction:column;justify-content:center;}}<\/style>\n<div class=\"wp-block-kadence-column kadence-column6893_8a8cea-d5 inner-column-1\"><div class=\"kt-inside-inner-col\"><style>.wp-block-kadence-advancedheading.kt-adv-heading6893_503a15-9e, .wp-block-kadence-advancedheading.kt-adv-heading6893_503a15-9e[data-kb-block=\"kb-adv-heading6893_503a15-9e\"]{font-style:normal;}.wp-block-kadence-advancedheading.kt-adv-heading6893_503a15-9e mark.kt-highlight, .wp-block-kadence-advancedheading.kt-adv-heading6893_503a15-9e[data-kb-block=\"kb-adv-heading6893_503a15-9e\"] mark.kt-highlight{font-style:normal;color:#f76a0c;-webkit-box-decoration-break:clone;box-decoration-break:clone;padding-top:0px;padding-right:0px;padding-bottom:0px;padding-left:0px;}.wp-block-kadence-advancedheading.kt-adv-heading6893_503a15-9e img.kb-inline-image, .wp-block-kadence-advancedheading.kt-adv-heading6893_503a15-9e[data-kb-block=\"kb-adv-heading6893_503a15-9e\"] img.kb-inline-image{width:150px;vertical-align:baseline;}<\/style>\n<h2 class=\"kt-adv-heading6893_503a15-9e wp-block-kadence-advancedheading\" data-kb-block=\"kb-adv-heading6893_503a15-9e\">DESIGN<\/h2>\n\n\n\n<p>Le design fascinant d\u2019ITALDIBIPACK, incarne surement un ideal de lignes et de formes essentielles, qui sans doute met en evidence un choix technologique qui vise directement le r\u00e9sultat.<\/p>\n\n\n\n<p>une place tr\u00e8s importante est r\u00e9serv\u00e9e au model <strong>SWING,&nbsp;<\/strong>la soudeuse angulaire qui a r\u00e9volutionn\u00e9 le concept <strong>\u201cONE STEP\u201d,&nbsp;<\/strong>en devenant un exemple concret du stile et de l\u2019\u00e9l\u00e9gance, tout comme le model <strong>MECPACK&nbsp;<\/strong>la machine automatique par excellence. Rapide, pratique et tr\u00e8s agr\u00e8able \u00e0 contempler.<\/p>\n\n\n<style>.wp-block-kadence-advancedgallery.kb-gallery-wrap-id-6893_1d9ad4-b2{margin-top:40px;margin-right:0px;margin-bottom:0px;margin-left:0px;}.wp-block-kadence-advancedgallery .kb-gallery-type-grid.kb-gallery-id-6893_1d9ad4-b2{margin:-5px;}.kb-gallery-type-grid.kb-gallery-id-6893_1d9ad4-b2 .kadence-blocks-gallery-item{padding:5px;}.kb-gallery-id-6893_1d9ad4-b2 .kadence-blocks-gallery-item .kb-gal-image-radius, .kb-gallery-id-6893_1d9ad4-b2 .kb-slide-item .kb-gal-image-radius img{border-radius:0px 0px 0px 0px;;}.kb-gallery-id-6893_1d9ad4-b2 .kadence-blocks-gallery-item .kadence-blocks-gallery-item-inner .kadence-blocks-gallery-item__caption{color:var(--global-palette6, #718096);}.kb-gallery-caption-style-cover-hover.kb-gallery-id-6893_1d9ad4-b2 .kadence-blocks-gallery-item .kadence-blocks-gallery-item-inner .kadence-blocks-gallery-item__caption, .kb-gallery-caption-style-below.kb-gallery-id-6893_1d9ad4-b2 .kadence-blocks-gallery-item .kadence-blocks-gallery-item-inner .kadence-blocks-gallery-item__caption{background:rgba(255, 255, 255, 0);}<\/style><div class=\"kb-gallery-wrap-id-6893_1d9ad4-b2 alignnone wp-block-kadence-advancedgallery\"><ul class=\"kb-gallery-ul kb-gallery-non-static kb-gallery-type-grid kb-gallery-id-6893_1d9ad4-b2 kb-gallery-caption-style-below kb-gallery-filter-none kb-gallery-magnific-init\" data-image-filter=\"none\" data-item-selector=\".kadence-blocks-gallery-item\" data-lightbox-caption=\"true\" data-columns-xxl=\"4\" data-columns-xl=\"4\" data-columns-md=\"4\" data-columns-sm=\"2\" data-columns-xs=\"2\" data-columns-ss=\"1\"><li class=\"kadence-blocks-gallery-item\"><div class=\"kadence-blocks-gallery-item-inner\"><figure class=\"kb-gallery-figure kb-gallery-item-has-link\"><a href=\"https:\/\/www.italdibipack.com\/wp-content\/uploads\/2022\/10\/design-01.jpg\" data-alt=\"Design, Ricerca e Sviluppo: Il Futuro del Packaging\" class=\"kb-gallery-item-link\"   role=\"button\" aria-haspopup=\"dialog\"><div class=\"kb-gal-image-radius\"><div class=\"kb-gallery-image-contain kadence-blocks-gallery-intrinsic kb-gallery-image-ratio-land32 kb-has-image-ratio-land32\" ><img loading=\"lazy\" decoding=\"async\" src=\"https:\/\/www.italdibipack.com\/wp-content\/uploads\/2022\/10\/design-01.jpg\" width=\"2048\" height=\"1365\" alt=\"Design, Ricerca e Sviluppo: Il Futuro del Packaging\" data-full-image=\"https:\/\/www.italdibipack.com\/wp-content\/uploads\/2022\/10\/design-01.jpg\" data-light-image=\"https:\/\/www.italdibipack.com\/wp-content\/uploads\/2022\/10\/design-01.jpg\" data-id=\"6158\" class=\"wp-image-6158\" srcset=\"https:\/\/www.italdibipack.com\/wp-content\/uploads\/2022\/10\/design-01.jpg 2048w, https:\/\/www.italdibipack.com\/wp-content\/uploads\/2022\/10\/design-01-300x200.jpg 300w, https:\/\/www.italdibipack.com\/wp-content\/uploads\/2022\/10\/design-01-1024x683.jpg 1024w, https:\/\/www.italdibipack.com\/wp-content\/uploads\/2022\/10\/design-01-768x512.jpg 768w, https:\/\/www.italdibipack.com\/wp-content\/uploads\/2022\/10\/design-01-1536x1024.jpg 1536w, https:\/\/www.italdibipack.com\/wp-content\/uploads\/2022\/10\/design-01-600x400.jpg 600w\" sizes=\"auto, (max-width: 2048px) 100vw, 2048px\" \/><\/div><\/div><\/a><\/figure><\/div><\/li><li class=\"kadence-blocks-gallery-item\"><div class=\"kadence-blocks-gallery-item-inner\"><figure class=\"kb-gallery-figure kb-gallery-item-has-link\"><a href=\"https:\/\/www.italdibipack.com\/wp-content\/uploads\/2022\/10\/design-02-scaled.jpg\" data-alt=\"Design, Ricerca e Sviluppo: Il Futuro del Packaging\" class=\"kb-gallery-item-link\"   role=\"button\" aria-haspopup=\"dialog\"><div class=\"kb-gal-image-radius\"><div class=\"kb-gallery-image-contain kadence-blocks-gallery-intrinsic kb-gallery-image-ratio-land32 kb-has-image-ratio-land32\" ><img loading=\"lazy\" decoding=\"async\" src=\"https:\/\/www.italdibipack.com\/wp-content\/uploads\/2022\/10\/design-02-scaled.jpg\" width=\"2560\" height=\"1920\" alt=\"Design, Ricerca e Sviluppo: Il Futuro del Packaging\" data-full-image=\"https:\/\/www.italdibipack.com\/wp-content\/uploads\/2022\/10\/design-02-scaled.jpg\" data-light-image=\"https:\/\/www.italdibipack.com\/wp-content\/uploads\/2022\/10\/design-02-scaled.jpg\" data-id=\"6163\" class=\"wp-image-6163\" srcset=\"https:\/\/www.italdibipack.com\/wp-content\/uploads\/2022\/10\/design-02-scaled.jpg 2560w, https:\/\/www.italdibipack.com\/wp-content\/uploads\/2022\/10\/design-02-scaled-300x225.jpg 300w, https:\/\/www.italdibipack.com\/wp-content\/uploads\/2022\/10\/design-02-scaled-1024x768.jpg 1024w, https:\/\/www.italdibipack.com\/wp-content\/uploads\/2022\/10\/design-02-scaled-768x576.jpg 768w, https:\/\/www.italdibipack.com\/wp-content\/uploads\/2022\/10\/design-02-scaled-1536x1152.jpg 1536w, https:\/\/www.italdibipack.com\/wp-content\/uploads\/2022\/10\/design-02-scaled-2048x1536.jpg 2048w, https:\/\/www.italdibipack.com\/wp-content\/uploads\/2022\/10\/design-02-scaled-600x450.jpg 600w\" sizes=\"auto, (max-width: 2560px) 100vw, 2560px\" \/><\/div><\/div><\/a><\/figure><\/div><\/li><li class=\"kadence-blocks-gallery-item\"><div class=\"kadence-blocks-gallery-item-inner\"><figure class=\"kb-gallery-figure kb-gallery-item-has-link\"><a href=\"https:\/\/www.italdibipack.com\/wp-content\/uploads\/2022\/10\/design-03-scaled.jpg\" data-alt=\"Design, Ricerca e Sviluppo: Il Futuro del Packaging\" class=\"kb-gallery-item-link\"   role=\"button\" aria-haspopup=\"dialog\"><div class=\"kb-gal-image-radius\"><div class=\"kb-gallery-image-contain kadence-blocks-gallery-intrinsic kb-gallery-image-ratio-land32 kb-has-image-ratio-land32\" ><img loading=\"lazy\" decoding=\"async\" src=\"https:\/\/www.italdibipack.com\/wp-content\/uploads\/2022\/10\/design-03-scaled.jpg\" width=\"1920\" height=\"2560\" alt=\"Design, Ricerca e Sviluppo: Il Futuro del Packaging\" data-full-image=\"https:\/\/www.italdibipack.com\/wp-content\/uploads\/2022\/10\/design-03-scaled.jpg\" data-light-image=\"https:\/\/www.italdibipack.com\/wp-content\/uploads\/2022\/10\/design-03-scaled.jpg\" data-id=\"6168\" class=\"wp-image-6168\" srcset=\"https:\/\/www.italdibipack.com\/wp-content\/uploads\/2022\/10\/design-03-scaled.jpg 1920w, https:\/\/www.italdibipack.com\/wp-content\/uploads\/2022\/10\/design-03-scaled-225x300.jpg 225w, https:\/\/www.italdibipack.com\/wp-content\/uploads\/2022\/10\/design-03-scaled-768x1024.jpg 768w, https:\/\/www.italdibipack.com\/wp-content\/uploads\/2022\/10\/design-03-scaled-1152x1536.jpg 1152w, https:\/\/www.italdibipack.com\/wp-content\/uploads\/2022\/10\/design-03-scaled-1536x2048.jpg 1536w, https:\/\/www.italdibipack.com\/wp-content\/uploads\/2022\/10\/design-03-scaled-600x800.jpg 600w\" sizes=\"auto, (max-width: 1920px) 100vw, 1920px\" \/><\/div><\/div><\/a><\/figure><\/div><\/li><li class=\"kadence-blocks-gallery-item\"><div class=\"kadence-blocks-gallery-item-inner\"><figure class=\"kb-gallery-figure kb-gallery-item-has-link\"><a href=\"https:\/\/www.italdibipack.com\/wp-content\/uploads\/2022\/10\/design-04.jpg\" data-alt=\"Design, Ricerca e Sviluppo: Il Futuro del Packaging\" class=\"kb-gallery-item-link\"   role=\"button\" aria-haspopup=\"dialog\"><div class=\"kb-gal-image-radius\"><div class=\"kb-gallery-image-contain kadence-blocks-gallery-intrinsic kb-gallery-image-ratio-land32 kb-has-image-ratio-land32\" ><img loading=\"lazy\" decoding=\"async\" src=\"https:\/\/www.italdibipack.com\/wp-content\/uploads\/2022\/10\/design-04.jpg\" width=\"2048\" height=\"1365\" alt=\"Design, Ricerca e Sviluppo: Il Futuro del Packaging\" data-full-image=\"https:\/\/www.italdibipack.com\/wp-content\/uploads\/2022\/10\/design-04.jpg\" data-light-image=\"https:\/\/www.italdibipack.com\/wp-content\/uploads\/2022\/10\/design-04.jpg\" data-id=\"6173\" class=\"wp-image-6173\" srcset=\"https:\/\/www.italdibipack.com\/wp-content\/uploads\/2022\/10\/design-04.jpg 2048w, https:\/\/www.italdibipack.com\/wp-content\/uploads\/2022\/10\/design-04-300x200.jpg 300w, https:\/\/www.italdibipack.com\/wp-content\/uploads\/2022\/10\/design-04-768x512.jpg 768w, https:\/\/www.italdibipack.com\/wp-content\/uploads\/2022\/10\/design-04-1024x683.jpg 1024w, https:\/\/www.italdibipack.com\/wp-content\/uploads\/2022\/10\/design-04-600x400.jpg 600w, https:\/\/www.italdibipack.com\/wp-content\/uploads\/2022\/10\/design-04-1536x1024.jpg 1536w\" sizes=\"auto, (max-width: 2048px) 100vw, 2048px\" \/><\/div><\/div><\/a><\/figure><\/div><\/li><\/ul><\/div>\n\n<style>.wp-block-kadence-spacer.kt-block-spacer-6893_2f80cf-a7 .kt-block-spacer{height:120px;}.wp-block-kadence-spacer.kt-block-spacer-6893_2f80cf-a7 .kt-divider-stripe{height:1px;width:600px;}<\/style>\n<div class=\"wp-block-kadence-spacer aligncenter kt-block-spacer-6893_2f80cf-a7\"><div class=\"kt-block-spacer kt-block-spacer-halign-left\"><span class=\"kt-divider-stripe\"><svg xmlns=\"http:\/\/www.w3.org\/2000\/svg\" width=\"100%\" height=\"100%\" class=\"kb-pattern-svg-divider kb-stripes-svg\"><defs><pattern id=\"pat6893_2f80cf-a7\" width=\"7\" height=\"7\" patternTransform=\"rotate(40)\" patternUnits=\"userSpaceOnUse\"><line x1=\"0\" y=\"0\" x2=\"0\" y2=\"7\" stroke=\"#eee\" stroke-width=\"4\"><\/line><\/pattern><\/defs><rect width=\"100%\" height=\"100%\" fill=\"url(#pat6893_2f80cf-a7)\" opacity=\"1\"><\/rect><\/svg><\/span><\/div><\/div>\n\n\n<style>.wp-block-kadence-advancedheading.kt-adv-heading6893_d02422-08, .wp-block-kadence-advancedheading.kt-adv-heading6893_d02422-08[data-kb-block=\"kb-adv-heading6893_d02422-08\"]{font-style:normal;}.wp-block-kadence-advancedheading.kt-adv-heading6893_d02422-08 mark.kt-highlight, .wp-block-kadence-advancedheading.kt-adv-heading6893_d02422-08[data-kb-block=\"kb-adv-heading6893_d02422-08\"] mark.kt-highlight{font-style:normal;color:#f76a0c;-webkit-box-decoration-break:clone;box-decoration-break:clone;padding-top:0px;padding-right:0px;padding-bottom:0px;padding-left:0px;}.wp-block-kadence-advancedheading.kt-adv-heading6893_d02422-08 img.kb-inline-image, .wp-block-kadence-advancedheading.kt-adv-heading6893_d02422-08[data-kb-block=\"kb-adv-heading6893_d02422-08\"] img.kb-inline-image{width:150px;vertical-align:baseline;}<\/style>\n<h2 class=\"kt-adv-heading6893_d02422-08 wp-block-kadence-advancedheading\" data-kb-block=\"kb-adv-heading6893_d02422-08\">RECHERCHE ET PROGRES<\/h2>\n\n\n\n<p><strong>ITALDIBIPACK et la Recherche peuvent etre consid\u00e9r\u00e9es comme les deux faces de la meme m\u00e9daille.<\/strong><\/p>\n\n\n\n<p>Rencontrer les propres clients devient de plus en plus une n\u00e9cessit\u00e9. Pour eviter toute sorte d\u2019\u00e9quivoques sur la compr\u00e9hension de leurs exigences et partager avec eux l\u2019importance du concept de recherche et conception dans la vie quotidienne d\u2019une entreprise.<\/p>\n\n\n\n<p><strong>Pour nous ITALDIBIPACK l\u2019\u00e9coute est la base de la recherche.<\/strong><\/p>\n\n\n\n<p>Avant toute recherche il faut une forte r\u00e9colte d\u2019informations sur le terrain de la part de nos techniciens, nos commerciaux et de toute forme de connaissance que l\u2019homme repr\u00e9sente. Pour nous c\u2019est le point de d\u00e9part. Un homme pense, construit, produit et enfin prot\u00e8ge son propre produit avec le meilleur des choix possible: ITALDIBIPACK. Notre analyse commence avant la construction de la machine, se poursuit durant toute sa r\u00e9alisation, son essaie, les tests effectu\u00e9s dans les diff\u00e9rents d\u00e9partements productifs et acceuille chaque demande de la part des clients comme un d\u00e9fit pour perfectionner nos pas.<\/p>\n\n\n<style>.wp-block-kadence-advancedgallery.kb-gallery-wrap-id-6893_ea06da-d1{margin-top:40px;margin-right:0px;margin-bottom:40px;margin-left:0px;}.wp-block-kadence-advancedgallery .kb-gallery-type-grid.kb-gallery-id-6893_ea06da-d1{margin:-5px;}.kb-gallery-type-grid.kb-gallery-id-6893_ea06da-d1 .kadence-blocks-gallery-item{padding:5px;}.kb-gallery-id-6893_ea06da-d1 .kadence-blocks-gallery-item .kb-gal-image-radius, .kb-gallery-id-6893_ea06da-d1 .kb-slide-item .kb-gal-image-radius img{border-radius:0px 0px 0px 0px;;}.kb-gallery-id-6893_ea06da-d1 .kadence-blocks-gallery-item .kadence-blocks-gallery-item-inner .kadence-blocks-gallery-item__caption{color:var(--global-palette6, #718096);}.kb-gallery-caption-style-cover-hover.kb-gallery-id-6893_ea06da-d1 .kadence-blocks-gallery-item .kadence-blocks-gallery-item-inner .kadence-blocks-gallery-item__caption, .kb-gallery-caption-style-below.kb-gallery-id-6893_ea06da-d1 .kadence-blocks-gallery-item .kadence-blocks-gallery-item-inner .kadence-blocks-gallery-item__caption{background:rgba(255, 255, 255, 0);}<\/style><div class=\"kb-gallery-wrap-id-6893_ea06da-d1 alignnone wp-block-kadence-advancedgallery\"><ul class=\"kb-gallery-ul kb-gallery-non-static kb-gallery-type-grid kb-gallery-id-6893_ea06da-d1 kb-gallery-caption-style-below kb-gallery-filter-none kb-gallery-magnific-init\" data-image-filter=\"none\" data-item-selector=\".kadence-blocks-gallery-item\" data-lightbox-caption=\"true\" data-columns-xxl=\"4\" data-columns-xl=\"4\" data-columns-md=\"4\" data-columns-sm=\"2\" data-columns-xs=\"2\" data-columns-ss=\"1\"><li class=\"kadence-blocks-gallery-item\"><div class=\"kadence-blocks-gallery-item-inner\"><figure class=\"kb-gallery-figure kb-gallery-item-has-link\"><a href=\"https:\/\/www.italdibipack.com\/wp-content\/uploads\/2022\/10\/ricerca-e-sviluppo-01.jpg\" data-alt=\"Design, Ricerca e Sviluppo: Il Futuro del Packaging\" class=\"kb-gallery-item-link\"   role=\"button\" aria-haspopup=\"dialog\"><div class=\"kb-gal-image-radius\"><div class=\"kb-gallery-image-contain kadence-blocks-gallery-intrinsic kb-gallery-image-ratio-land32 kb-has-image-ratio-land32\" ><img loading=\"lazy\" decoding=\"async\" src=\"https:\/\/www.italdibipack.com\/wp-content\/uploads\/2022\/10\/ricerca-e-sviluppo-01.jpg\" width=\"1365\" height=\"2048\" alt=\"Design, Ricerca e Sviluppo: Il Futuro del Packaging\" data-full-image=\"https:\/\/www.italdibipack.com\/wp-content\/uploads\/2022\/10\/ricerca-e-sviluppo-01.jpg\" data-light-image=\"https:\/\/www.italdibipack.com\/wp-content\/uploads\/2022\/10\/ricerca-e-sviluppo-01.jpg\" data-id=\"6178\" class=\"wp-image-6178\" srcset=\"https:\/\/www.italdibipack.com\/wp-content\/uploads\/2022\/10\/ricerca-e-sviluppo-01.jpg 1365w, https:\/\/www.italdibipack.com\/wp-content\/uploads\/2022\/10\/ricerca-e-sviluppo-01-200x300.jpg 200w, https:\/\/www.italdibipack.com\/wp-content\/uploads\/2022\/10\/ricerca-e-sviluppo-01-683x1024.jpg 683w, https:\/\/www.italdibipack.com\/wp-content\/uploads\/2022\/10\/ricerca-e-sviluppo-01-768x1152.jpg 768w, https:\/\/www.italdibipack.com\/wp-content\/uploads\/2022\/10\/ricerca-e-sviluppo-01-1024x1536.jpg 1024w, https:\/\/www.italdibipack.com\/wp-content\/uploads\/2022\/10\/ricerca-e-sviluppo-01-600x900.jpg 600w\" sizes=\"auto, (max-width: 1365px) 100vw, 1365px\" \/><\/div><\/div><\/a><\/figure><\/div><\/li><li class=\"kadence-blocks-gallery-item\"><div class=\"kadence-blocks-gallery-item-inner\"><figure class=\"kb-gallery-figure kb-gallery-item-has-link\"><a href=\"https:\/\/www.italdibipack.com\/wp-content\/uploads\/2022\/10\/ricerca-e-sviluppo-02.jpg\" data-alt=\"Design, Ricerca e Sviluppo: Il Futuro del Packaging\" class=\"kb-gallery-item-link\"   role=\"button\" aria-haspopup=\"dialog\"><div class=\"kb-gal-image-radius\"><div class=\"kb-gallery-image-contain kadence-blocks-gallery-intrinsic kb-gallery-image-ratio-land32 kb-has-image-ratio-land32\" ><img loading=\"lazy\" decoding=\"async\" src=\"https:\/\/www.italdibipack.com\/wp-content\/uploads\/2022\/10\/ricerca-e-sviluppo-02.jpg\" width=\"2048\" height=\"1365\" alt=\"Design, Ricerca e Sviluppo: Il Futuro del Packaging\" data-full-image=\"https:\/\/www.italdibipack.com\/wp-content\/uploads\/2022\/10\/ricerca-e-sviluppo-02.jpg\" data-light-image=\"https:\/\/www.italdibipack.com\/wp-content\/uploads\/2022\/10\/ricerca-e-sviluppo-02.jpg\" data-id=\"6183\" class=\"wp-image-6183\" srcset=\"https:\/\/www.italdibipack.com\/wp-content\/uploads\/2022\/10\/ricerca-e-sviluppo-02.jpg 2048w, https:\/\/www.italdibipack.com\/wp-content\/uploads\/2022\/10\/ricerca-e-sviluppo-02-300x200.jpg 300w, https:\/\/www.italdibipack.com\/wp-content\/uploads\/2022\/10\/ricerca-e-sviluppo-02-1024x683.jpg 1024w, https:\/\/www.italdibipack.com\/wp-content\/uploads\/2022\/10\/ricerca-e-sviluppo-02-768x512.jpg 768w, https:\/\/www.italdibipack.com\/wp-content\/uploads\/2022\/10\/ricerca-e-sviluppo-02-1536x1024.jpg 1536w, https:\/\/www.italdibipack.com\/wp-content\/uploads\/2022\/10\/ricerca-e-sviluppo-02-600x400.jpg 600w\" sizes=\"auto, (max-width: 2048px) 100vw, 2048px\" \/><\/div><\/div><\/a><\/figure><\/div><\/li><li class=\"kadence-blocks-gallery-item\"><div class=\"kadence-blocks-gallery-item-inner\"><figure class=\"kb-gallery-figure kb-gallery-item-has-link\"><a href=\"https:\/\/www.italdibipack.com\/wp-content\/uploads\/2022\/10\/ricerca-e-sviluppo-03.jpg\" data-alt=\"Design, Ricerca e Sviluppo: Il Futuro del Packaging\" class=\"kb-gallery-item-link\"   role=\"button\" aria-haspopup=\"dialog\"><div class=\"kb-gal-image-radius\"><div class=\"kb-gallery-image-contain kadence-blocks-gallery-intrinsic kb-gallery-image-ratio-land32 kb-has-image-ratio-land32\" ><img loading=\"lazy\" decoding=\"async\" src=\"https:\/\/www.italdibipack.com\/wp-content\/uploads\/2022\/10\/ricerca-e-sviluppo-03.jpg\" width=\"1715\" height=\"903\" alt=\"Design, Ricerca e Sviluppo: Il Futuro del Packaging\" data-full-image=\"https:\/\/www.italdibipack.com\/wp-content\/uploads\/2022\/10\/ricerca-e-sviluppo-03.jpg\" data-light-image=\"https:\/\/www.italdibipack.com\/wp-content\/uploads\/2022\/10\/ricerca-e-sviluppo-03.jpg\" data-id=\"6188\" class=\"wp-image-6188\" srcset=\"https:\/\/www.italdibipack.com\/wp-content\/uploads\/2022\/10\/ricerca-e-sviluppo-03.jpg 1715w, https:\/\/www.italdibipack.com\/wp-content\/uploads\/2022\/10\/ricerca-e-sviluppo-03-300x158.jpg 300w, https:\/\/www.italdibipack.com\/wp-content\/uploads\/2022\/10\/ricerca-e-sviluppo-03-1024x539.jpg 1024w, https:\/\/www.italdibipack.com\/wp-content\/uploads\/2022\/10\/ricerca-e-sviluppo-03-768x404.jpg 768w, https:\/\/www.italdibipack.com\/wp-content\/uploads\/2022\/10\/ricerca-e-sviluppo-03-1536x809.jpg 1536w, https:\/\/www.italdibipack.com\/wp-content\/uploads\/2022\/10\/ricerca-e-sviluppo-03-600x316.jpg 600w\" sizes=\"auto, (max-width: 1715px) 100vw, 1715px\" \/><\/div><\/div><\/a><\/figure><\/div><\/li><li class=\"kadence-blocks-gallery-item\"><div class=\"kadence-blocks-gallery-item-inner\"><figure class=\"kb-gallery-figure kb-gallery-item-has-link\"><a href=\"https:\/\/www.italdibipack.com\/wp-content\/uploads\/2022\/10\/ricerca-e-sviluppo-04.jpg\" data-alt=\"Design, Ricerca e Sviluppo: Il Futuro del Packaging\" class=\"kb-gallery-item-link\"   role=\"button\" aria-haspopup=\"dialog\"><div class=\"kb-gal-image-radius\"><div class=\"kb-gallery-image-contain kadence-blocks-gallery-intrinsic kb-gallery-image-ratio-land32 kb-has-image-ratio-land32\" ><img loading=\"lazy\" decoding=\"async\" src=\"https:\/\/www.italdibipack.com\/wp-content\/uploads\/2022\/10\/ricerca-e-sviluppo-04.jpg\" width=\"1734\" height=\"903\" alt=\"Design, Ricerca e Sviluppo: Il Futuro del Packaging\" data-full-image=\"https:\/\/www.italdibipack.com\/wp-content\/uploads\/2022\/10\/ricerca-e-sviluppo-04.jpg\" data-light-image=\"https:\/\/www.italdibipack.com\/wp-content\/uploads\/2022\/10\/ricerca-e-sviluppo-04.jpg\" data-id=\"6193\" class=\"wp-image-6193\" srcset=\"https:\/\/www.italdibipack.com\/wp-content\/uploads\/2022\/10\/ricerca-e-sviluppo-04.jpg 1734w, https:\/\/www.italdibipack.com\/wp-content\/uploads\/2022\/10\/ricerca-e-sviluppo-04-300x156.jpg 300w, https:\/\/www.italdibipack.com\/wp-content\/uploads\/2022\/10\/ricerca-e-sviluppo-04-1024x533.jpg 1024w, https:\/\/www.italdibipack.com\/wp-content\/uploads\/2022\/10\/ricerca-e-sviluppo-04-768x400.jpg 768w, https:\/\/www.italdibipack.com\/wp-content\/uploads\/2022\/10\/ricerca-e-sviluppo-04-1536x800.jpg 1536w, https:\/\/www.italdibipack.com\/wp-content\/uploads\/2022\/10\/ricerca-e-sviluppo-04-600x312.jpg 600w\" sizes=\"auto, (max-width: 1734px) 100vw, 1734px\" \/><\/div><\/div><\/a><\/figure><\/div><\/li><\/ul><\/div><\/div><\/div>\n\n<\/div><\/div>","protected":false},"excerpt":{"rendered":"<p>DESIGN Le design fascinant d\u2019ITALDIBIPACK, incarne surement un ideal de lignes et de formes essentielles, qui sans doute met en evidence un choix technologique qui vise directement le r\u00e9sultat. une place tr\u00e8s importante est r\u00e9serv\u00e9e au model SWING,&nbsp;la soudeuse angulaire qui a r\u00e9volutionn\u00e9 le concept \u201cONE STEP\u201d,&nbsp;en devenant un exemple concret du stile et de&#8230;<\/p>\n","protected":false},"author":1,"featured_media":0,"parent":6822,"menu_order":73,"comment_status":"closed","ping_status":"closed","template":"","meta":{"_acf_changed":false,"_seopress_robots_primary_cat":"","_seopress_titles_title":"Design, Recherche & Progr\u00e8s: L'Avenir de l'Emballage","_seopress_titles_desc":"L'innovation ne s'arr\u00eate jamais chez ITALDIBIPACK. D\u00e9couvrez comment notre R&D con\u00e7oit les solutions de conditionnement de demain.","_seopress_robots_index":"","_eb_attr":"","_gspb_post_css":"","_kad_blocks_custom_css":"","_kad_blocks_head_custom_js":"","_kad_blocks_body_custom_js":"","_kad_blocks_footer_custom_js":"","_eb_data_table":"","_kad_post_transparent":"","_kad_post_title":"","_kad_post_layout":"","_kad_post_sidebar_id":"","_kad_post_content_style":"","_kad_post_vertical_padding":"","_kad_post_feature":"","_kad_post_feature_position":"","_kad_post_header":false,"_kad_post_footer":false,"_kad_post_classname":"","footnotes":""},"class_list":["post-6893","page","type-page","status-publish","hentry"],"acf":[],"taxonomy_info":[],"featured_image_src_large":false,"author_info":{"display_name":"adminer","author_link":"https:\/\/www.italdibipack.com\/fr\/author\/adminer\/"},"comment_info":0,"_links":{"self":[{"href":"https:\/\/www.italdibipack.com\/fr\/wp-json\/wp\/v2\/pages\/6893","targetHints":{"allow":["GET"]}}],"collection":[{"href":"https:\/\/www.italdibipack.com\/fr\/wp-json\/wp\/v2\/pages"}],"about":[{"href":"https:\/\/www.italdibipack.com\/fr\/wp-json\/wp\/v2\/types\/page"}],"author":[{"embeddable":true,"href":"https:\/\/www.italdibipack.com\/fr\/wp-json\/wp\/v2\/users\/1"}],"replies":[{"embeddable":true,"href":"https:\/\/www.italdibipack.com\/fr\/wp-json\/wp\/v2\/comments?post=6893"}],"version-history":[{"count":3,"href":"https:\/\/www.italdibipack.com\/fr\/wp-json\/wp\/v2\/pages\/6893\/revisions"}],"predecessor-version":[{"id":20318,"href":"https:\/\/www.italdibipack.com\/fr\/wp-json\/wp\/v2\/pages\/6893\/revisions\/20318"}],"up":[{"embeddable":true,"href":"https:\/\/www.italdibipack.com\/fr\/wp-json\/wp\/v2\/pages\/6822"}],"wp:attachment":[{"href":"https:\/\/www.italdibipack.com\/fr\/wp-json\/wp\/v2\/media?parent=6893"}],"curies":[{"name":"wp","href":"https:\/\/api.w.org\/{rel}","templated":true}]}}