{"id":6911,"date":"2022-09-23T09:26:27","date_gmt":"2022-09-23T09:26:27","guid":{"rendered":"https:\/\/italdibipack.esempioweb.it\/news\/"},"modified":"2024-07-05T14:49:11","modified_gmt":"2024-07-05T14:49:11","slug":"news","status":"publish","type":"page","link":"https:\/\/www.italdibipack.com\/fr\/news\/","title":{"rendered":"News"},"content":{"rendered":"","protected":false},"excerpt":{"rendered":"","protected":false},"author":1,"featured_media":0,"parent":0,"menu_order":95,"comment_status":"closed","ping_status":"closed","template":"","meta":{"_acf_changed":false,"_seopress_robots_primary_cat":"","_seopress_titles_title":"Archive d'Actualit\u00e9s ITALDIBIPACK: Toutes les Infos","_seopress_titles_desc":"Explorez l'archive compl\u00e8te des nouvelles, \u00e9v\u00e9nements et innovations du Groupe ITALDIBIPACK.","_seopress_robots_index":"","_eb_attr":"","_gspb_post_css":"","_kad_blocks_custom_css":"","_kad_blocks_head_custom_js":"","_kad_blocks_body_custom_js":"","_kad_blocks_footer_custom_js":"","_eb_data_table":"","_kad_post_transparent":"","_kad_post_title":"","_kad_post_layout":"","_kad_post_sidebar_id":"","_kad_post_content_style":"","_kad_post_vertical_padding":"","_kad_post_feature":"","_kad_post_feature_position":"","_kad_post_header":false,"_kad_post_footer":false,"_kad_post_classname":"","footnotes":""},"class_list":["post-6911","page","type-page","status-publish","hentry"],"acf":[],"taxonomy_info":[],"featured_image_src_large":false,"author_info":{"display_name":"adminer","author_link":"https:\/\/www.italdibipack.com\/fr\/author\/adminer\/"},"comment_info":0,"_links":{"self":[{"href":"https:\/\/www.italdibipack.com\/fr\/wp-json\/wp\/v2\/pages\/6911","targetHints":{"allow":["GET"]}}],"collection":[{"href":"https:\/\/www.italdibipack.com\/fr\/wp-json\/wp\/v2\/pages"}],"about":[{"href":"https:\/\/www.italdibipack.com\/fr\/wp-json\/wp\/v2\/types\/page"}],"author":[{"embeddable":true,"href":"https:\/\/www.italdibipack.com\/fr\/wp-json\/wp\/v2\/users\/1"}],"replies":[{"embeddable":true,"href":"https:\/\/www.italdibipack.com\/fr\/wp-json\/wp\/v2\/comments?post=6911"}],"version-history":[{"count":1,"href":"https:\/\/www.italdibipack.com\/fr\/wp-json\/wp\/v2\/pages\/6911\/revisions"}],"predecessor-version":[{"id":16640,"href":"https:\/\/www.italdibipack.com\/fr\/wp-json\/wp\/v2\/pages\/6911\/revisions\/16640"}],"wp:attachment":[{"href":"https:\/\/www.italdibipack.com\/fr\/wp-json\/wp\/v2\/media?parent=6911"}],"curies":[{"name":"wp","href":"https:\/\/api.w.org\/{rel}","templated":true}]}}