{"id":1191,"date":"2022-06-15T15:13:37","date_gmt":"2022-07-04T15:51:21","guid":{"rendered":"https:\/\/italdibipack.bozzaonline.it\/prodotto\/swing\/"},"modified":"2024-10-07T07:25:23","modified_gmt":"2024-10-07T07:25:23","slug":"swing","status":"publish","type":"product","link":"https:\/\/www.italdibipack.com\/fr\/produit\/swing\/","title":{"rendered":"SWING"},"content":{"rendered":"<h3>LA PREMIERE CONDITIONNEUSE THERMORETRACTABLE COMPLETEMENT EN TECHNO-POLYMERE<\/h3>\n<p>Swing PAT est un nouveau conception de \u00ab machine \u00e0 cloche \u00bb, une nouvelle mani\u00e8re d\u2019interpr\u00e9ter la conditionneuse thermor\u00e9tractable en r\u00e9alisant un changement dans l\u2019aspect esthetique et dans des mat\u00e9riaux structurels ainsi nous donnons \u00e0 la machine une image moderne, innovatrice, inimitable, mais on am\u00e9liore en m\u00eame temps le niveau qualitatif et technologique de la machine m\u00eame et du proc\u00e9d\u00e9 de production.<\/p>\n","protected":false},"excerpt":{"rendered":"<h3>LA PREMIERE CONDITIONNEUSE THERMORETRACTABLE COMPLETEMENT EN TECHNO-POLYMERE<\/h3>\n<p>Swing PAT est un nouveau conception de \u00ab machine \u00e0 cloche \u00bb, une nouvelle mani\u00e8re d\u2019interpr\u00e9ter la conditionneuse thermor\u00e9tractable en r\u00e9alisant un changement dans l\u2019aspect esthetique et dans des mat\u00e9riaux structurels ainsi nous donnons \u00e0 la machine une image moderne, innovatrice, inimitable, mais on am\u00e9liore en m\u00eame temps le niveau qualitatif et technologique de la machine m\u00eame et du proc\u00e9d\u00e9 de production.<\/p>\n","protected":false},"featured_media":16462,"template":"","meta":{"_acf_changed":false,"_seopress_robots_primary_cat":"","_seopress_titles_title":"SWING: Machine sous Film en Tecnopolym\u00e8re | ITALDIBIPACK","_seopress_titles_desc":"La premi\u00e8re emballeuse thermor\u00e9tractable enti\u00e8rement r\u00e9alis\u00e9e en tecnopolym\u00e8re. Unique pour son isolation \u00e9lectrique.","_seopress_robots_index":"","_eb_attr":"","_gspb_post_css":"","_kad_blocks_custom_css":"","_kad_blocks_head_custom_js":"","_kad_blocks_body_custom_js":"","_kad_blocks_footer_custom_js":"","_eb_data_table":"","_kad_post_transparent":"default","_kad_post_title":"","_kad_post_layout":"default","_kad_post_sidebar_id":"","_kad_post_content_style":"default","_kad_post_vertical_padding":"default","_kad_post_feature":"","_kad_post_feature_position":"","_kad_post_header":false,"_kad_post_footer":false,"_kad_post_classname":""},"product_brand":[],"product_cat":[100,339],"product_tag":[],"settore_applicazione":[],"campo_applicativo":[],"class_list":{"0":"post-1191","1":"product","2":"type-product","3":"status-publish","4":"has-post-thumbnail","6":"product_cat-conditionnement-thermoretractable","7":"product_cat-systemes-simplifies","9":"first","10":"instock","11":"taxable","12":"shipping-taxable","13":"product-type-simple","14":"entry","15":"content-bg","16":"loop-entry"},"acf":[],"taxonomy_info":{"product_cat":[{"value":100,"label":"Conditionnement thermor\u00e9tractable"},{"value":339,"label":"Syst\u00e8mes simplifi\u00e9s"}]},"featured_image_src_large":["https:\/\/www.italdibipack.com\/wp-content\/uploads\/2024\/02\/SWING-macchine-confezionatrici-confezionatrici-manuali-termoretraibili-ITALDIBIPACK-griglia-1024x1024.jpg",1024,1024,true],"author_info":[],"comment_info":"","_links":{"self":[{"href":"https:\/\/www.italdibipack.com\/fr\/wp-json\/wp\/v2\/product\/1191","targetHints":{"allow":["GET"]}}],"collection":[{"href":"https:\/\/www.italdibipack.com\/fr\/wp-json\/wp\/v2\/product"}],"about":[{"href":"https:\/\/www.italdibipack.com\/fr\/wp-json\/wp\/v2\/types\/product"}],"wp:featuredmedia":[{"embeddable":true,"href":"https:\/\/www.italdibipack.com\/fr\/wp-json\/wp\/v2\/media\/16462"}],"wp:attachment":[{"href":"https:\/\/www.italdibipack.com\/fr\/wp-json\/wp\/v2\/media?parent=1191"}],"wp:term":[{"taxonomy":"product_brand","embeddable":true,"href":"https:\/\/www.italdibipack.com\/fr\/wp-json\/wp\/v2\/product_brand?post=1191"},{"taxonomy":"product_cat","embeddable":true,"href":"https:\/\/www.italdibipack.com\/fr\/wp-json\/wp\/v2\/product_cat?post=1191"},{"taxonomy":"product_tag","embeddable":true,"href":"https:\/\/www.italdibipack.com\/fr\/wp-json\/wp\/v2\/product_tag?post=1191"},{"taxonomy":"settore_applicazione","embeddable":true,"href":"https:\/\/www.italdibipack.com\/fr\/wp-json\/wp\/v2\/settore_applicazione?post=1191"},{"taxonomy":"campo_applicativo","embeddable":true,"href":"https:\/\/www.italdibipack.com\/fr\/wp-json\/wp\/v2\/campo_applicativo?post=1191"}],"curies":[{"name":"wp","href":"https:\/\/api.w.org\/{rel}","templated":true}]}}