{"id":1192,"date":"2022-06-15T15:13:37","date_gmt":"2022-07-04T15:51:21","guid":{"rendered":"https:\/\/italdibipack.bozzaonline.it\/prodotto\/dibipack-3246-evx-4255-evx\/"},"modified":"2025-07-07T09:44:11","modified_gmt":"2025-07-07T09:44:11","slug":"dibipack-3246-evx-4255-evx","status":"publish","type":"product","link":"https:\/\/www.italdibipack.com\/fr\/produit\/dibipack-3246-evx-4255-evx\/","title":{"rendered":"DIBIPACK 3246 EVX &#8211; 4255 EVX"},"content":{"rendered":"<h3>L&rsquo;\u00c9VOLUTION DES SYST\u00c8MES \u00ab\u00a0EN UNE \u00c9TAPE\u00a0\u00bb<\/h3>\n<p>Les conditionneuses thermoretractables Dibipack 3246 EVX et Dibipack 4255 EVX ouvrent la gamme des conditionneuses termoretractables Dibipack Evolution qui en maintenant encore la simplicit\u00e9 et la facilit\u00e9 d\u2019usage des mod\u00e9les Dibipack standard, offrent plus flexibilit\u00e9 d\u2019application et garantissent une parfaite prestation productive gr\u00e2ce au contr\u00f4le compl\u00e8tement automatique et \u00e0 certains dispositifs innovants brevet\u00e9s. C\u2019est ideal pour les petites et les moyennes productions parce qu\u2019elles sont comp\u00e9titives et ont un prix abordable.<\/p>\n","protected":false},"excerpt":{"rendered":"<h3>L&rsquo;\u00c9VOLUTION DES SYST\u00c8MES \u00ab\u00a0EN UNE \u00c9TAPE\u00a0\u00bb<\/h3>\n<p>Les conditionneuses thermoretractables Dibipack 3246 EVX et Dibipack 4255 EVX ouvrent la gamme des conditionneuses termoretractables Dibipack Evolution qui en maintenant encore la simplicit\u00e9 et la facilit\u00e9 d\u2019usage des mod\u00e9les Dibipack standard, offrent plus flexibilit\u00e9 d\u2019application et garantissent une parfaite prestation productive gr\u00e2ce au contr\u00f4le compl\u00e8tement automatique et \u00e0 certains dispositifs innovants brevet\u00e9s. C\u2019est ideal pour les petites et les moyennes productions parce qu\u2019elles sont comp\u00e9titives et ont un prix abordable.<\/p>\n","protected":false},"featured_media":15347,"template":"","meta":{"_acf_changed":false,"_seopress_robots_primary_cat":"none","_seopress_titles_title":"DIBIPACK EVX: Machines \u00e0 Cloche | ITALDIBIPACK","_seopress_titles_desc":"S\u00e9rie de machines \u00e0 cloche professionnelles avec contr\u00f4le \u00e9lectronique. Solutions fiables pour l'emballage thermor\u00e9tractable.","_seopress_robots_index":"","_eb_attr":"","_gspb_post_css":"","_kad_blocks_custom_css":"","_kad_blocks_head_custom_js":"","_kad_blocks_body_custom_js":"","_kad_blocks_footer_custom_js":"","_eb_data_table":"","_kad_post_transparent":"default","_kad_post_title":"","_kad_post_layout":"default","_kad_post_sidebar_id":"","_kad_post_content_style":"default","_kad_post_vertical_padding":"default","_kad_post_feature":"","_kad_post_feature_position":"","_kad_post_header":false,"_kad_post_footer":false,"_kad_post_classname":""},"product_brand":[],"product_cat":[100,339],"product_tag":[],"settore_applicazione":[],"campo_applicativo":[],"class_list":{"0":"post-1192","1":"product","2":"type-product","3":"status-publish","4":"has-post-thumbnail","6":"product_cat-conditionnement-thermoretractable","7":"product_cat-systemes-simplifies","9":"first","10":"instock","11":"taxable","12":"shipping-taxable","13":"purchasable","14":"product-type-simple","15":"entry","16":"content-bg","17":"loop-entry"},"acf":[],"taxonomy_info":{"product_cat":[{"value":100,"label":"Conditionnement thermor\u00e9tractable"},{"value":339,"label":"Syst\u00e8mes simplifi\u00e9s"}]},"featured_image_src_large":["https:\/\/www.italdibipack.com\/wp-content\/uploads\/2024\/02\/DIBIPACK-4255-EVX-macchine-confezionatrici-confezionatrici-manuali-termoretraibili-ITALDIBIPACK-griglia-1024x1024.jpg",1024,1024,true],"author_info":[],"comment_info":"","_links":{"self":[{"href":"https:\/\/www.italdibipack.com\/fr\/wp-json\/wp\/v2\/product\/1192","targetHints":{"allow":["GET"]}}],"collection":[{"href":"https:\/\/www.italdibipack.com\/fr\/wp-json\/wp\/v2\/product"}],"about":[{"href":"https:\/\/www.italdibipack.com\/fr\/wp-json\/wp\/v2\/types\/product"}],"wp:featuredmedia":[{"embeddable":true,"href":"https:\/\/www.italdibipack.com\/fr\/wp-json\/wp\/v2\/media\/15347"}],"wp:attachment":[{"href":"https:\/\/www.italdibipack.com\/fr\/wp-json\/wp\/v2\/media?parent=1192"}],"wp:term":[{"taxonomy":"product_brand","embeddable":true,"href":"https:\/\/www.italdibipack.com\/fr\/wp-json\/wp\/v2\/product_brand?post=1192"},{"taxonomy":"product_cat","embeddable":true,"href":"https:\/\/www.italdibipack.com\/fr\/wp-json\/wp\/v2\/product_cat?post=1192"},{"taxonomy":"product_tag","embeddable":true,"href":"https:\/\/www.italdibipack.com\/fr\/wp-json\/wp\/v2\/product_tag?post=1192"},{"taxonomy":"settore_applicazione","embeddable":true,"href":"https:\/\/www.italdibipack.com\/fr\/wp-json\/wp\/v2\/settore_applicazione?post=1192"},{"taxonomy":"campo_applicativo","embeddable":true,"href":"https:\/\/www.italdibipack.com\/fr\/wp-json\/wp\/v2\/campo_applicativo?post=1192"}],"curies":[{"name":"wp","href":"https:\/\/api.w.org\/{rel}","templated":true}]}}