{"id":1193,"date":"2022-06-15T15:13:37","date_gmt":"2022-07-04T15:51:21","guid":{"rendered":"https:\/\/italdibipack.bozzaonline.it\/prodotto\/dibipack-6084-evx\/"},"modified":"2025-02-27T14:18:45","modified_gmt":"2025-02-27T14:18:45","slug":"dibipack-6084-evx","status":"publish","type":"product","link":"https:\/\/www.italdibipack.com\/fr\/produit\/dibipack-6084-evx\/","title":{"rendered":"DIBIPACK 6084 EVX"},"content":{"rendered":"<h3>CONDITIONNEMENT \u00ab\u00a0EXTRA-LARGE\u00a0\u00bb<\/h3>\n<p>Outre les conditionneuses de petite taille pour emballer des produits de petites et moyennes dimensions, ITALDIBIPACK pr\u00e9sente aussi des conditionneuses EXTRA-LARGE, les Dibipack BIG, les models les plus grands de la gamme des conditionneuses thermor\u00e9tractables \u00e1 technologie simplifi\u00e9e Dibipack Evolution, projet\u00e9es en guise de r\u00e9ponse \u00e1 une forte demande de conditionneuses \u00e1 grandes dimensions , mais aussi de prestation. L\u2019ideal pour conditionner des produits d\u2019amples dimensions par exemple: les cadres, les panneaux etc\u2026<\/p>\n","protected":false},"excerpt":{"rendered":"<h3>CONDITIONNEMENT \u00ab\u00a0EXTRA-LARGE\u00a0\u00bb<\/h3>\n<p>Outre les conditionneuses de petite taille pour emballer des produits de petites et moyennes dimensions, ITALDIBIPACK pr\u00e9sente aussi des conditionneuses EXTRA-LARGE, les Dibipack BIG, les models les plus grands de la gamme des conditionneuses thermor\u00e9tractables \u00e1 technologie simplifi\u00e9e Dibipack Evolution, projet\u00e9es en guise de r\u00e9ponse \u00e1 une forte demande de conditionneuses \u00e1 grandes dimensions , mais aussi de prestation. L\u2019ideal pour conditionner des produits d\u2019amples dimensions par exemple: les cadres, les panneaux etc\u2026<\/p>\n","protected":false},"featured_media":15377,"template":"","meta":{"_acf_changed":false,"_seopress_robots_primary_cat":"none","_seopress_titles_title":"DIBIPACK 6084 EVX: Grands Formats | ITALDIBIPACK","_seopress_titles_desc":"Machine \u00e0 cloche de grandes dimensions pour produits volumineux. Facilit\u00e9 d'utilisation et performances garanties.","_seopress_robots_index":"","_eb_attr":"","_gspb_post_css":"","_kad_blocks_custom_css":"","_kad_blocks_head_custom_js":"","_kad_blocks_body_custom_js":"","_kad_blocks_footer_custom_js":"","_eb_data_table":"","_kad_post_transparent":"default","_kad_post_title":"","_kad_post_layout":"default","_kad_post_sidebar_id":"","_kad_post_content_style":"default","_kad_post_vertical_padding":"default","_kad_post_feature":"","_kad_post_feature_position":"","_kad_post_header":false,"_kad_post_footer":false,"_kad_post_classname":""},"product_brand":[],"product_cat":[100,339],"product_tag":[],"settore_applicazione":[],"campo_applicativo":[],"class_list":{"0":"post-1193","1":"product","2":"type-product","3":"status-publish","4":"has-post-thumbnail","6":"product_cat-conditionnement-thermoretractable","7":"product_cat-systemes-simplifies","9":"first","10":"instock","11":"taxable","12":"shipping-taxable","13":"product-type-simple","14":"entry","15":"content-bg","16":"loop-entry"},"acf":[],"taxonomy_info":{"product_cat":[{"value":100,"label":"Conditionnement thermor\u00e9tractable"},{"value":339,"label":"Syst\u00e8mes simplifi\u00e9s"}]},"featured_image_src_large":["https:\/\/www.italdibipack.com\/wp-content\/uploads\/2024\/02\/DIBIPACK-6084-EVX-macchine-confezionatrici-confezionatrici-manuali-termoretraibili-ITALDIBIPACK-griglia-1024x1024.jpg",1024,1024,true],"author_info":[],"comment_info":"","_links":{"self":[{"href":"https:\/\/www.italdibipack.com\/fr\/wp-json\/wp\/v2\/product\/1193","targetHints":{"allow":["GET"]}}],"collection":[{"href":"https:\/\/www.italdibipack.com\/fr\/wp-json\/wp\/v2\/product"}],"about":[{"href":"https:\/\/www.italdibipack.com\/fr\/wp-json\/wp\/v2\/types\/product"}],"wp:featuredmedia":[{"embeddable":true,"href":"https:\/\/www.italdibipack.com\/fr\/wp-json\/wp\/v2\/media\/15377"}],"wp:attachment":[{"href":"https:\/\/www.italdibipack.com\/fr\/wp-json\/wp\/v2\/media?parent=1193"}],"wp:term":[{"taxonomy":"product_brand","embeddable":true,"href":"https:\/\/www.italdibipack.com\/fr\/wp-json\/wp\/v2\/product_brand?post=1193"},{"taxonomy":"product_cat","embeddable":true,"href":"https:\/\/www.italdibipack.com\/fr\/wp-json\/wp\/v2\/product_cat?post=1193"},{"taxonomy":"product_tag","embeddable":true,"href":"https:\/\/www.italdibipack.com\/fr\/wp-json\/wp\/v2\/product_tag?post=1193"},{"taxonomy":"settore_applicazione","embeddable":true,"href":"https:\/\/www.italdibipack.com\/fr\/wp-json\/wp\/v2\/settore_applicazione?post=1193"},{"taxonomy":"campo_applicativo","embeddable":true,"href":"https:\/\/www.italdibipack.com\/fr\/wp-json\/wp\/v2\/campo_applicativo?post=1193"}],"curies":[{"name":"wp","href":"https:\/\/api.w.org\/{rel}","templated":true}]}}