{"id":1195,"date":"2022-06-15T15:13:37","date_gmt":"2022-07-04T15:51:21","guid":{"rendered":"https:\/\/italdibipack.bozzaonline.it\/prodotto\/espert-5040-ev\/"},"modified":"2024-09-20T15:11:23","modified_gmt":"2024-09-20T15:11:23","slug":"espert-5040-ev","status":"publish","type":"product","link":"https:\/\/www.italdibipack.com\/fr\/produit\/espert-5040-ev\/","title":{"rendered":"ESPERT 5040 EV"},"content":{"rendered":"<h3>SOUDEUSES EN \u00abL\u00bb SEMI AUTOMATIQUES COMPACTES AVEC TUNNEL DE RETRACTION: POUR PRODUIR PLUS<\/h3>\n<p>Syst\u00e8mes concus pour les usagers qui necessitent un fonctionnement automatique, pendant lequel l\u2019op\u00e9rateur ne doit faire rien d\u2019autre qu\u2019introduire l\u2019objet \u00e0 conditionner dans le film et d\u00e9placer le produit dans la zone de soudure, \u00e9tant donn\u00e9 que tout le reste du cycle ( soudure, \u00e9vacuation du produit, transfert dans le four ) se d\u00e9roule automatiquement. Ideales pour les moyennes et les grandes productions. Il est facile de changer le format selon les dimensions et la forme du produit.<\/p>\n","protected":false},"excerpt":{"rendered":"<h3>SOUDEUSES EN \u00abL\u00bb SEMI AUTOMATIQUES COMPACTES AVEC TUNNEL DE RETRACTION: POUR PRODUIR PLUS<\/h3>\n<p>Syst\u00e8mes concus pour les usagers qui necessitent un fonctionnement automatique, pendant lequel l\u2019op\u00e9rateur ne doit faire rien d\u2019autre qu\u2019introduire l\u2019objet \u00e0 conditionner dans le film et d\u00e9placer le produit dans la zone de soudure, \u00e9tant donn\u00e9 que tout le reste du cycle ( soudure, \u00e9vacuation du produit, transfert dans le four ) se d\u00e9roule automatiquement. Ideales pour les moyennes et les grandes productions. Il est facile de changer le format selon les dimensions et la forme du produit.<\/p>\n","protected":false},"featured_media":15567,"template":"","meta":{"_acf_changed":false,"_seopress_robots_primary_cat":"","_seopress_titles_title":"ESPERT 5040 EV: Soudeuse en L | ITALDIBIPACK","_seopress_titles_desc":"Soudeuse en L semiautomatique de la s\u00e9rie Espert. Fonctionnalit\u00e9s avanc\u00e9es pour les productions industrielles moyennes.","_seopress_robots_index":"","_eb_attr":"","_gspb_post_css":"","_kad_blocks_custom_css":"","_kad_blocks_head_custom_js":"","_kad_blocks_body_custom_js":"","_kad_blocks_footer_custom_js":"","_eb_data_table":"","_kad_post_transparent":"default","_kad_post_title":"","_kad_post_layout":"default","_kad_post_sidebar_id":"","_kad_post_content_style":"default","_kad_post_vertical_padding":"default","_kad_post_feature":"","_kad_post_feature_position":"","_kad_post_header":false,"_kad_post_footer":false,"_kad_post_classname":""},"product_brand":[],"product_cat":[100,341],"product_tag":[],"settore_applicazione":[],"campo_applicativo":[],"class_list":{"0":"post-1195","1":"product","2":"type-product","3":"status-publish","4":"has-post-thumbnail","6":"product_cat-conditionnement-thermoretractable","7":"product_cat-systemes-semi-automatiques-avec-four-de-retraction","9":"first","10":"instock","11":"taxable","12":"shipping-taxable","13":"product-type-simple","14":"entry","15":"content-bg","16":"loop-entry"},"acf":[],"taxonomy_info":{"product_cat":[{"value":100,"label":"Conditionnement thermor\u00e9tractable"},{"value":341,"label":"Syst\u00e8mes semi automatiques avec four de r\u00e9traction"}]},"featured_image_src_large":["https:\/\/www.italdibipack.com\/wp-content\/uploads\/2024\/02\/ESPERT-5040-EV-macchine-confezionatrici-confezionatrici-con-tunnel-di-retrazione-semi-automatiche-ITALDIBIPACK-griglia-1024x1024.jpg",1024,1024,true],"author_info":[],"comment_info":"","_links":{"self":[{"href":"https:\/\/www.italdibipack.com\/fr\/wp-json\/wp\/v2\/product\/1195","targetHints":{"allow":["GET"]}}],"collection":[{"href":"https:\/\/www.italdibipack.com\/fr\/wp-json\/wp\/v2\/product"}],"about":[{"href":"https:\/\/www.italdibipack.com\/fr\/wp-json\/wp\/v2\/types\/product"}],"wp:featuredmedia":[{"embeddable":true,"href":"https:\/\/www.italdibipack.com\/fr\/wp-json\/wp\/v2\/media\/15567"}],"wp:attachment":[{"href":"https:\/\/www.italdibipack.com\/fr\/wp-json\/wp\/v2\/media?parent=1195"}],"wp:term":[{"taxonomy":"product_brand","embeddable":true,"href":"https:\/\/www.italdibipack.com\/fr\/wp-json\/wp\/v2\/product_brand?post=1195"},{"taxonomy":"product_cat","embeddable":true,"href":"https:\/\/www.italdibipack.com\/fr\/wp-json\/wp\/v2\/product_cat?post=1195"},{"taxonomy":"product_tag","embeddable":true,"href":"https:\/\/www.italdibipack.com\/fr\/wp-json\/wp\/v2\/product_tag?post=1195"},{"taxonomy":"settore_applicazione","embeddable":true,"href":"https:\/\/www.italdibipack.com\/fr\/wp-json\/wp\/v2\/settore_applicazione?post=1195"},{"taxonomy":"campo_applicativo","embeddable":true,"href":"https:\/\/www.italdibipack.com\/fr\/wp-json\/wp\/v2\/campo_applicativo?post=1195"}],"curies":[{"name":"wp","href":"https:\/\/api.w.org\/{rel}","templated":true}]}}