{"id":1196,"date":"2022-06-15T15:13:37","date_gmt":"2022-07-04T15:51:21","guid":{"rendered":"https:\/\/italdibipack.bozzaonline.it\/prodotto\/espert-7555-ev\/"},"modified":"2024-09-20T15:14:53","modified_gmt":"2024-09-20T15:14:53","slug":"espert-7555-ev","status":"publish","type":"product","link":"https:\/\/www.italdibipack.com\/fr\/produit\/espert-7555-ev\/","title":{"rendered":"ESPERT 7555 EV"},"content":{"rendered":"<h3>CONDITIONNEMENT THERMORETRACTABLE SEMIAUTOMATIQUE: SOUDEUSES EN \u00ab\u00a0L\u00a0\u00bb ET TUNNEL DE RETRACTION POUR PRODUITS DE GRAND FORMAT<\/h3>\n<p>Syst\u00e8mes concus pour les usagers qui necessitent un fonctionnement automatique, pendant lequel l\u2019op\u00e9rateur ne doit faire rien d\u2019autre qu\u2019introduire l\u2019objet \u00e0 conditionner dans le film et d\u00e9placer le produit dans la zone de soudure, \u00e9tant donn\u00e9 que tout le reste du cycle ( soudure, \u00e9vacuation du produit, transfert dans le four ) se d\u00e9roule automatiquement. Ideales pour les moyennes et les grandes productiones. Il est facile changer le format selon les dimensions et la forme du produit.<\/p>\n<p>Une alternative \u00e0 les conditionneuses termoretractables \u00e0 tecnologie simplifi\u00e9e pour augmenter la production.<\/p>\n<ul>\n<li>Design innovant<\/li>\n<li>Haute qualit\u00e9 constructive<\/li>\n<li>Grandes performances productives<\/li>\n<li>Cycle de fonctionnement compl\u00e8tement automatique<\/li>\n<li>Fonctionnement pneumatique : la fermeture du cadre de soudure s\u2019effectue \u00e0 travers un cilindre pneumatique, apr\u00e8s laquelle se d\u00e9clanche le tapis de soudure qui \u00e0 son tour transfert directement le produit conditionn\u00e9 \u00e0 l\u2019interieur du four pour la r\u00e9traction.<\/li>\n<li>Abaissement et r\u00e9ouverture des barres de soudure (avec un pedal ou automatiquement), temps de soudure et temps de d\u00e9placement du ruban dans la zone de soudure temporisable<\/li>\n<li>Il est possible r\u00e9gler la hauteur du cadre en fonction du produit.<\/li>\n<li>Deux rubans ind\u00e9pendants, un dans la zone de soudure et l\u2019autre dans le four de r\u00e9traction un syst\u00e8me efficace de s\u00e9curit\u00e9 qui r\u00e9pond aux normes de la CE garantie l\u2019integrit\u00e9 des mains de l\u2019op\u00e9rateur<\/li>\n<li>Le tunnel de r\u00e9traction est int\u00e9gr\u00e9 \u00e0 la structure de la machine, est dot\u00e9 d\u2019un tapis \u00e0 bagettes, avec une vitesse r\u00e9glable gr\u00e2ce \u00e0 un potentiom\u00e8tre analogique plac\u00e9 sur le cadre de commande. Ce m\u00eame four dispose de rideaux de partialisation de l\u2019air pour obtenir une meilleure r\u00e9traction m\u00eame en cas de difficult\u00e9s<\/li>\n<li>Options: convoyeur de retour \u00e0 l\u2019op\u00e9rateur, enrouleur de chutes<\/li>\n<li>La machine travaille avec du PVC (BLUE FILM), film polyol\u00e9fine thermosoudeur \u00e0 chaud et \u00e9ventuellement thermor\u00e9tractable (GREEN FILM \u2013 GOLDEN FILM)<\/li>\n<\/ul>\n<p>Machine con\u00e7ue selon les normes de la CE<\/p>\n","protected":false},"excerpt":{"rendered":"<h3>CONDITIONNEMENT THERMORETRACTABLE SEMIAUTOMATIQUE: SOUDEUSES EN \u00ab\u00a0L\u00a0\u00bb ET TUNNEL DE RETRACTION POUR PRODUITS DE GRAND FORMAT<\/h3>\n<p>Syst\u00e8mes concus pour les usagers qui necessitent un fonctionnement automatique, pendant lequel l\u2019op\u00e9rateur ne doit faire rien d\u2019autre qu\u2019introduire l\u2019objet \u00e0 conditionner dans le film et d\u00e9placer le produit dans la zone de soudure, \u00e9tant donn\u00e9 que tout le reste du cycle ( soudure, \u00e9vacuation du produit, transfert dans le four ) se d\u00e9roule automatiquement. Ideales pour les moyennes et les grandes productiones. Il est facile changer le format selon les dimensions et la forme du produit.<\/p>\n","protected":false},"featured_media":15582,"template":"","meta":{"_acf_changed":false,"_seopress_robots_primary_cat":"","_seopress_titles_title":"ESPERT 7555 EV: Soudeuse Professionnelle | ITALDIBIPACK","_seopress_titles_desc":"L'Espert 7555 EV est la soudeuse en L id\u00e9ale pour ceux qui exigent rapidit\u00e9 et pr\u00e9cision pour divers produits.","_seopress_robots_index":"","_eb_attr":"","_gspb_post_css":"","_kad_blocks_custom_css":"","_kad_blocks_head_custom_js":"","_kad_blocks_body_custom_js":"","_kad_blocks_footer_custom_js":"","_eb_data_table":"","_kad_post_transparent":"default","_kad_post_title":"","_kad_post_layout":"default","_kad_post_sidebar_id":"","_kad_post_content_style":"default","_kad_post_vertical_padding":"default","_kad_post_feature":"","_kad_post_feature_position":"","_kad_post_header":false,"_kad_post_footer":false,"_kad_post_classname":""},"product_brand":[],"product_cat":[100,341],"product_tag":[],"settore_applicazione":[],"campo_applicativo":[],"class_list":{"0":"post-1196","1":"product","2":"type-product","3":"status-publish","4":"has-post-thumbnail","6":"product_cat-conditionnement-thermoretractable","7":"product_cat-systemes-semi-automatiques-avec-four-de-retraction","9":"first","10":"instock","11":"taxable","12":"shipping-taxable","13":"product-type-simple","14":"entry","15":"content-bg","16":"loop-entry"},"acf":[],"taxonomy_info":{"product_cat":[{"value":100,"label":"Conditionnement thermor\u00e9tractable"},{"value":341,"label":"Syst\u00e8mes semi automatiques avec four de r\u00e9traction"}]},"featured_image_src_large":["https:\/\/www.italdibipack.com\/wp-content\/uploads\/2024\/02\/ESPERT-7555-macchine-confezionatrici-confezionatrici-con-tunnel-di-retrazione-semi-automatiche-ITALDIBIPACK-griglia-1024x1024.jpg",1024,1024,true],"author_info":[],"comment_info":"","_links":{"self":[{"href":"https:\/\/www.italdibipack.com\/fr\/wp-json\/wp\/v2\/product\/1196","targetHints":{"allow":["GET"]}}],"collection":[{"href":"https:\/\/www.italdibipack.com\/fr\/wp-json\/wp\/v2\/product"}],"about":[{"href":"https:\/\/www.italdibipack.com\/fr\/wp-json\/wp\/v2\/types\/product"}],"wp:featuredmedia":[{"embeddable":true,"href":"https:\/\/www.italdibipack.com\/fr\/wp-json\/wp\/v2\/media\/15582"}],"wp:attachment":[{"href":"https:\/\/www.italdibipack.com\/fr\/wp-json\/wp\/v2\/media?parent=1196"}],"wp:term":[{"taxonomy":"product_brand","embeddable":true,"href":"https:\/\/www.italdibipack.com\/fr\/wp-json\/wp\/v2\/product_brand?post=1196"},{"taxonomy":"product_cat","embeddable":true,"href":"https:\/\/www.italdibipack.com\/fr\/wp-json\/wp\/v2\/product_cat?post=1196"},{"taxonomy":"product_tag","embeddable":true,"href":"https:\/\/www.italdibipack.com\/fr\/wp-json\/wp\/v2\/product_tag?post=1196"},{"taxonomy":"settore_applicazione","embeddable":true,"href":"https:\/\/www.italdibipack.com\/fr\/wp-json\/wp\/v2\/settore_applicazione?post=1196"},{"taxonomy":"campo_applicativo","embeddable":true,"href":"https:\/\/www.italdibipack.com\/fr\/wp-json\/wp\/v2\/campo_applicativo?post=1196"}],"curies":[{"name":"wp","href":"https:\/\/api.w.org\/{rel}","templated":true}]}}