{"id":1197,"date":"2022-06-15T15:13:37","date_gmt":"2022-07-04T15:51:21","guid":{"rendered":"https:\/\/italdibipack.bozzaonline.it\/prodotto\/espert-11580\/"},"modified":"2024-09-20T15:20:47","modified_gmt":"2024-09-20T15:20:47","slug":"espert-11580","status":"publish","type":"product","link":"https:\/\/www.italdibipack.com\/fr\/produit\/espert-11580\/","title":{"rendered":"ESPERT 11580"},"content":{"rendered":"","protected":false},"excerpt":{"rendered":"<h3>CONDITIONNEMENT THERMORETRACTABLE SEMIAUTOMATIQUE POUR DES EXIGENCES EXTRA-LARGES<\/h3>\n<p>Syst\u00e8me concu pour les usagers necessiteux d\u2019un fonctionnement automatique durant lequel l\u2019op\u00e9rateur ne doit faire rien d\u2019autre qu\u2019introduire l\u2019objet \u00e0 confectionner dans le film et d\u00e9placer le produit dans la zone de soudure, \u00e9tant donn\u00e9 que tout le reste du cycle (soudure, \u00e9vacuation du produit, transfert dans le four) se d\u00e9roule automatiquement.<\/p>\n","protected":false},"featured_media":15597,"template":"","meta":{"_acf_changed":false,"_seopress_robots_primary_cat":"","_seopress_titles_title":"ESPERT 11580: Soudeuse Format XL | ITALDIBIPACK","_seopress_titles_desc":"Polyvalence maximale pour l'emballage de produits volumineux avec la s\u00e9rie Espert 11580. Haute efficacit\u00e9.","_seopress_robots_index":"","_eb_attr":"","_gspb_post_css":"","_kad_blocks_custom_css":"","_kad_blocks_head_custom_js":"","_kad_blocks_body_custom_js":"","_kad_blocks_footer_custom_js":"","_eb_data_table":"","_kad_post_transparent":"default","_kad_post_title":"","_kad_post_layout":"default","_kad_post_sidebar_id":"","_kad_post_content_style":"default","_kad_post_vertical_padding":"default","_kad_post_feature":"","_kad_post_feature_position":"","_kad_post_header":false,"_kad_post_footer":false,"_kad_post_classname":""},"product_brand":[],"product_cat":[100,341],"product_tag":[],"settore_applicazione":[],"campo_applicativo":[],"class_list":{"0":"post-1197","1":"product","2":"type-product","3":"status-publish","4":"has-post-thumbnail","6":"product_cat-conditionnement-thermoretractable","7":"product_cat-systemes-semi-automatiques-avec-four-de-retraction","9":"first","10":"instock","11":"taxable","12":"shipping-taxable","13":"product-type-simple","14":"entry","15":"content-bg","16":"loop-entry"},"acf":[],"taxonomy_info":{"product_cat":[{"value":100,"label":"Conditionnement thermor\u00e9tractable"},{"value":341,"label":"Syst\u00e8mes semi automatiques avec four de r\u00e9traction"}]},"featured_image_src_large":["https:\/\/www.italdibipack.com\/wp-content\/uploads\/2024\/02\/ESPERT-11580-macchine-confezionatrici-confezionatrici-con-tunnel-di-retrazione-semi-automatiche-ITALDIBIPACK-griglia-1024x1024.jpg",1024,1024,true],"author_info":[],"comment_info":"","_links":{"self":[{"href":"https:\/\/www.italdibipack.com\/fr\/wp-json\/wp\/v2\/product\/1197","targetHints":{"allow":["GET"]}}],"collection":[{"href":"https:\/\/www.italdibipack.com\/fr\/wp-json\/wp\/v2\/product"}],"about":[{"href":"https:\/\/www.italdibipack.com\/fr\/wp-json\/wp\/v2\/types\/product"}],"wp:featuredmedia":[{"embeddable":true,"href":"https:\/\/www.italdibipack.com\/fr\/wp-json\/wp\/v2\/media\/15597"}],"wp:attachment":[{"href":"https:\/\/www.italdibipack.com\/fr\/wp-json\/wp\/v2\/media?parent=1197"}],"wp:term":[{"taxonomy":"product_brand","embeddable":true,"href":"https:\/\/www.italdibipack.com\/fr\/wp-json\/wp\/v2\/product_brand?post=1197"},{"taxonomy":"product_cat","embeddable":true,"href":"https:\/\/www.italdibipack.com\/fr\/wp-json\/wp\/v2\/product_cat?post=1197"},{"taxonomy":"product_tag","embeddable":true,"href":"https:\/\/www.italdibipack.com\/fr\/wp-json\/wp\/v2\/product_tag?post=1197"},{"taxonomy":"settore_applicazione","embeddable":true,"href":"https:\/\/www.italdibipack.com\/fr\/wp-json\/wp\/v2\/settore_applicazione?post=1197"},{"taxonomy":"campo_applicativo","embeddable":true,"href":"https:\/\/www.italdibipack.com\/fr\/wp-json\/wp\/v2\/campo_applicativo?post=1197"}],"curies":[{"name":"wp","href":"https:\/\/api.w.org\/{rel}","templated":true}]}}