{"id":1198,"date":"2022-06-15T15:13:37","date_gmt":"2022-07-04T15:51:21","guid":{"rendered":"https:\/\/italdibipack.bozzaonline.it\/prodotto\/mecpack-five-star\/"},"modified":"2025-10-24T08:10:20","modified_gmt":"2025-10-24T08:10:20","slug":"mecpack-five-star","status":"publish","type":"product","link":"https:\/\/www.italdibipack.com\/fr\/produit\/mecpack-five-star\/","title":{"rendered":"MECPACK FIVE STARS"},"content":{"rendered":"","protected":false},"excerpt":{"rendered":"<p>LA LIGNE DE CONDITIONNEMENT THERMORETRACTABLE COMPLETEMENT AUTOMATIQUE DE TRES HAUT NIVEAU TECHNOLOGIQUE.<\/p>\n<p>La nouvelle MECPACK FIVE STARS TOUCH est le r\u00e9sultat de 50 ans d\u2019exp\u00e9riences productives et applicatives du groupe Italdibipack concernant les soudeuses en L automatiques.<br \/>\nUn design moderne, technologie \u00e0 l\u2019avant-garde, une certaine attention sur les minimes details; extr\u00eamement facile \u00e0 utiliser et fonctionne parfaitement. Accompagn\u00e9e par un four de r\u00e9traction 5525 EV dot\u00e9 d\u2019un convoyeur aux rouleaux en fibre sp\u00e9ciale est la confirmation que c\u2019est une ligne de conditionnement compacte et efficace. <strong>Avec la possibilit\u00e9 d\u2019installer des modules de connection en ligne pour la maintenance et le\u00a0 Contr\u00f4le de la gestion productive industrielle 4.0<\/strong><\/p>\n","protected":false},"featured_media":16292,"template":"","meta":{"_acf_changed":false,"_seopress_robots_primary_cat":"none","_seopress_titles_title":"MECPACK FIVE STARS: Ligne Automatique | ITALDIBIPACK","_seopress_titles_desc":"Soudeuse en L enti\u00e8rement automatique pour des performances de production maximales. Fiabilit\u00e9 et innovation.","_seopress_robots_index":"","_eb_attr":"","_gspb_post_css":"","_kad_blocks_custom_css":"","_kad_blocks_head_custom_js":"","_kad_blocks_body_custom_js":"","_kad_blocks_footer_custom_js":"","_eb_data_table":"","_kad_post_transparent":"default","_kad_post_title":"","_kad_post_layout":"default","_kad_post_sidebar_id":"","_kad_post_content_style":"default","_kad_post_vertical_padding":"default","_kad_post_feature":"","_kad_post_feature_position":"","_kad_post_header":false,"_kad_post_footer":false,"_kad_post_classname":""},"product_brand":[],"product_cat":[100,340],"product_tag":[],"settore_applicazione":[],"campo_applicativo":[],"class_list":{"0":"post-1198","1":"product","2":"type-product","3":"status-publish","4":"has-post-thumbnail","6":"product_cat-conditionnement-thermoretractable","7":"product_cat-systemes-automatiques-avec-four-de-retraction","9":"first","10":"instock","11":"taxable","12":"shipping-taxable","13":"product-type-simple","14":"entry","15":"content-bg","16":"loop-entry"},"acf":[],"taxonomy_info":{"product_cat":[{"value":100,"label":"Conditionnement thermor\u00e9tractable"},{"value":340,"label":"Syst\u00e8mes automatiques avec four de r\u00e9traction"}]},"featured_image_src_large":["https:\/\/www.italdibipack.com\/wp-content\/uploads\/2024\/02\/MECPACK-FIVE-STARS-TOUCH-macchine-confezionatrici-confezionatrici-angolari-a-L-ITALDIBIPACK-griglia-1024x1024.jpg",1024,1024,true],"author_info":[],"comment_info":"","_links":{"self":[{"href":"https:\/\/www.italdibipack.com\/fr\/wp-json\/wp\/v2\/product\/1198","targetHints":{"allow":["GET"]}}],"collection":[{"href":"https:\/\/www.italdibipack.com\/fr\/wp-json\/wp\/v2\/product"}],"about":[{"href":"https:\/\/www.italdibipack.com\/fr\/wp-json\/wp\/v2\/types\/product"}],"wp:featuredmedia":[{"embeddable":true,"href":"https:\/\/www.italdibipack.com\/fr\/wp-json\/wp\/v2\/media\/16292"}],"wp:attachment":[{"href":"https:\/\/www.italdibipack.com\/fr\/wp-json\/wp\/v2\/media?parent=1198"}],"wp:term":[{"taxonomy":"product_brand","embeddable":true,"href":"https:\/\/www.italdibipack.com\/fr\/wp-json\/wp\/v2\/product_brand?post=1198"},{"taxonomy":"product_cat","embeddable":true,"href":"https:\/\/www.italdibipack.com\/fr\/wp-json\/wp\/v2\/product_cat?post=1198"},{"taxonomy":"product_tag","embeddable":true,"href":"https:\/\/www.italdibipack.com\/fr\/wp-json\/wp\/v2\/product_tag?post=1198"},{"taxonomy":"settore_applicazione","embeddable":true,"href":"https:\/\/www.italdibipack.com\/fr\/wp-json\/wp\/v2\/settore_applicazione?post=1198"},{"taxonomy":"campo_applicativo","embeddable":true,"href":"https:\/\/www.italdibipack.com\/fr\/wp-json\/wp\/v2\/campo_applicativo?post=1198"}],"curies":[{"name":"wp","href":"https:\/\/api.w.org\/{rel}","templated":true}]}}